{"id":1765,"date":"2019-09-20T18:23:32","date_gmt":"2019-09-20T16:23:32","guid":{"rendered":"https:\/\/enequip.es\/qui-som\/valors\/"},"modified":"2020-09-11T08:51:03","modified_gmt":"2020-09-11T06:51:03","slug":"valores","status":"publish","type":"page","link":"https:\/\/enequip.es\/es\/quienes-somos\/valores\/","title":{"rendered":"Valores"},"content":{"rendered":"<div class=\"wpb-content-wrapper\"><p>[vc_row full_width=&#8221;stretch_row&#8221; css=&#8221;.vc_custom_1573150152780{padding-top: 50px !important;padding-bottom: 100px !important;background-image: url(https:\/\/enequip.es\/wp-content\/uploads\/2019\/11\/enEquip-fons-qui-som.png?id=1264) !important;background-position: center !important;background-repeat: no-repeat !important;background-size: cover !important;}&#8221;][vc_column]<div class=\"text-block\" ><div class=\"simple-text\"><h4 style=\"text-align: center;\"><span style=\"color: #ffffff;\">Qui\u00e9nes somos<\/span><\/h4>\n<\/div><\/div><div class=\"text-block\" ><div class=\"simple-text\"><h1 style=\"text-align: center;\"><span style=\"color: #ffffff;\">Valores<\/span><\/h1>\n<\/div><\/div>[\/vc_column][\/vc_row][vc_row full_width=&#8221;stretch_row&#8221; full_height=&#8221;yes&#8221; equal_height=&#8221;yes&#8221; content_placement=&#8221;middle&#8221; css=&#8221;.vc_custom_1569604635748{padding-top: 35px !important;padding-bottom: 25px !important;}&#8221;][vc_column width=&#8221;2\/3&#8243;]<div  class=\"simple-img\" align=\"right\"><img loading=\"lazy\" decoding=\"async\" class=\"img-responwsive\" src=\"https:\/\/enequip.es\/wp-content\/uploads\/2020\/09\/enEquip-gestio-escoletes-1.jpg\" height=\"440\" width=\"392\" alt=\"\"><div class=\"simple-img-desc\"><\/div><\/div>[\/vc_column][vc_column width=&#8221;1\/3&#8243;]<div class=\"text-block\" ><div class=\"simple-text\"><h3><span style=\"color: #8b8c8c;\">Gestionamos proyectos para mejorar la vida de las personas y el entorno de los edificios<\/span><\/h3>\n<\/div><\/div><div  class=\"empty-space  marg-lg-b30\"><\/div><div class=\"text-block\" ><div class=\"simple-text\"><p>Son valores de <span style=\"color: #8b8c8c;\"><strong>enEquip<\/strong><\/span>:<\/p>\n<ul>\n<li><span style=\"color: #8b8c8c;\"><strong>El eje en las personas,<\/strong><\/span> tanto las que son parte de la organizaci\u00f3n como las usuarias de los servicios.<\/li>\n<li><span style=\"color: #8b8c8c;\"><strong>El compromiso con la sociedad <\/strong><\/span>y, especialmente, con el entorno m\u00e1s inmediato.<\/li>\n<li><span style=\"color: #8b8c8c;\"><strong>La integridad social,<\/strong><\/span> en t\u00e9rminos de transparencia en la gesti\u00f3n y buenas pr\u00e1cticas.<\/li>\n<li><span style=\"color: #8b8c8c;\"><strong>La calidad<\/strong><\/span> en la organizaci\u00f3n y la prestaci\u00f3n de los servicios.<\/li>\n<\/ul>\n<\/div><\/div><div  class=\"empty-space  marg-lg-b30\"><\/div>[\/vc_column][\/vc_row]<\/p>\n<\/div>","protected":false},"excerpt":{"rendered":"<p>[vc_row full_width=&#8221;stretch_row&#8221; css=&#8221;.vc_custom_1573150152780{padding-top: 50px !important;padding-bottom: 100px !important;background-image: url(https:\/\/enequip.es\/wp-content\/uploads\/2019\/11\/enEquip-fons-qui-som.png?id=1264) !important;background-position: center !important;background-repeat: no-repeat !important;background-size: cover !important;}&#8221;][vc_column][\/vc_column][\/vc_row][vc_row full_width=&#8221;stretch_row&#8221; full_height=&#8221;yes&#8221; equal_height=&#8221;yes&#8221; content_placement=&#8221;middle&#8221; css=&#8221;.vc_custom_1569604635748{padding-top: 35px !important;padding-bottom: 25px !important;}&#8221;][vc_column width=&#8221;2\/3&#8243;][\/vc_column][vc_column width=&#8221;1\/3&#8243;][\/vc_column][\/vc_row]<\/p>\n","protected":false},"author":1,"featured_media":0,"parent":1763,"menu_order":0,"comment_status":"closed","ping_status":"closed","template":"","meta":{"footnotes":""},"class_list":["post-1765","page","type-page","status-publish","hentry"],"yoast_head":"<!-- This site is optimized with the Yoast SEO plugin v27.4 - https:\/\/yoast.com\/product\/yoast-seo-wordpress\/ -->\n<title>Valores - enEquip, serveis integrals a persones i a edificis | Illes Balears<\/title>\n<meta name=\"robots\" content=\"index, follow, max-snippet:-1, max-image-preview:large, max-video-preview:-1\" \/>\n<link rel=\"canonical\" href=\"https:\/\/enequip.es\/es\/quienes-somos\/valores\/\" \/>\n<meta property=\"og:locale\" content=\"es_ES\" \/>\n<meta property=\"og:type\" content=\"article\" \/>\n<meta property=\"og:title\" content=\"Valores - enEquip, serveis integrals a persones i a edificis | Illes Balears\" \/>\n<meta property=\"og:description\" content=\"[vc_row full_width=&#8221;stretch_row&#8221; css=&#8221;.vc_custom_1573150152780{padding-top: 50px !important;padding-bottom: 100px !important;background-image: url(https:\/\/enequip.es\/wp-content\/uploads\/2019\/11\/enEquip-fons-qui-som.png?id=1264) !important;background-position: center !important;background-repeat: no-repeat !important;background-size: cover !important;}&#8221;][vc_column][\/vc_column][\/vc_row][vc_row full_width=&#8221;stretch_row&#8221; full_height=&#8221;yes&#8221; equal_height=&#8221;yes&#8221; content_placement=&#8221;middle&#8221; css=&#8221;.vc_custom_1569604635748{padding-top: 35px !important;padding-bottom: 25px !important;}&#8221;][vc_column width=&#8221;2\/3&#8243;][\/vc_column][vc_column width=&#8221;1\/3&#8243;][\/vc_column][\/vc_row]\" \/>\n<meta property=\"og:url\" content=\"https:\/\/enequip.es\/es\/quienes-somos\/valores\/\" \/>\n<meta property=\"og:site_name\" content=\"enEquip, serveis integrals a persones i a edificis | Illes Balears\" \/>\n<meta property=\"article:modified_time\" content=\"2020-09-11T06:51:03+00:00\" \/>\n<meta name=\"twitter:card\" content=\"summary_large_image\" \/>\n<meta name=\"twitter:label1\" content=\"Tiempo de lectura\" \/>\n\t<meta name=\"twitter:data1\" content=\"1 minuto\" \/>\n<script type=\"application\/ld+json\" class=\"yoast-schema-graph\">{\"@context\":\"https:\\\/\\\/schema.org\",\"@graph\":[{\"@type\":\"WebPage\",\"@id\":\"https:\\\/\\\/enequip.es\\\/es\\\/quienes-somos\\\/valores\\\/\",\"url\":\"https:\\\/\\\/enequip.es\\\/es\\\/quienes-somos\\\/valores\\\/\",\"name\":\"Valores - enEquip, serveis integrals a persones i a edificis | Illes Balears\",\"isPartOf\":{\"@id\":\"https:\\\/\\\/enequip.es\\\/es\\\/#website\"},\"datePublished\":\"2019-09-20T16:23:32+00:00\",\"dateModified\":\"2020-09-11T06:51:03+00:00\",\"breadcrumb\":{\"@id\":\"https:\\\/\\\/enequip.es\\\/es\\\/quienes-somos\\\/valores\\\/#breadcrumb\"},\"inLanguage\":\"es\",\"potentialAction\":[{\"@type\":\"ReadAction\",\"target\":[\"https:\\\/\\\/enequip.es\\\/es\\\/quienes-somos\\\/valores\\\/\"]}]},{\"@type\":\"BreadcrumbList\",\"@id\":\"https:\\\/\\\/enequip.es\\\/es\\\/quienes-somos\\\/valores\\\/#breadcrumb\",\"itemListElement\":[{\"@type\":\"ListItem\",\"position\":1,\"name\":\"Home\",\"item\":\"https:\\\/\\\/enequip.es\\\/es\\\/\"},{\"@type\":\"ListItem\",\"position\":2,\"name\":\"Qui\u00e9nes somos\",\"item\":\"https:\\\/\\\/enequip.es\\\/es\\\/quienes-somos\\\/\"},{\"@type\":\"ListItem\",\"position\":3,\"name\":\"Valores\"}]},{\"@type\":\"WebSite\",\"@id\":\"https:\\\/\\\/enequip.es\\\/es\\\/#website\",\"url\":\"https:\\\/\\\/enequip.es\\\/es\\\/\",\"name\":\"enEquip, serveis integrals a persones i a edificis | Illes Balears\",\"description\":\"Gestionam projectes per a millorar la vida de les persones i l&#039;entorn dels edifcis. Serveis socials i t\u00e8cnics a les Balears.\",\"publisher\":{\"@id\":\"https:\\\/\\\/enequip.es\\\/es\\\/#organization\"},\"potentialAction\":[{\"@type\":\"SearchAction\",\"target\":{\"@type\":\"EntryPoint\",\"urlTemplate\":\"https:\\\/\\\/enequip.es\\\/es\\\/?s={search_term_string}\"},\"query-input\":{\"@type\":\"PropertyValueSpecification\",\"valueRequired\":true,\"valueName\":\"search_term_string\"}}],\"inLanguage\":\"es\"},{\"@type\":\"Organization\",\"@id\":\"https:\\\/\\\/enequip.es\\\/es\\\/#organization\",\"name\":\"enEquip, serveis integrats a persones i a edificis\",\"url\":\"https:\\\/\\\/enequip.es\\\/es\\\/\",\"logo\":{\"@type\":\"ImageObject\",\"inLanguage\":\"es\",\"@id\":\"https:\\\/\\\/enequip.es\\\/es\\\/#\\\/schema\\\/logo\\\/image\\\/\",\"url\":\"https:\\\/\\\/enequip.es\\\/wp-content\\\/uploads\\\/2019\\\/06\\\/logo_enequip_negre.png\",\"contentUrl\":\"https:\\\/\\\/enequip.es\\\/wp-content\\\/uploads\\\/2019\\\/06\\\/logo_enequip_negre.png\",\"width\":236,\"height\":46,\"caption\":\"enEquip, serveis integrats a persones i a edificis\"},\"image\":{\"@id\":\"https:\\\/\\\/enequip.es\\\/es\\\/#\\\/schema\\\/logo\\\/image\\\/\"},\"sameAs\":[\"https:\\\/\\\/www.linkedin.com\\\/company\\\/enequip\\\/\"]}]}<\/script>\n<!-- \/ Yoast SEO plugin. -->","yoast_head_json":{"title":"Valores - enEquip, serveis integrals a persones i a edificis | Illes Balears","robots":{"index":"index","follow":"follow","max-snippet":"max-snippet:-1","max-image-preview":"max-image-preview:large","max-video-preview":"max-video-preview:-1"},"canonical":"https:\/\/enequip.es\/es\/quienes-somos\/valores\/","og_locale":"es_ES","og_type":"article","og_title":"Valores - enEquip, serveis integrals a persones i a edificis | Illes Balears","og_description":"[vc_row full_width=&#8221;stretch_row&#8221; css=&#8221;.vc_custom_1573150152780{padding-top: 50px !important;padding-bottom: 100px !important;background-image: url(https:\/\/enequip.es\/wp-content\/uploads\/2019\/11\/enEquip-fons-qui-som.png?id=1264) !important;background-position: center !important;background-repeat: no-repeat !important;background-size: cover !important;}&#8221;][vc_column][\/vc_column][\/vc_row][vc_row full_width=&#8221;stretch_row&#8221; full_height=&#8221;yes&#8221; equal_height=&#8221;yes&#8221; content_placement=&#8221;middle&#8221; css=&#8221;.vc_custom_1569604635748{padding-top: 35px !important;padding-bottom: 25px !important;}&#8221;][vc_column width=&#8221;2\/3&#8243;][\/vc_column][vc_column width=&#8221;1\/3&#8243;][\/vc_column][\/vc_row]","og_url":"https:\/\/enequip.es\/es\/quienes-somos\/valores\/","og_site_name":"enEquip, serveis integrals a persones i a edificis | Illes Balears","article_modified_time":"2020-09-11T06:51:03+00:00","twitter_card":"summary_large_image","twitter_misc":{"Tiempo de lectura":"1 minuto"},"schema":{"@context":"https:\/\/schema.org","@graph":[{"@type":"WebPage","@id":"https:\/\/enequip.es\/es\/quienes-somos\/valores\/","url":"https:\/\/enequip.es\/es\/quienes-somos\/valores\/","name":"Valores - enEquip, serveis integrals a persones i a edificis | Illes Balears","isPartOf":{"@id":"https:\/\/enequip.es\/es\/#website"},"datePublished":"2019-09-20T16:23:32+00:00","dateModified":"2020-09-11T06:51:03+00:00","breadcrumb":{"@id":"https:\/\/enequip.es\/es\/quienes-somos\/valores\/#breadcrumb"},"inLanguage":"es","potentialAction":[{"@type":"ReadAction","target":["https:\/\/enequip.es\/es\/quienes-somos\/valores\/"]}]},{"@type":"BreadcrumbList","@id":"https:\/\/enequip.es\/es\/quienes-somos\/valores\/#breadcrumb","itemListElement":[{"@type":"ListItem","position":1,"name":"Home","item":"https:\/\/enequip.es\/es\/"},{"@type":"ListItem","position":2,"name":"Qui\u00e9nes somos","item":"https:\/\/enequip.es\/es\/quienes-somos\/"},{"@type":"ListItem","position":3,"name":"Valores"}]},{"@type":"WebSite","@id":"https:\/\/enequip.es\/es\/#website","url":"https:\/\/enequip.es\/es\/","name":"enEquip, serveis integrals a persones i a edificis | Illes Balears","description":"Gestionam projectes per a millorar la vida de les persones i l&#039;entorn dels edifcis. Serveis socials i t\u00e8cnics a les Balears.","publisher":{"@id":"https:\/\/enequip.es\/es\/#organization"},"potentialAction":[{"@type":"SearchAction","target":{"@type":"EntryPoint","urlTemplate":"https:\/\/enequip.es\/es\/?s={search_term_string}"},"query-input":{"@type":"PropertyValueSpecification","valueRequired":true,"valueName":"search_term_string"}}],"inLanguage":"es"},{"@type":"Organization","@id":"https:\/\/enequip.es\/es\/#organization","name":"enEquip, serveis integrats a persones i a edificis","url":"https:\/\/enequip.es\/es\/","logo":{"@type":"ImageObject","inLanguage":"es","@id":"https:\/\/enequip.es\/es\/#\/schema\/logo\/image\/","url":"https:\/\/enequip.es\/wp-content\/uploads\/2019\/06\/logo_enequip_negre.png","contentUrl":"https:\/\/enequip.es\/wp-content\/uploads\/2019\/06\/logo_enequip_negre.png","width":236,"height":46,"caption":"enEquip, serveis integrats a persones i a edificis"},"image":{"@id":"https:\/\/enequip.es\/es\/#\/schema\/logo\/image\/"},"sameAs":["https:\/\/www.linkedin.com\/company\/enequip\/"]}]}},"_links":{"self":[{"href":"https:\/\/enequip.es\/es\/wp-json\/wp\/v2\/pages\/1765","targetHints":{"allow":["GET"]}}],"collection":[{"href":"https:\/\/enequip.es\/es\/wp-json\/wp\/v2\/pages"}],"about":[{"href":"https:\/\/enequip.es\/es\/wp-json\/wp\/v2\/types\/page"}],"author":[{"embeddable":true,"href":"https:\/\/enequip.es\/es\/wp-json\/wp\/v2\/users\/1"}],"replies":[{"embeddable":true,"href":"https:\/\/enequip.es\/es\/wp-json\/wp\/v2\/comments?post=1765"}],"version-history":[{"count":6,"href":"https:\/\/enequip.es\/es\/wp-json\/wp\/v2\/pages\/1765\/revisions"}],"predecessor-version":[{"id":2336,"href":"https:\/\/enequip.es\/es\/wp-json\/wp\/v2\/pages\/1765\/revisions\/2336"}],"up":[{"embeddable":true,"href":"https:\/\/enequip.es\/es\/wp-json\/wp\/v2\/pages\/1763"}],"wp:attachment":[{"href":"https:\/\/enequip.es\/es\/wp-json\/wp\/v2\/media?parent=1765"}],"curies":[{"name":"wp","href":"https:\/\/api.w.org\/{rel}","templated":true}]}}