{"id":1792,"date":"2019-09-21T09:12:04","date_gmt":"2019-09-21T07:12:04","guid":{"rendered":"https:\/\/enequip.es\/quienes-somos\/prevencio-i-seguretat\/"},"modified":"2024-03-16T10:22:11","modified_gmt":"2024-03-16T09:22:11","slug":"prevencion-y-seguridad","status":"publish","type":"page","link":"https:\/\/enequip.es\/es\/quienes-somos\/prevencion-y-seguridad\/","title":{"rendered":"Prevenci\u00f3n y Seguridad"},"content":{"rendered":"<div class=\"wpb-content-wrapper\"><p>[vc_row full_width=&#8221;stretch_row&#8221; css=&#8221;.vc_custom_1573151899817{padding-top: 50px !important;padding-bottom: 100px !important;background-image: url(https:\/\/enequip.es\/wp-content\/uploads\/2019\/11\/enEquip-fons-qui-som.png?id=1264) !important;background-position: center !important;background-repeat: no-repeat !important;background-size: cover !important;}&#8221;][vc_column]<div class=\"text-block\" ><div class=\"simple-text\"><h4 style=\"text-align: center;\"><span style=\"color: #ffffff;\">Qui\u00e9nes somos<\/span><\/h4>\n<\/div><\/div><div class=\"text-block\" ><div class=\"simple-text\"><h1 style=\"text-align: center;\"><span style=\"color: #ffffff;\">Prevenci\u00f3n y Seguridad<\/span><\/h1>\n<\/div><\/div>[\/vc_column][\/vc_row][vc_row full_height=&#8221;yes&#8221; equal_height=&#8221;yes&#8221; content_placement=&#8221;middle&#8221;][vc_column width=&#8221;2\/3&#8243;]<div  class=\"simple-img\" align=\"right\"><img loading=\"lazy\" decoding=\"async\" class=\"img-responwsive\" src=\"https:\/\/enequip.es\/wp-content\/uploads\/2020\/09\/Seguretat-i-prevencio.jpg\" height=\"440\" width=\"392\" alt=\"\"><div class=\"simple-img-desc\"><\/div><\/div>[\/vc_column][vc_column width=&#8221;1\/3&#8243;]<div class=\"text-block\" ><div class=\"simple-text\"><h3><span style=\"color: #8b8c8c;\">Las personas, en el centro del proyecto<\/span><\/h3>\n<\/div><\/div><div  class=\"empty-space  marg-lg-b30\"><\/div><div class=\"text-block\" ><div class=\"simple-text\"><p>Nuestro compromiso con la prevenci\u00f3n de riesgos laborales (PRL) va m\u00e1s all\u00e1 de la exigida legalmente. Nace desde el convencimiento de <span style=\"color: #8b8c8c;\"><strong>poner a las personas en el centro del proyecto<\/strong><\/span> y garantizar su seguridad.<\/p>\n<p>Velamos por una correcta detecci\u00f3n y evaluaci\u00f3n de los riesgos de cada puesto de trabajo, incluidos los que se pueden producir durante el desarrollo del trabajo en \u00e1mbitos domiciliarios; por la formaci\u00f3n continuada de los trabajadores y trabajadoras en esta materia; por la adopci\u00f3n de medidas de prevenci\u00f3n efectivas; y por el seguimiento de las condiciones en que se desarrollan los servicios, dando la importancia que se merecen las condiciones ergon\u00f3micas y los aspectos psicosociales del entorno de trabajo.<\/p>\n<p><a href=\"https:\/\/enequip.es\/wp-content\/uploads\/2021\/04\/AR-2484-Enequip-Serveis-Integrals.pdf\" target=\"_blank\" rel=\"noopener\"><img loading=\"lazy\" decoding=\"async\" class=\"alignnone size-full wp-image-2109\" src=\"https:\/\/enequip.es\/wp-content\/uploads\/2020\/09\/pdficon.png\" alt=\"\" width=\"38\" height=\"50\" \/> Certificado de empresa auditada R.D 39\/1997<\/a><\/p>\n<p><a href=\"https:\/\/enequip.es\/wp-content\/uploads\/2024\/03\/ISO-45001-SPRL-039-15-2006-Enequip-Seg.-2023.pdf\" target=\"_blank\" rel=\"noopener noreferrer\" data-wp-editing=\"1\"><img loading=\"lazy\" decoding=\"async\" class=\"alignnone size-full wp-image-2109\" src=\"https:\/\/enequip.es\/wp-content\/uploads\/2020\/09\/pdficon.png\" alt=\"\" width=\"38\" height=\"50\" \/> Certificaci\u00f3n ISO 45001<\/a><\/p>\n<\/div><\/div><div  class=\"empty-space  marg-lg-b30\"><\/div><div class=\"text-block\" ><div class=\"simple-text\"><p><iframe width=\"560\" height=\"315\" frameborder=\"0\" allowfullscreen=\"allowfullscreen\" data-cookieblock-src=\"https:\/\/www.youtube.com\/embed\/cX91RFDnNWw\" data-cookieconsent=\"marketing\"><\/iframe><\/p>\n<\/div><\/div>[\/vc_column][\/vc_row]<\/p>\n<\/div>","protected":false},"excerpt":{"rendered":"<p>[vc_row full_width=&#8221;stretch_row&#8221; css=&#8221;.vc_custom_1573151899817{padding-top: 50px !important;padding-bottom: 100px !important;background-image: url(https:\/\/enequip.es\/wp-content\/uploads\/2019\/11\/enEquip-fons-qui-som.png?id=1264) !important;background-position: center !important;background-repeat: no-repeat !important;background-size: cover !important;}&#8221;][vc_column][\/vc_column][\/vc_row][vc_row full_height=&#8221;yes&#8221; equal_height=&#8221;yes&#8221; content_placement=&#8221;middle&#8221;][vc_column width=&#8221;2\/3&#8243;][\/vc_column][vc_column width=&#8221;1\/3&#8243;][\/vc_column][\/vc_row]<\/p>\n","protected":false},"author":1,"featured_media":0,"parent":1763,"menu_order":0,"comment_status":"closed","ping_status":"closed","template":"","meta":{"footnotes":""},"class_list":["post-1792","page","type-page","status-publish","hentry"],"yoast_head":"<!-- This site is optimized with the Yoast SEO plugin v27.4 - https:\/\/yoast.com\/product\/yoast-seo-wordpress\/ -->\n<title>Prevenci\u00f3n y Seguridad - enEquip, serveis integrals a persones i a edificis | Illes Balears<\/title>\n<meta name=\"robots\" content=\"index, follow, max-snippet:-1, max-image-preview:large, max-video-preview:-1\" \/>\n<link rel=\"canonical\" href=\"https:\/\/enequip.es\/es\/quienes-somos\/prevencion-y-seguridad\/\" \/>\n<meta property=\"og:locale\" content=\"es_ES\" \/>\n<meta property=\"og:type\" content=\"article\" \/>\n<meta property=\"og:title\" content=\"Prevenci\u00f3n y Seguridad - enEquip, serveis integrals a persones i a edificis | Illes Balears\" \/>\n<meta property=\"og:description\" content=\"[vc_row full_width=&#8221;stretch_row&#8221; css=&#8221;.vc_custom_1573151899817{padding-top: 50px !important;padding-bottom: 100px !important;background-image: url(https:\/\/enequip.es\/wp-content\/uploads\/2019\/11\/enEquip-fons-qui-som.png?id=1264) !important;background-position: center !important;background-repeat: no-repeat !important;background-size: cover !important;}&#8221;][vc_column][\/vc_column][\/vc_row][vc_row full_height=&#8221;yes&#8221; equal_height=&#8221;yes&#8221; content_placement=&#8221;middle&#8221;][vc_column width=&#8221;2\/3&#8243;][\/vc_column][vc_column width=&#8221;1\/3&#8243;][\/vc_column][\/vc_row]\" \/>\n<meta property=\"og:url\" content=\"https:\/\/enequip.es\/es\/quienes-somos\/prevencion-y-seguridad\/\" \/>\n<meta property=\"og:site_name\" content=\"enEquip, serveis integrals a persones i a edificis | Illes Balears\" \/>\n<meta property=\"article:modified_time\" content=\"2024-03-16T09:22:11+00:00\" \/>\n<meta property=\"og:image\" content=\"https:\/\/enequip.es\/wp-content\/uploads\/2020\/09\/pdficon.png\" \/>\n<meta name=\"twitter:card\" content=\"summary_large_image\" \/>\n<meta name=\"twitter:label1\" content=\"Tiempo de lectura\" \/>\n\t<meta name=\"twitter:data1\" content=\"2 minutos\" \/>\n<script type=\"application\/ld+json\" class=\"yoast-schema-graph\">{\"@context\":\"https:\\\/\\\/schema.org\",\"@graph\":[{\"@type\":\"WebPage\",\"@id\":\"https:\\\/\\\/enequip.es\\\/es\\\/quienes-somos\\\/prevencion-y-seguridad\\\/\",\"url\":\"https:\\\/\\\/enequip.es\\\/es\\\/quienes-somos\\\/prevencion-y-seguridad\\\/\",\"name\":\"Prevenci\u00f3n y Seguridad - enEquip, serveis integrals a persones i a edificis | Illes Balears\",\"isPartOf\":{\"@id\":\"https:\\\/\\\/enequip.es\\\/es\\\/#website\"},\"primaryImageOfPage\":{\"@id\":\"https:\\\/\\\/enequip.es\\\/es\\\/quienes-somos\\\/prevencion-y-seguridad\\\/#primaryimage\"},\"image\":{\"@id\":\"https:\\\/\\\/enequip.es\\\/es\\\/quienes-somos\\\/prevencion-y-seguridad\\\/#primaryimage\"},\"thumbnailUrl\":\"https:\\\/\\\/enequip.es\\\/wp-content\\\/uploads\\\/2020\\\/09\\\/pdficon.png\",\"datePublished\":\"2019-09-21T07:12:04+00:00\",\"dateModified\":\"2024-03-16T09:22:11+00:00\",\"breadcrumb\":{\"@id\":\"https:\\\/\\\/enequip.es\\\/es\\\/quienes-somos\\\/prevencion-y-seguridad\\\/#breadcrumb\"},\"inLanguage\":\"es\",\"potentialAction\":[{\"@type\":\"ReadAction\",\"target\":[\"https:\\\/\\\/enequip.es\\\/es\\\/quienes-somos\\\/prevencion-y-seguridad\\\/\"]}]},{\"@type\":\"ImageObject\",\"inLanguage\":\"es\",\"@id\":\"https:\\\/\\\/enequip.es\\\/es\\\/quienes-somos\\\/prevencion-y-seguridad\\\/#primaryimage\",\"url\":\"https:\\\/\\\/enequip.es\\\/wp-content\\\/uploads\\\/2020\\\/09\\\/pdficon.png\",\"contentUrl\":\"https:\\\/\\\/enequip.es\\\/wp-content\\\/uploads\\\/2020\\\/09\\\/pdficon.png\"},{\"@type\":\"BreadcrumbList\",\"@id\":\"https:\\\/\\\/enequip.es\\\/es\\\/quienes-somos\\\/prevencion-y-seguridad\\\/#breadcrumb\",\"itemListElement\":[{\"@type\":\"ListItem\",\"position\":1,\"name\":\"Home\",\"item\":\"https:\\\/\\\/enequip.es\\\/es\\\/\"},{\"@type\":\"ListItem\",\"position\":2,\"name\":\"Qui\u00e9nes somos\",\"item\":\"https:\\\/\\\/enequip.es\\\/es\\\/quienes-somos\\\/\"},{\"@type\":\"ListItem\",\"position\":3,\"name\":\"Prevenci\u00f3n y Seguridad\"}]},{\"@type\":\"WebSite\",\"@id\":\"https:\\\/\\\/enequip.es\\\/es\\\/#website\",\"url\":\"https:\\\/\\\/enequip.es\\\/es\\\/\",\"name\":\"enEquip, serveis integrals a persones i a edificis | Illes Balears\",\"description\":\"Gestionam projectes per a millorar la vida de les persones i l&#039;entorn dels edifcis. Serveis socials i t\u00e8cnics a les Balears.\",\"publisher\":{\"@id\":\"https:\\\/\\\/enequip.es\\\/es\\\/#organization\"},\"potentialAction\":[{\"@type\":\"SearchAction\",\"target\":{\"@type\":\"EntryPoint\",\"urlTemplate\":\"https:\\\/\\\/enequip.es\\\/es\\\/?s={search_term_string}\"},\"query-input\":{\"@type\":\"PropertyValueSpecification\",\"valueRequired\":true,\"valueName\":\"search_term_string\"}}],\"inLanguage\":\"es\"},{\"@type\":\"Organization\",\"@id\":\"https:\\\/\\\/enequip.es\\\/es\\\/#organization\",\"name\":\"enEquip, serveis integrats a persones i a edificis\",\"url\":\"https:\\\/\\\/enequip.es\\\/es\\\/\",\"logo\":{\"@type\":\"ImageObject\",\"inLanguage\":\"es\",\"@id\":\"https:\\\/\\\/enequip.es\\\/es\\\/#\\\/schema\\\/logo\\\/image\\\/\",\"url\":\"https:\\\/\\\/enequip.es\\\/wp-content\\\/uploads\\\/2019\\\/06\\\/logo_enequip_negre.png\",\"contentUrl\":\"https:\\\/\\\/enequip.es\\\/wp-content\\\/uploads\\\/2019\\\/06\\\/logo_enequip_negre.png\",\"width\":236,\"height\":46,\"caption\":\"enEquip, serveis integrats a persones i a edificis\"},\"image\":{\"@id\":\"https:\\\/\\\/enequip.es\\\/es\\\/#\\\/schema\\\/logo\\\/image\\\/\"},\"sameAs\":[\"https:\\\/\\\/www.linkedin.com\\\/company\\\/enequip\\\/\"]}]}<\/script>\n<!-- \/ Yoast SEO plugin. -->","yoast_head_json":{"title":"Prevenci\u00f3n y Seguridad - enEquip, serveis integrals a persones i a edificis | Illes Balears","robots":{"index":"index","follow":"follow","max-snippet":"max-snippet:-1","max-image-preview":"max-image-preview:large","max-video-preview":"max-video-preview:-1"},"canonical":"https:\/\/enequip.es\/es\/quienes-somos\/prevencion-y-seguridad\/","og_locale":"es_ES","og_type":"article","og_title":"Prevenci\u00f3n y Seguridad - enEquip, serveis integrals a persones i a edificis | Illes Balears","og_description":"[vc_row full_width=&#8221;stretch_row&#8221; css=&#8221;.vc_custom_1573151899817{padding-top: 50px !important;padding-bottom: 100px !important;background-image: url(https:\/\/enequip.es\/wp-content\/uploads\/2019\/11\/enEquip-fons-qui-som.png?id=1264) !important;background-position: center !important;background-repeat: no-repeat !important;background-size: cover !important;}&#8221;][vc_column][\/vc_column][\/vc_row][vc_row full_height=&#8221;yes&#8221; equal_height=&#8221;yes&#8221; content_placement=&#8221;middle&#8221;][vc_column width=&#8221;2\/3&#8243;][\/vc_column][vc_column width=&#8221;1\/3&#8243;][\/vc_column][\/vc_row]","og_url":"https:\/\/enequip.es\/es\/quienes-somos\/prevencion-y-seguridad\/","og_site_name":"enEquip, serveis integrals a persones i a edificis | Illes Balears","article_modified_time":"2024-03-16T09:22:11+00:00","og_image":[{"url":"https:\/\/enequip.es\/wp-content\/uploads\/2020\/09\/pdficon.png","type":"","width":"","height":""}],"twitter_card":"summary_large_image","twitter_misc":{"Tiempo de lectura":"2 minutos"},"schema":{"@context":"https:\/\/schema.org","@graph":[{"@type":"WebPage","@id":"https:\/\/enequip.es\/es\/quienes-somos\/prevencion-y-seguridad\/","url":"https:\/\/enequip.es\/es\/quienes-somos\/prevencion-y-seguridad\/","name":"Prevenci\u00f3n y Seguridad - enEquip, serveis integrals a persones i a edificis | Illes Balears","isPartOf":{"@id":"https:\/\/enequip.es\/es\/#website"},"primaryImageOfPage":{"@id":"https:\/\/enequip.es\/es\/quienes-somos\/prevencion-y-seguridad\/#primaryimage"},"image":{"@id":"https:\/\/enequip.es\/es\/quienes-somos\/prevencion-y-seguridad\/#primaryimage"},"thumbnailUrl":"https:\/\/enequip.es\/wp-content\/uploads\/2020\/09\/pdficon.png","datePublished":"2019-09-21T07:12:04+00:00","dateModified":"2024-03-16T09:22:11+00:00","breadcrumb":{"@id":"https:\/\/enequip.es\/es\/quienes-somos\/prevencion-y-seguridad\/#breadcrumb"},"inLanguage":"es","potentialAction":[{"@type":"ReadAction","target":["https:\/\/enequip.es\/es\/quienes-somos\/prevencion-y-seguridad\/"]}]},{"@type":"ImageObject","inLanguage":"es","@id":"https:\/\/enequip.es\/es\/quienes-somos\/prevencion-y-seguridad\/#primaryimage","url":"https:\/\/enequip.es\/wp-content\/uploads\/2020\/09\/pdficon.png","contentUrl":"https:\/\/enequip.es\/wp-content\/uploads\/2020\/09\/pdficon.png"},{"@type":"BreadcrumbList","@id":"https:\/\/enequip.es\/es\/quienes-somos\/prevencion-y-seguridad\/#breadcrumb","itemListElement":[{"@type":"ListItem","position":1,"name":"Home","item":"https:\/\/enequip.es\/es\/"},{"@type":"ListItem","position":2,"name":"Qui\u00e9nes somos","item":"https:\/\/enequip.es\/es\/quienes-somos\/"},{"@type":"ListItem","position":3,"name":"Prevenci\u00f3n y Seguridad"}]},{"@type":"WebSite","@id":"https:\/\/enequip.es\/es\/#website","url":"https:\/\/enequip.es\/es\/","name":"enEquip, serveis integrals a persones i a edificis | Illes Balears","description":"Gestionam projectes per a millorar la vida de les persones i l&#039;entorn dels edifcis. Serveis socials i t\u00e8cnics a les Balears.","publisher":{"@id":"https:\/\/enequip.es\/es\/#organization"},"potentialAction":[{"@type":"SearchAction","target":{"@type":"EntryPoint","urlTemplate":"https:\/\/enequip.es\/es\/?s={search_term_string}"},"query-input":{"@type":"PropertyValueSpecification","valueRequired":true,"valueName":"search_term_string"}}],"inLanguage":"es"},{"@type":"Organization","@id":"https:\/\/enequip.es\/es\/#organization","name":"enEquip, serveis integrats a persones i a edificis","url":"https:\/\/enequip.es\/es\/","logo":{"@type":"ImageObject","inLanguage":"es","@id":"https:\/\/enequip.es\/es\/#\/schema\/logo\/image\/","url":"https:\/\/enequip.es\/wp-content\/uploads\/2019\/06\/logo_enequip_negre.png","contentUrl":"https:\/\/enequip.es\/wp-content\/uploads\/2019\/06\/logo_enequip_negre.png","width":236,"height":46,"caption":"enEquip, serveis integrats a persones i a edificis"},"image":{"@id":"https:\/\/enequip.es\/es\/#\/schema\/logo\/image\/"},"sameAs":["https:\/\/www.linkedin.com\/company\/enequip\/"]}]}},"_links":{"self":[{"href":"https:\/\/enequip.es\/es\/wp-json\/wp\/v2\/pages\/1792","targetHints":{"allow":["GET"]}}],"collection":[{"href":"https:\/\/enequip.es\/es\/wp-json\/wp\/v2\/pages"}],"about":[{"href":"https:\/\/enequip.es\/es\/wp-json\/wp\/v2\/types\/page"}],"author":[{"embeddable":true,"href":"https:\/\/enequip.es\/es\/wp-json\/wp\/v2\/users\/1"}],"replies":[{"embeddable":true,"href":"https:\/\/enequip.es\/es\/wp-json\/wp\/v2\/comments?post=1792"}],"version-history":[{"count":11,"href":"https:\/\/enequip.es\/es\/wp-json\/wp\/v2\/pages\/1792\/revisions"}],"predecessor-version":[{"id":3775,"href":"https:\/\/enequip.es\/es\/wp-json\/wp\/v2\/pages\/1792\/revisions\/3775"}],"up":[{"embeddable":true,"href":"https:\/\/enequip.es\/es\/wp-json\/wp\/v2\/pages\/1763"}],"wp:attachment":[{"href":"https:\/\/enequip.es\/es\/wp-json\/wp\/v2\/media?parent=1792"}],"curies":[{"name":"wp","href":"https:\/\/api.w.org\/{rel}","templated":true}]}}