{"id":1816,"date":"2020-06-08T17:34:39","date_gmt":"2020-06-08T15:34:39","guid":{"rendered":"https:\/\/enequip.es\/inici2\/"},"modified":"2025-09-23T13:30:58","modified_gmt":"2025-09-23T11:30:58","slug":"inici2","status":"publish","type":"page","link":"https:\/\/enequip.es\/es\/","title":{"rendered":"enEquip, empresa balear de servicios integrados para personas y edificios"},"content":{"rendered":"<div class=\"wpb-content-wrapper\"><p>[vc_row][vc_column]<div  class=\"empty-space  marg-lg-b100 marg-md-b100 marg-sm-b100 marg-xs-b100\"><\/div><div class=\"text-block\" ><div class=\"simple-text\"><h3 style=\"text-align: center;\"><span style=\"color: #00205b;\">\u00a1Te damos la bienvenida a enEquip!<\/span><\/h3>\n<h4 style=\"text-align: center;\"><span style=\"color: #00205b;\">Un proyecto con un equipo profesional altamente capacitado, puntero en innovaci\u00f3n tecnol\u00f3gica y con un claro compromiso social.<\/span><\/h4>\n<\/div><\/div><div class=\"text-block\" ><div class=\"simple-text\"><div id=\"image-map-pro-2027\"><\/div>\n<\/div><\/div><div  class=\"empty-space  marg-lg-b60\"><\/div>[\/vc_column][\/vc_row][vc_row][vc_column width=&#8221;1\/2&#8243;]\n<div tabindex=\"0\" id=\"interactive-banner-1-wrap-9230\" class=\"ult-banner-block ult-adjust-bottom-margin ult-bb-box  banner-style01 \"   style=\"\">\n\t<img decoding=\"async\" src=\"https:\/\/enequip.es\/wp-content\/uploads\/2019\/06\/EnEquip-tel\u00f3-web-3.jpg\" alt=\"null\">\n\t<h1  data-ultimate-target='#interactive-banner-1-wrap-9230 .bb-top-title '  data-responsive-json-new='{\"font-size\":\"desktop:24px;\",\"line-height\":\"desktop:28px;\"}'  class=\"title-center bb-top-title ult-responsive\" style=\"font-weight:normal;background:#0093c9;color:#ffffff;\">SERVICIOS EDUCATIVOS<\/h1>\n\t<div class=\"mask opaque-background\" style=\"background:rgba(0,147,201,0.7);\">\n\t\t<div  data-ultimate-target='#interactive-banner-1-wrap-9230 .bb-description'  data-responsive-json-new='{\"font-size\":\"\",\"line-height\":\"\"}'  class=\"bb-description ult-responsive\" style=\"font-weight:normal;color:#ffffff;\">Acompa\u00f1amos a ni\u00f1os, ni\u00f1as y adolescentes de 0 a 16 a\u00f1os y a sus familias en su desarrollo educativo, emocional y social. Nos basamos en el respeto, haci\u00e9ndoles protagonistas de sus aprendizajes. Ofrecemos propuestas que fomentan y transmiten valores como son la diversidad, la sostenibilidad y el trabajo colectivo.<\/div>\n\t<\/div><a class=\"bb-link\" href=\"\/es\/servicios-educativos\/\" title=\"Servicios educativos\" ><\/a>\n<\/div>[\/vc_column][vc_column width=&#8221;1\/2&#8243;]\n<div tabindex=\"0\" id=\"interactive-banner-1-wrap-3465\" class=\"ult-banner-block ult-adjust-bottom-margin ult-bb-box  banner-style01 \"   style=\"\">\n\t<img decoding=\"async\" src=\"https:\/\/enequip.es\/wp-content\/uploads\/2019\/06\/EnEquip-tel\u00f3-web-2.jpg\" alt=\"null\">\n\t<h1  data-ultimate-target='#interactive-banner-1-wrap-3465 .bb-top-title '  data-responsive-json-new='{\"font-size\":\"desktop:24px;\",\"line-height\":\"desktop:28px;\"}'  class=\"title-center bb-top-title ult-responsive\" style=\"font-weight:normal;background:#1e988a;color:#ffffff;\">SERVICIOS SOCIALES<\/h1>\n\t<div class=\"mask opaque-background\" style=\"background:rgba(30,152,138,0.7);\">\n\t\t<div  data-ultimate-target='#interactive-banner-1-wrap-3465 .bb-description'  data-responsive-json-new='{\"font-size\":\"mobile_landscape:14px;mobile:14px;\",\"line-height\":\"\"}'  class=\"bb-description ult-responsive\" style=\"font-weight:normal;color:#ffffff;\">Acompa\u00f1amos a las personas en situaci\u00f3n de dependencia o vulnerabilidad, mejorando su calidad de vida y ayud\u00e1ndolas a desarrollar sus proyectos y preferencias. Basamos nuestras metodolog\u00edas en la Atenci\u00f3n Centrada en la Persona (ACP). Aportamos valor como agentes a la vanguardia en innovaci\u00f3n social.<\/div>\n\t<\/div><a class=\"bb-link\" href=\"\/es\/servicios-sociales\/\" title=\"Servicios sociales\" ><\/a>\n<\/div>[\/vc_column][\/vc_row][vc_row][vc_column width=&#8221;1\/4&#8243;][\/vc_column][vc_column width=&#8221;1\/2&#8243;]\n<div tabindex=\"0\" id=\"interactive-banner-1-wrap-7329\" class=\"ult-banner-block ult-adjust-bottom-margin ult-bb-box  banner-style01 \"   style=\"\">\n\t<img decoding=\"async\" src=\"https:\/\/enequip.es\/wp-content\/uploads\/2019\/07\/Limpieza-de-quir\u00f3fanos-Deyse.jpg\" alt=\"null\">\n\t<h1  data-ultimate-target='#interactive-banner-1-wrap-7329 .bb-top-title '  data-responsive-json-new='{\"font-size\":\"desktop:24px;\",\"line-height\":\"desktop:28px;\"}'  class=\"title-center bb-top-title ult-responsive\" style=\"font-weight:normal;background:#001f5b;color:#ffffff;\">SERVICIOS T\u00c9CNICOS<\/h1>\n\t<div class=\"mask opaque-background\" style=\"background:#001f5b;\">\n\t\t<div  data-ultimate-target='#interactive-banner-1-wrap-7329 .bb-description'  data-responsive-json-new='{\"font-size\":\"mobile_landscape:14px;mobile:14px;\",\"line-height\":\"\"}'  class=\"bb-description ult-responsive\" style=\"font-weight:normal;color:#ffffff;\">Somos l\u00edderes en innovaci\u00f3n aplicada a servicios a edificios, siendo nuestro objetivo la <strong>mejora de la experiencia de las personas usuarias.<\/strong> Aplicamos tecnolog\u00eda punta y protocolos estrictos en los servicios de limpieza sociosanitaria y hospitalaria, limpieza de equipamientos deportivos, de patrimonio arquitect\u00f3nico y de grandes espacios.<\/div>\n\t<\/div><a class=\"bb-link\" href=\"\/es\/servicios-tecnicos-limpieza-especializada\/\" title=\"Servicios T\u00e9cnicos - Limpieza especializada\" ><\/a>\n<\/div>[\/vc_column][vc_column width=&#8221;1\/4&#8243;][\/vc_column][\/vc_row][vc_row][vc_column]<div  class=\"empty-space  marg-lg-b60\"><\/div>[\/vc_column][\/vc_row][vc_row][vc_column]<div  class=\"tt-title-block\"><h3 class=\"tt-title-text\">Actualidad<\/h3><\/div><div class=\"empty-space  marg-lg-b25\"><\/div>[\/vc_column][\/vc_row][vc_row][vc_column]\n  <div class=\"row\">\n\n    <div class=\"tt-post-grid-series\">\n\n  \n      <div class=\"col-md-6\">\n\n                <div class=\"tt-post post-4070 post type-post status-publish format-standard has-post-thumbnail hentry category-gestion-escuelas-infantiles\">\n\n                  <a class=\"tt-post-img custom-hover\" href=\"https:\/\/enequip.es\/es\/comienza-nuevo-curso-escolar-consejos-adaptacion-escuela-infantil\/\">\r\n      <img loading=\"lazy\" decoding=\"async\" width=\"608\" height=\"505\" src=\"https:\/\/enequip.es\/wp-content\/uploads\/2025\/09\/Nou-curs-escolar-i-adaptacio-dels-nins-i-nines-a-les-escoletes-balears-608x505.jpg\" class=\"img-responsive wp-post-image\" alt=\"Nou curs escolar i adaptaci\u00f3 dels nins i nines a les escoletes balears\" \/>    <\/a>\r\n            <div class=\"tt-post-info\">\n                <div class=\"tt-post-cat\"><a href=\"https:\/\/enequip.es\/es\/category\/gestion-escuelas-infantiles\/\" rel=\"category tag\">Gesti\u00f3n de escuelas infantiles<\/a><\/div>\r\n                  <a class=\"tt-post-title c-h2\" href=\"https:\/\/enequip.es\/es\/comienza-nuevo-curso-escolar-consejos-adaptacion-escuela-infantil\/\">Comienza un nuevo curso escolar: consejos para la adaptaci\u00f3n a la escuela infantil<\/a>\r\n                  <div class=\"tt-post-label\">\r\n            <span>9 de septiembre de 2025<\/span>\r\n    <\/div>\r\n                  <div class=\"simple-text\">\r\n      <p>Comienza un nuevo curso escolar en las Islas Baleares y compartimos unas buenas recomendaciones para la adaptaci\u00f3n de los peques de 0-3 a\u00f1os<\/p>\r\n    <\/div>\r\n                  <div class=\"tt-post-bottom\">\r\n      <span><a href=\"#\"><i class=\"fa fa-eye\" aria-hidden=\"true\"><\/i>220 Views<\/a><\/span>\r\n      <span><a href=\"#\"><i class=\"fa fa-comment\" aria-hidden=\"true\"><\/i>0 Comment<\/a><\/span>\r\n    <\/div>\r\n            <\/div>\n        <\/div>\n\n                \n\n        <div class=\"empty-space marg-lg-b30 marg-sm-b30\"><\/div>                       \n      <\/div>\n\n            <div class=\"col-md-6\">\n\n        \n                    <div class=\"tt-post type-8 clearfix post-3991 post type-post status-publish format-standard has-post-thumbnail hentry category-servicios-islas-baleares tag-igualdad tag-protocolos\">\n                    <a class=\"tt-post-img custom-hover\" href=\"https:\/\/enequip.es\/es\/enequip-recibe-el-distintivo-de-igualdad-en-la-empresa\/\">\r\n      <img loading=\"lazy\" decoding=\"async\" width=\"288\" height=\"180\" src=\"https:\/\/enequip.es\/wp-content\/uploads\/2025\/05\/enEquip-obte-el-distintiu-Igualtat-a-la-Empresa-Igualdad-en-la-Empresa-Illes-Balears-288x180.jpg\" class=\"img-responsive wp-post-image\" alt=\"enEquip obt\u00e9 el distintiu Igualtat a la Empresa - Igualdad en la Empresa - Illes Balears\" \/>    <\/a>\r\n              <div class=\"tt-post-info\">\n                  <a class=\"tt-post-title c-h5\" href=\"https:\/\/enequip.es\/es\/enequip-recibe-el-distintivo-de-igualdad-en-la-empresa\/\">enEquip recibe el distintivo de \u00abIgualdad en la empresa\u00bb<\/a>\r\n                    <div class=\"simple-text\">\r\n      <p>La empresa balear enEquip ha sido galardonada con el distintivo \u2018Igualdad en la empresa\u2018 (DIE) por sus medidas sociales.<\/p>\r\n    <\/div>\r\n              <\/div>\n          <\/div>\n          <div class=\"empty-space marg-lg-b30\"><\/div>\n                    <div class=\"tt-post type-8 clearfix post-3973 post type-post status-publish format-standard has-post-thumbnail hentry category-gestion-escuelas-infantiles\">\n                    <a class=\"tt-post-img custom-hover\" href=\"https:\/\/enequip.es\/es\/coeducar-con-la-lectura-10-cuentos-para-fomentar-la-igualdad-y-la-diversidad\/\">\r\n      <img loading=\"lazy\" decoding=\"async\" width=\"288\" height=\"180\" src=\"https:\/\/enequip.es\/wp-content\/uploads\/2025\/04\/Sant-Jordi_contes-per-fomentar-la-igualtat-i-la-diversitat-enEquip-288x180.jpg\" class=\"img-responsive wp-post-image\" alt=\"Sant Jordi_contes per fomentar la igualtat i la diversitat enEquip\" \/>    <\/a>\r\n              <div class=\"tt-post-info\">\n                  <a class=\"tt-post-title c-h5\" href=\"https:\/\/enequip.es\/es\/coeducar-con-la-lectura-10-cuentos-para-fomentar-la-igualdad-y-la-diversidad\/\">Coeducar con la lectura: 10 cuentos para fomentar la igualdad y la diversidad<\/a>\r\n                    <div class=\"simple-text\">\r\n      <p>En las escuelas infantiles baleares, proponemos cuentos a los ni\u00f1os y ni\u00f1as que fomenten el respeto y la empat\u00eda, la coeducaci\u00f3n y la igualdad de ...<\/p>\r\n    <\/div>\r\n              <\/div>\n          <\/div>\n          <div class=\"empty-space marg-lg-b30\"><\/div>\n                    <div class=\"tt-post type-8 clearfix post-3960 post type-post status-publish format-standard has-post-thumbnail hentry category-servicios-a-residencias\">\n                    <a class=\"tt-post-img custom-hover\" href=\"https:\/\/enequip.es\/es\/munecas-reborn-las-nuevas-herramientas-terapeuticas-de-la-residencia-sor-maria-rafaela-de-campos-con-personas-usuarias-con-deterioro-cognitivo\/\">\r\n      <img loading=\"lazy\" decoding=\"async\" width=\"288\" height=\"180\" src=\"https:\/\/enequip.es\/wp-content\/uploads\/2025\/02\/Nines-reborn-eines-terapeutiques-a-la-residencia-Sor-Maria-Rafaela-de-Campos-Mallorca-288x180.jpg\" class=\"img-responsive wp-post-image\" alt=\"Nines reborn, eines terap\u00e8utiques a la resid\u00e8ncia Sor Maria Rafaela de Campos Mallorca\" \/>    <\/a>\r\n              <div class=\"tt-post-info\">\n                  <a class=\"tt-post-title c-h5\" href=\"https:\/\/enequip.es\/es\/munecas-reborn-las-nuevas-herramientas-terapeuticas-de-la-residencia-sor-maria-rafaela-de-campos-con-personas-usuarias-con-deterioro-cognitivo\/\">Mu\u00f1ecas reborn, las nuevas herramientas terap\u00e9uticas de la Residencia Sor Mar\u00eda Rafaela de Campos con personas usuarias con deterioro cognitivo<\/a>\r\n                    <div class=\"simple-text\">\r\n      <p>Mu\u00f1ecas reborn: hiperrealistas y con apariencia de beb\u00e9s. Son las nuevas herramientas terap\u00e9uticas de la Residencia Sor Mar\u00eda Rafaela de Campos<\/p>\r\n    <\/div>\r\n              <\/div>\n          <\/div>\n          <div class=\"empty-space marg-lg-b30\"><\/div>\n                    <div class=\"tt-post type-8 clearfix post-3865 post type-post status-publish format-standard has-post-thumbnail hentry category-servicios-a-residencias\">\n                    <a class=\"tt-post-img custom-hover\" href=\"https:\/\/enequip.es\/es\/enequip-presenta-saboreando-recuerdos-video-recetas-cocina-personas-mayores-y-chefs-renombre\/\">\r\n      <img loading=\"lazy\" decoding=\"async\" width=\"288\" height=\"180\" src=\"https:\/\/enequip.es\/wp-content\/uploads\/2024\/11\/enEquip-presenta-Assaborint-Records-288x180.jpg\" class=\"img-responsive wp-post-image\" alt=\"Presentaci\u00f3 del receptari balears Assaborint records\" \/>    <\/a>\r\n              <div class=\"tt-post-info\">\n                  <a class=\"tt-post-title c-h5\" href=\"https:\/\/enequip.es\/es\/enequip-presenta-saboreando-recuerdos-video-recetas-cocina-personas-mayores-y-chefs-renombre\/\">enEquip presenta \u201cSaboreando Recuerdos\u201d, la plataforma en l\u00ednea que contiene v\u00eddeo-recetas de cocina elaboradas por personas mayores y chefs de renombre.<\/a>\r\n                    <div class=\"simple-text\">\r\n      <p>\"Saboreando Recuerdos\" es un recetario online que quiere homenajear a las personas usuarias de la Residencia Sor Mar\u00eda Rafaela de Campos.<\/p>\r\n    <\/div>\r\n              <\/div>\n          <\/div>\n          <div class=\"empty-space marg-lg-b30\"><\/div>\n                    <div class=\"tt-post type-8 clearfix post-3859 post type-post status-publish format-standard has-post-thumbnail hentry category-servicios-a-residencias\">\n                    <a class=\"tt-post-img custom-hover\" href=\"https:\/\/enequip.es\/es\/usuarios-residencia-sor-maria-rafaela-campos-combaten-calor-con-salidas-playa\/\">\r\n      <img loading=\"lazy\" decoding=\"async\" width=\"288\" height=\"180\" src=\"https:\/\/enequip.es\/wp-content\/uploads\/2024\/11\/Salida-a-la-playa-Residencia-Campos-2-288x180.jpg\" class=\"img-responsive wp-post-image\" alt=\"Salida a la playa Residencia Campos\" \/>    <\/a>\r\n              <div class=\"tt-post-info\">\n                  <a class=\"tt-post-title c-h5\" href=\"https:\/\/enequip.es\/es\/usuarios-residencia-sor-maria-rafaela-campos-combaten-calor-con-salidas-playa\/\">Los usuarios de la Residencia Sor Mar\u00eda Rafaela de Campos combaten el calor con salidas a la playa<\/a>\r\n                    <div class=\"simple-text\">\r\n      <p>Combatir el calor con excursiones a la playa. Esta es la iniciativa que pone en pr\u00e1ctica el Centro de D\u00eda y Residencia Sor Maria Rafaela ...<\/p>\r\n    <\/div>\r\n              <\/div>\n          <\/div>\n          <div class=\"empty-space marg-lg-b30\"><\/div>\n                                    \n        \n\n      <\/div>\n            \n      \n    <\/div>\n\n  <\/div>\n\n  [\/vc_column][\/vc_row][vc_row][vc_column][\/vc_column][\/vc_row]<\/p>\n<\/div>","protected":false},"excerpt":{"rendered":"<p>[vc_row][vc_column][\/vc_column][\/vc_row][vc_row][vc_column width=&#8221;1\/2&#8243;][\/vc_column][vc_column width=&#8221;1\/2&#8243;][\/vc_column][\/vc_row][vc_row][vc_column width=&#8221;1\/4&#8243;][\/vc_column][vc_column width=&#8221;1\/2&#8243;][\/vc_column][vc_column width=&#8221;1\/4&#8243;][\/vc_column][\/vc_row][vc_row][vc_column][\/vc_column][\/vc_row][vc_row][vc_column][\/vc_column][\/vc_row][vc_row][vc_column][\/vc_column][\/vc_row][vc_row][vc_column][\/vc_column][\/vc_row]<\/p>\n","protected":false},"author":1,"featured_media":0,"parent":0,"menu_order":0,"comment_status":"closed","ping_status":"closed","template":"","meta":{"footnotes":""},"class_list":["post-1816","page","type-page","status-publish","hentry"],"yoast_head":"<!-- This site is optimized with the Yoast SEO plugin v27.4 - https:\/\/yoast.com\/product\/yoast-seo-wordpress\/ -->\n<title>enEquip, empresa balear de servicios integrados para personas y edificios<\/title>\n<meta name=\"robots\" content=\"index, follow, max-snippet:-1, max-image-preview:large, max-video-preview:-1\" \/>\n<link rel=\"canonical\" href=\"https:\/\/enequip.es\/es\/\" \/>\n<meta property=\"og:locale\" content=\"es_ES\" \/>\n<meta property=\"og:type\" content=\"article\" \/>\n<meta property=\"og:title\" content=\"enEquip, empresa balear de servicios integrados para personas y edificios\" \/>\n<meta property=\"og:description\" content=\"[vc_row][vc_column][\/vc_column][\/vc_row][vc_row][vc_column width=&#8221;1\/2&#8243;][\/vc_column][vc_column width=&#8221;1\/2&#8243;][\/vc_column][\/vc_row][vc_row][vc_column width=&#8221;1\/4&#8243;][\/vc_column][vc_column width=&#8221;1\/2&#8243;][\/vc_column][vc_column width=&#8221;1\/4&#8243;][\/vc_column][\/vc_row][vc_row][vc_column][\/vc_column][\/vc_row][vc_row][vc_column][\/vc_column][\/vc_row][vc_row][vc_column][\/vc_column][\/vc_row][vc_row][vc_column][\/vc_column][\/vc_row]\" \/>\n<meta property=\"og:url\" content=\"https:\/\/enequip.es\/es\/\" \/>\n<meta property=\"og:site_name\" content=\"enEquip, serveis integrals a persones i a edificis | Illes Balears\" \/>\n<meta property=\"article:modified_time\" content=\"2025-09-23T11:30:58+00:00\" \/>\n<meta name=\"twitter:card\" content=\"summary_large_image\" \/>\n<meta name=\"twitter:label1\" content=\"Tiempo de lectura\" \/>\n\t<meta name=\"twitter:data1\" content=\"2 minutos\" \/>\n<script type=\"application\/ld+json\" class=\"yoast-schema-graph\">{\"@context\":\"https:\\\/\\\/schema.org\",\"@graph\":[{\"@type\":\"WebPage\",\"@id\":\"https:\\\/\\\/enequip.es\\\/es\\\/\",\"url\":\"https:\\\/\\\/enequip.es\\\/es\\\/\",\"name\":\"enEquip, empresa balear de servicios integrados para personas y edificios\",\"isPartOf\":{\"@id\":\"https:\\\/\\\/enequip.es\\\/es\\\/#website\"},\"datePublished\":\"2020-06-08T15:34:39+00:00\",\"dateModified\":\"2025-09-23T11:30:58+00:00\",\"breadcrumb\":{\"@id\":\"https:\\\/\\\/enequip.es\\\/es\\\/#breadcrumb\"},\"inLanguage\":\"es\",\"potentialAction\":[{\"@type\":\"ReadAction\",\"target\":[\"https:\\\/\\\/enequip.es\\\/es\\\/\"]}]},{\"@type\":\"BreadcrumbList\",\"@id\":\"https:\\\/\\\/enequip.es\\\/es\\\/#breadcrumb\",\"itemListElement\":[{\"@type\":\"ListItem\",\"position\":1,\"name\":\"Home\",\"item\":\"https:\\\/\\\/enequip.es\\\/es\\\/\"},{\"@type\":\"ListItem\",\"position\":2,\"name\":\"enEquip, empresa balear de servicios integrados para personas y edificios\"}]},{\"@type\":\"WebSite\",\"@id\":\"https:\\\/\\\/enequip.es\\\/es\\\/#website\",\"url\":\"https:\\\/\\\/enequip.es\\\/es\\\/\",\"name\":\"enEquip, serveis integrals a persones i a edificis | Illes Balears\",\"description\":\"Gestionam projectes per a millorar la vida de les persones i l&#039;entorn dels edifcis. Serveis socials i t\u00e8cnics a les Balears.\",\"publisher\":{\"@id\":\"https:\\\/\\\/enequip.es\\\/es\\\/#organization\"},\"potentialAction\":[{\"@type\":\"SearchAction\",\"target\":{\"@type\":\"EntryPoint\",\"urlTemplate\":\"https:\\\/\\\/enequip.es\\\/es\\\/?s={search_term_string}\"},\"query-input\":{\"@type\":\"PropertyValueSpecification\",\"valueRequired\":true,\"valueName\":\"search_term_string\"}}],\"inLanguage\":\"es\"},{\"@type\":\"Organization\",\"@id\":\"https:\\\/\\\/enequip.es\\\/es\\\/#organization\",\"name\":\"enEquip, serveis integrats a persones i a edificis\",\"url\":\"https:\\\/\\\/enequip.es\\\/es\\\/\",\"logo\":{\"@type\":\"ImageObject\",\"inLanguage\":\"es\",\"@id\":\"https:\\\/\\\/enequip.es\\\/es\\\/#\\\/schema\\\/logo\\\/image\\\/\",\"url\":\"https:\\\/\\\/enequip.es\\\/wp-content\\\/uploads\\\/2019\\\/06\\\/logo_enequip_negre.png\",\"contentUrl\":\"https:\\\/\\\/enequip.es\\\/wp-content\\\/uploads\\\/2019\\\/06\\\/logo_enequip_negre.png\",\"width\":236,\"height\":46,\"caption\":\"enEquip, serveis integrats a persones i a edificis\"},\"image\":{\"@id\":\"https:\\\/\\\/enequip.es\\\/es\\\/#\\\/schema\\\/logo\\\/image\\\/\"},\"sameAs\":[\"https:\\\/\\\/www.linkedin.com\\\/company\\\/enequip\\\/\"]}]}<\/script>\n<!-- \/ Yoast SEO plugin. -->","yoast_head_json":{"title":"enEquip, empresa balear de servicios integrados para personas y edificios","robots":{"index":"index","follow":"follow","max-snippet":"max-snippet:-1","max-image-preview":"max-image-preview:large","max-video-preview":"max-video-preview:-1"},"canonical":"https:\/\/enequip.es\/es\/","og_locale":"es_ES","og_type":"article","og_title":"enEquip, empresa balear de servicios integrados para personas y edificios","og_description":"[vc_row][vc_column][\/vc_column][\/vc_row][vc_row][vc_column width=&#8221;1\/2&#8243;][\/vc_column][vc_column width=&#8221;1\/2&#8243;][\/vc_column][\/vc_row][vc_row][vc_column width=&#8221;1\/4&#8243;][\/vc_column][vc_column width=&#8221;1\/2&#8243;][\/vc_column][vc_column width=&#8221;1\/4&#8243;][\/vc_column][\/vc_row][vc_row][vc_column][\/vc_column][\/vc_row][vc_row][vc_column][\/vc_column][\/vc_row][vc_row][vc_column][\/vc_column][\/vc_row][vc_row][vc_column][\/vc_column][\/vc_row]","og_url":"https:\/\/enequip.es\/es\/","og_site_name":"enEquip, serveis integrals a persones i a edificis | Illes Balears","article_modified_time":"2025-09-23T11:30:58+00:00","twitter_card":"summary_large_image","twitter_misc":{"Tiempo de lectura":"2 minutos"},"schema":{"@context":"https:\/\/schema.org","@graph":[{"@type":"WebPage","@id":"https:\/\/enequip.es\/es\/","url":"https:\/\/enequip.es\/es\/","name":"enEquip, empresa balear de servicios integrados para personas y edificios","isPartOf":{"@id":"https:\/\/enequip.es\/es\/#website"},"datePublished":"2020-06-08T15:34:39+00:00","dateModified":"2025-09-23T11:30:58+00:00","breadcrumb":{"@id":"https:\/\/enequip.es\/es\/#breadcrumb"},"inLanguage":"es","potentialAction":[{"@type":"ReadAction","target":["https:\/\/enequip.es\/es\/"]}]},{"@type":"BreadcrumbList","@id":"https:\/\/enequip.es\/es\/#breadcrumb","itemListElement":[{"@type":"ListItem","position":1,"name":"Home","item":"https:\/\/enequip.es\/es\/"},{"@type":"ListItem","position":2,"name":"enEquip, empresa balear de servicios integrados para personas y edificios"}]},{"@type":"WebSite","@id":"https:\/\/enequip.es\/es\/#website","url":"https:\/\/enequip.es\/es\/","name":"enEquip, serveis integrals a persones i a edificis | Illes Balears","description":"Gestionam projectes per a millorar la vida de les persones i l&#039;entorn dels edifcis. Serveis socials i t\u00e8cnics a les Balears.","publisher":{"@id":"https:\/\/enequip.es\/es\/#organization"},"potentialAction":[{"@type":"SearchAction","target":{"@type":"EntryPoint","urlTemplate":"https:\/\/enequip.es\/es\/?s={search_term_string}"},"query-input":{"@type":"PropertyValueSpecification","valueRequired":true,"valueName":"search_term_string"}}],"inLanguage":"es"},{"@type":"Organization","@id":"https:\/\/enequip.es\/es\/#organization","name":"enEquip, serveis integrats a persones i a edificis","url":"https:\/\/enequip.es\/es\/","logo":{"@type":"ImageObject","inLanguage":"es","@id":"https:\/\/enequip.es\/es\/#\/schema\/logo\/image\/","url":"https:\/\/enequip.es\/wp-content\/uploads\/2019\/06\/logo_enequip_negre.png","contentUrl":"https:\/\/enequip.es\/wp-content\/uploads\/2019\/06\/logo_enequip_negre.png","width":236,"height":46,"caption":"enEquip, serveis integrats a persones i a edificis"},"image":{"@id":"https:\/\/enequip.es\/es\/#\/schema\/logo\/image\/"},"sameAs":["https:\/\/www.linkedin.com\/company\/enequip\/"]}]}},"_links":{"self":[{"href":"https:\/\/enequip.es\/es\/wp-json\/wp\/v2\/pages\/1816","targetHints":{"allow":["GET"]}}],"collection":[{"href":"https:\/\/enequip.es\/es\/wp-json\/wp\/v2\/pages"}],"about":[{"href":"https:\/\/enequip.es\/es\/wp-json\/wp\/v2\/types\/page"}],"author":[{"embeddable":true,"href":"https:\/\/enequip.es\/es\/wp-json\/wp\/v2\/users\/1"}],"replies":[{"embeddable":true,"href":"https:\/\/enequip.es\/es\/wp-json\/wp\/v2\/comments?post=1816"}],"version-history":[{"count":23,"href":"https:\/\/enequip.es\/es\/wp-json\/wp\/v2\/pages\/1816\/revisions"}],"predecessor-version":[{"id":4133,"href":"https:\/\/enequip.es\/es\/wp-json\/wp\/v2\/pages\/1816\/revisions\/4133"}],"wp:attachment":[{"href":"https:\/\/enequip.es\/es\/wp-json\/wp\/v2\/media?parent=1816"}],"curies":[{"name":"wp","href":"https:\/\/api.w.org\/{rel}","templated":true}]}}