{"id":1841,"date":"2019-09-21T09:20:09","date_gmt":"2019-09-21T07:20:09","guid":{"rendered":"https:\/\/enequip.es\/servicios-educativos\/reforc-escolar\/"},"modified":"2020-09-11T08:49:34","modified_gmt":"2020-09-11T06:49:34","slug":"refuerzo-escolar","status":"publish","type":"page","link":"https:\/\/enequip.es\/es\/servicios-educativos\/refuerzo-escolar\/","title":{"rendered":"Refuerzo Escolar"},"content":{"rendered":"<div class=\"wpb-content-wrapper\"><p>[vc_row full_width=&#8221;stretch_row&#8221; css=&#8221;.vc_custom_1573152401527{padding-top: 50px !important;padding-bottom: 100px !important;background-image: url(https:\/\/enequip.es\/wp-content\/uploads\/2019\/10\/1.jpg?id=1238) !important;background-position: center !important;background-repeat: no-repeat !important;background-size: cover !important;}&#8221;][vc_column]<div class=\"text-block\" ><div class=\"simple-text\"><h4 style=\"text-align: center;\"><span style=\"color: #ffffff;\">Servicios Educativos<\/span><\/h4>\n<\/div><\/div><div class=\"text-block\" ><div class=\"simple-text\"><h1 style=\"text-align: center;\"><span style=\"color: #ffffff;\">Refuerzo Escolar<\/span><\/h1>\n<\/div><\/div>[\/vc_column][\/vc_row][vc_row full_height=&#8221;yes&#8221; equal_height=&#8221;yes&#8221; content_placement=&#8221;middle&#8221; css=&#8221;.vc_custom_1573152408138{padding-top: 50px !important;}&#8221;][vc_column width=&#8221;2\/3&#8243;]<div  class=\"simple-img\" align=\"right\"><img loading=\"lazy\" decoding=\"async\" class=\"img-responwsive\" src=\"https:\/\/enequip.es\/wp-content\/uploads\/2019\/11\/enEquip-reforc\u0327-escolar.jpg\" height=\"440\" width=\"392\" alt=\"\"><div class=\"simple-img-desc\"><\/div><\/div>[\/vc_column][vc_column width=&#8221;1\/3&#8243; css=&#8221;.vc_custom_1573152488584{padding-top: 25px !important;padding-right: 25px !important;padding-bottom: 25px !important;padding-left: 25px !important;}&#8221;]<div class=\"text-block\" ><div class=\"simple-text\"><h3 style=\"text-align: left;\"><span style=\"color: #0093c9;\">Acompanyem als infants i joves<\/span><\/h3>\n<\/div><\/div><div  class=\"empty-space  marg-lg-b30\"><\/div><div class=\"text-block\" ><div class=\"simple-text\"><p>Acompanyem als infants i joves en la construcci\u00f3 de nous coneixements des dels espais de refor\u00e7 escolar. Entenem que, en ple segle XXI, \u00e9s imprescindible <strong><span style=\"color: #0093c9;\">adquirir les t\u00e8cniques i h\u00e0bits d\u2019estudi<\/span><\/strong> per a comprendre i assolir els objectius curriculars.<\/p>\n<p>\u201cAprendre a aprendre\u201d com a punt de partida per a formar infants i joves aut\u00f2noms en el seu propi aprenentatge; en el treball <strong><span style=\"color: #0093c9;\">enEquip<\/span><\/strong> i en la compartici\u00f3 d\u2019objectius en grup, entre els infants i joves que conformen cada aula.<\/p>\n<\/div><\/div><div  class=\"empty-space  marg-lg-b30\"><\/div>[\/vc_column][\/vc_row][vc_row css=&#8221;.vc_custom_1573756239547{padding-top: 50px !important;}&#8221;][vc_column width=&#8221;1\/5&#8243;][\/vc_column][vc_column width=&#8221;1\/5&#8243;]<div tabindex=\"0\" class=\"ult-new-ib ult-ib-effect-style5  ult-ib-resp  \" data-min-width=\"768\" data-max-width=\"900\" style=\"\" data-opacity=\"1\" data-hover-opacity=\"1\" ><img decoding=\"async\" class=\"ult-new-ib-img\" style=\"opacity:1;\" alt=\"null\" src=\"https:\/\/enequip.es\/wp-content\/uploads\/2019\/11\/enEquip-gestio-escoletes-1.jpg\"   \/><div id=\"interactive-banner-wrap-2671\" class=\"ult-new-ib-desc\" style=\"background:#ffffff;\"><h2 class=\"ult-new-ib-title ult-responsive\"  data-ultimate-target='#interactive-banner-wrap-2671 .ult-new-ib-title'  data-responsive-json-new='{\"font-size\":\"\",\"line-height\":\"\"}'  style=\"font-weight:normal;\">Gesti\u00f3 Escoletes<\/h2><\/div><a class=\"ult-new-ib-link\" href=\"https:\/\/enequip.es\/serveis-educatius\/gestio-escoletes\/\" title=\"Gesti\u00f3 d\u2019Escoletes\"  ><\/a><\/div>[\/vc_column][vc_column width=&#8221;1\/5&#8243;]<div tabindex=\"0\" class=\"ult-new-ib ult-ib-effect-style5  ult-ib-resp  \" data-min-width=\"768\" data-max-width=\"900\" style=\"\" data-opacity=\"1\" data-hover-opacity=\"1\" ><img decoding=\"async\" class=\"ult-new-ib-img\" style=\"opacity:1;\" alt=\"null\" src=\"https:\/\/enequip.es\/wp-content\/uploads\/2019\/11\/enEquip-gestio-escoles-adults.jpg\"   \/><div id=\"interactive-banner-wrap-8457\" class=\"ult-new-ib-desc\" style=\"background:#ffffff;\"><h2 class=\"ult-new-ib-title ult-responsive\"  data-ultimate-target='#interactive-banner-wrap-8457 .ult-new-ib-title'  data-responsive-json-new='{\"font-size\":\"\",\"line-height\":\"\"}'  style=\"font-weight:normal;\">Gesti\u00f3 d\u2019Escoles d\u2019Adults<\/h2><\/div><a class=\"ult-new-ib-link\" href=\"https:\/\/enequip.es\/serveis-educatius\/gestio-escoles-adults\/\" title=\"Gesti\u00f3 d\u2019Escoletes\"  ><\/a><\/div>[\/vc_column][vc_column width=&#8221;1\/5&#8243;]<div tabindex=\"0\" class=\"ult-new-ib ult-ib-effect-style5  ult-ib-resp  \" data-min-width=\"768\" data-max-width=\"900\" style=\"\" data-opacity=\"1\" data-hover-opacity=\"1\" ><img decoding=\"async\" class=\"ult-new-ib-img\" style=\"opacity:1;\" alt=\"null\" src=\"https:\/\/enequip.es\/wp-content\/uploads\/2019\/11\/enEquip-activitats-educatives-estiu.jpg\"   \/><div id=\"interactive-banner-wrap-2548\" class=\"ult-new-ib-desc\" style=\"background:#ffffff;\"><h2 class=\"ult-new-ib-title ult-responsive\"  data-ultimate-target='#interactive-banner-wrap-2548 .ult-new-ib-title'  data-responsive-json-new='{\"font-size\":\"\",\"line-height\":\"\"}'  style=\"font-weight:normal;\">Activitats Educatives d\u2019Estiu<\/h2><\/div><a class=\"ult-new-ib-link\" href=\"https:\/\/enequip.es\/serveis-educatius\/activitats-educatives-estiu-balears\/\" title=\"Gesti\u00f3 d\u2019Escoletes\"  ><\/a><\/div>[\/vc_column][vc_column width=&#8221;1\/5&#8243;][\/vc_column][\/vc_row]<\/p>\n<\/div>","protected":false},"excerpt":{"rendered":"<p>[vc_row full_width=&#8221;stretch_row&#8221; css=&#8221;.vc_custom_1573152401527{padding-top: 50px !important;padding-bottom: 100px !important;background-image: url(https:\/\/enequip.es\/wp-content\/uploads\/2019\/10\/1.jpg?id=1238) !important;background-position: center !important;background-repeat: no-repeat !important;background-size: cover !important;}&#8221;][vc_column][\/vc_column][\/vc_row][vc_row full_height=&#8221;yes&#8221; equal_height=&#8221;yes&#8221; content_placement=&#8221;middle&#8221; css=&#8221;.vc_custom_1573152408138{padding-top: 50px !important;}&#8221;][vc_column width=&#8221;2\/3&#8243;][\/vc_column][vc_column width=&#8221;1\/3&#8243; css=&#8221;.vc_custom_1573152488584{padding-top: 25px !important;padding-right: 25px !important;padding-bottom: 25px !important;padding-left: 25px !important;}&#8221;][\/vc_column][\/vc_row][vc_row css=&#8221;.vc_custom_1573756239547{padding-top: 50px !important;}&#8221;][vc_column width=&#8221;1\/5&#8243;][\/vc_column][vc_column width=&#8221;1\/5&#8243;][\/vc_column][vc_column width=&#8221;1\/5&#8243;][\/vc_column][vc_column width=&#8221;1\/5&#8243;][\/vc_column][vc_column width=&#8221;1\/5&#8243;][\/vc_column][\/vc_row]<\/p>\n","protected":false},"author":1,"featured_media":0,"parent":1822,"menu_order":0,"comment_status":"closed","ping_status":"closed","template":"","meta":{"footnotes":""},"class_list":["post-1841","page","type-page","status-publish","hentry"],"yoast_head":"<!-- This site is optimized with the Yoast SEO plugin v27.4 - https:\/\/yoast.com\/product\/yoast-seo-wordpress\/ -->\n<title>Refuerzo Escolar - enEquip, serveis integrals a persones i a edificis | Illes Balears<\/title>\n<meta name=\"robots\" content=\"index, follow, max-snippet:-1, max-image-preview:large, max-video-preview:-1\" \/>\n<link rel=\"canonical\" href=\"https:\/\/enequip.es\/es\/servicios-educativos\/refuerzo-escolar\/\" \/>\n<meta property=\"og:locale\" content=\"es_ES\" \/>\n<meta property=\"og:type\" content=\"article\" \/>\n<meta property=\"og:title\" content=\"Refuerzo Escolar - enEquip, serveis integrals a persones i a edificis | Illes Balears\" \/>\n<meta property=\"og:description\" content=\"[vc_row full_width=&#8221;stretch_row&#8221; css=&#8221;.vc_custom_1573152401527{padding-top: 50px !important;padding-bottom: 100px !important;background-image: url(https:\/\/enequip.es\/wp-content\/uploads\/2019\/10\/1.jpg?id=1238) !important;background-position: center !important;background-repeat: no-repeat !important;background-size: cover !important;}&#8221;][vc_column][\/vc_column][\/vc_row][vc_row full_height=&#8221;yes&#8221; equal_height=&#8221;yes&#8221; content_placement=&#8221;middle&#8221; css=&#8221;.vc_custom_1573152408138{padding-top: 50px !important;}&#8221;][vc_column width=&#8221;2\/3&#8243;][\/vc_column][vc_column width=&#8221;1\/3&#8243; css=&#8221;.vc_custom_1573152488584{padding-top: 25px !important;padding-right: 25px !important;padding-bottom: 25px !important;padding-left: 25px !important;}&#8221;][\/vc_column][\/vc_row][vc_row css=&#8221;.vc_custom_1573756239547{padding-top: 50px !important;}&#8221;][vc_column width=&#8221;1\/5&#8243;][\/vc_column][vc_column width=&#8221;1\/5&#8243;][\/vc_column][vc_column width=&#8221;1\/5&#8243;][\/vc_column][vc_column width=&#8221;1\/5&#8243;][\/vc_column][vc_column width=&#8221;1\/5&#8243;][\/vc_column][\/vc_row]\" \/>\n<meta property=\"og:url\" content=\"https:\/\/enequip.es\/es\/servicios-educativos\/refuerzo-escolar\/\" \/>\n<meta property=\"og:site_name\" content=\"enEquip, serveis integrals a persones i a edificis | Illes Balears\" \/>\n<meta property=\"article:modified_time\" content=\"2020-09-11T06:49:34+00:00\" \/>\n<meta name=\"twitter:card\" content=\"summary_large_image\" \/>\n<meta name=\"twitter:label1\" content=\"Tiempo de lectura\" \/>\n\t<meta name=\"twitter:data1\" content=\"2 minutos\" \/>\n<script type=\"application\/ld+json\" class=\"yoast-schema-graph\">{\"@context\":\"https:\\\/\\\/schema.org\",\"@graph\":[{\"@type\":\"WebPage\",\"@id\":\"https:\\\/\\\/enequip.es\\\/es\\\/servicios-educativos\\\/refuerzo-escolar\\\/\",\"url\":\"https:\\\/\\\/enequip.es\\\/es\\\/servicios-educativos\\\/refuerzo-escolar\\\/\",\"name\":\"Refuerzo Escolar - enEquip, serveis integrals a persones i a edificis | Illes Balears\",\"isPartOf\":{\"@id\":\"https:\\\/\\\/enequip.es\\\/es\\\/#website\"},\"datePublished\":\"2019-09-21T07:20:09+00:00\",\"dateModified\":\"2020-09-11T06:49:34+00:00\",\"breadcrumb\":{\"@id\":\"https:\\\/\\\/enequip.es\\\/es\\\/servicios-educativos\\\/refuerzo-escolar\\\/#breadcrumb\"},\"inLanguage\":\"es\",\"potentialAction\":[{\"@type\":\"ReadAction\",\"target\":[\"https:\\\/\\\/enequip.es\\\/es\\\/servicios-educativos\\\/refuerzo-escolar\\\/\"]}]},{\"@type\":\"BreadcrumbList\",\"@id\":\"https:\\\/\\\/enequip.es\\\/es\\\/servicios-educativos\\\/refuerzo-escolar\\\/#breadcrumb\",\"itemListElement\":[{\"@type\":\"ListItem\",\"position\":1,\"name\":\"Home\",\"item\":\"https:\\\/\\\/enequip.es\\\/es\\\/\"},{\"@type\":\"ListItem\",\"position\":2,\"name\":\"Servicios Educativos\",\"item\":\"https:\\\/\\\/enequip.es\\\/es\\\/servicios-educativos\\\/\"},{\"@type\":\"ListItem\",\"position\":3,\"name\":\"Refuerzo Escolar\"}]},{\"@type\":\"WebSite\",\"@id\":\"https:\\\/\\\/enequip.es\\\/es\\\/#website\",\"url\":\"https:\\\/\\\/enequip.es\\\/es\\\/\",\"name\":\"enEquip, serveis integrals a persones i a edificis | Illes Balears\",\"description\":\"Gestionam projectes per a millorar la vida de les persones i l&#039;entorn dels edifcis. Serveis socials i t\u00e8cnics a les Balears.\",\"publisher\":{\"@id\":\"https:\\\/\\\/enequip.es\\\/es\\\/#organization\"},\"potentialAction\":[{\"@type\":\"SearchAction\",\"target\":{\"@type\":\"EntryPoint\",\"urlTemplate\":\"https:\\\/\\\/enequip.es\\\/es\\\/?s={search_term_string}\"},\"query-input\":{\"@type\":\"PropertyValueSpecification\",\"valueRequired\":true,\"valueName\":\"search_term_string\"}}],\"inLanguage\":\"es\"},{\"@type\":\"Organization\",\"@id\":\"https:\\\/\\\/enequip.es\\\/es\\\/#organization\",\"name\":\"enEquip, serveis integrats a persones i a edificis\",\"url\":\"https:\\\/\\\/enequip.es\\\/es\\\/\",\"logo\":{\"@type\":\"ImageObject\",\"inLanguage\":\"es\",\"@id\":\"https:\\\/\\\/enequip.es\\\/es\\\/#\\\/schema\\\/logo\\\/image\\\/\",\"url\":\"https:\\\/\\\/enequip.es\\\/wp-content\\\/uploads\\\/2019\\\/06\\\/logo_enequip_negre.png\",\"contentUrl\":\"https:\\\/\\\/enequip.es\\\/wp-content\\\/uploads\\\/2019\\\/06\\\/logo_enequip_negre.png\",\"width\":236,\"height\":46,\"caption\":\"enEquip, serveis integrats a persones i a edificis\"},\"image\":{\"@id\":\"https:\\\/\\\/enequip.es\\\/es\\\/#\\\/schema\\\/logo\\\/image\\\/\"},\"sameAs\":[\"https:\\\/\\\/www.linkedin.com\\\/company\\\/enequip\\\/\"]}]}<\/script>\n<!-- \/ Yoast SEO plugin. -->","yoast_head_json":{"title":"Refuerzo Escolar - enEquip, serveis integrals a persones i a edificis | Illes Balears","robots":{"index":"index","follow":"follow","max-snippet":"max-snippet:-1","max-image-preview":"max-image-preview:large","max-video-preview":"max-video-preview:-1"},"canonical":"https:\/\/enequip.es\/es\/servicios-educativos\/refuerzo-escolar\/","og_locale":"es_ES","og_type":"article","og_title":"Refuerzo Escolar - enEquip, serveis integrals a persones i a edificis | Illes Balears","og_description":"[vc_row full_width=&#8221;stretch_row&#8221; css=&#8221;.vc_custom_1573152401527{padding-top: 50px !important;padding-bottom: 100px !important;background-image: url(https:\/\/enequip.es\/wp-content\/uploads\/2019\/10\/1.jpg?id=1238) !important;background-position: center !important;background-repeat: no-repeat !important;background-size: cover !important;}&#8221;][vc_column][\/vc_column][\/vc_row][vc_row full_height=&#8221;yes&#8221; equal_height=&#8221;yes&#8221; content_placement=&#8221;middle&#8221; css=&#8221;.vc_custom_1573152408138{padding-top: 50px !important;}&#8221;][vc_column width=&#8221;2\/3&#8243;][\/vc_column][vc_column width=&#8221;1\/3&#8243; css=&#8221;.vc_custom_1573152488584{padding-top: 25px !important;padding-right: 25px !important;padding-bottom: 25px !important;padding-left: 25px !important;}&#8221;][\/vc_column][\/vc_row][vc_row css=&#8221;.vc_custom_1573756239547{padding-top: 50px !important;}&#8221;][vc_column width=&#8221;1\/5&#8243;][\/vc_column][vc_column width=&#8221;1\/5&#8243;][\/vc_column][vc_column width=&#8221;1\/5&#8243;][\/vc_column][vc_column width=&#8221;1\/5&#8243;][\/vc_column][vc_column width=&#8221;1\/5&#8243;][\/vc_column][\/vc_row]","og_url":"https:\/\/enequip.es\/es\/servicios-educativos\/refuerzo-escolar\/","og_site_name":"enEquip, serveis integrals a persones i a edificis | Illes Balears","article_modified_time":"2020-09-11T06:49:34+00:00","twitter_card":"summary_large_image","twitter_misc":{"Tiempo de lectura":"2 minutos"},"schema":{"@context":"https:\/\/schema.org","@graph":[{"@type":"WebPage","@id":"https:\/\/enequip.es\/es\/servicios-educativos\/refuerzo-escolar\/","url":"https:\/\/enequip.es\/es\/servicios-educativos\/refuerzo-escolar\/","name":"Refuerzo Escolar - enEquip, serveis integrals a persones i a edificis | Illes Balears","isPartOf":{"@id":"https:\/\/enequip.es\/es\/#website"},"datePublished":"2019-09-21T07:20:09+00:00","dateModified":"2020-09-11T06:49:34+00:00","breadcrumb":{"@id":"https:\/\/enequip.es\/es\/servicios-educativos\/refuerzo-escolar\/#breadcrumb"},"inLanguage":"es","potentialAction":[{"@type":"ReadAction","target":["https:\/\/enequip.es\/es\/servicios-educativos\/refuerzo-escolar\/"]}]},{"@type":"BreadcrumbList","@id":"https:\/\/enequip.es\/es\/servicios-educativos\/refuerzo-escolar\/#breadcrumb","itemListElement":[{"@type":"ListItem","position":1,"name":"Home","item":"https:\/\/enequip.es\/es\/"},{"@type":"ListItem","position":2,"name":"Servicios Educativos","item":"https:\/\/enequip.es\/es\/servicios-educativos\/"},{"@type":"ListItem","position":3,"name":"Refuerzo Escolar"}]},{"@type":"WebSite","@id":"https:\/\/enequip.es\/es\/#website","url":"https:\/\/enequip.es\/es\/","name":"enEquip, serveis integrals a persones i a edificis | Illes Balears","description":"Gestionam projectes per a millorar la vida de les persones i l&#039;entorn dels edifcis. Serveis socials i t\u00e8cnics a les Balears.","publisher":{"@id":"https:\/\/enequip.es\/es\/#organization"},"potentialAction":[{"@type":"SearchAction","target":{"@type":"EntryPoint","urlTemplate":"https:\/\/enequip.es\/es\/?s={search_term_string}"},"query-input":{"@type":"PropertyValueSpecification","valueRequired":true,"valueName":"search_term_string"}}],"inLanguage":"es"},{"@type":"Organization","@id":"https:\/\/enequip.es\/es\/#organization","name":"enEquip, serveis integrats a persones i a edificis","url":"https:\/\/enequip.es\/es\/","logo":{"@type":"ImageObject","inLanguage":"es","@id":"https:\/\/enequip.es\/es\/#\/schema\/logo\/image\/","url":"https:\/\/enequip.es\/wp-content\/uploads\/2019\/06\/logo_enequip_negre.png","contentUrl":"https:\/\/enequip.es\/wp-content\/uploads\/2019\/06\/logo_enequip_negre.png","width":236,"height":46,"caption":"enEquip, serveis integrats a persones i a edificis"},"image":{"@id":"https:\/\/enequip.es\/es\/#\/schema\/logo\/image\/"},"sameAs":["https:\/\/www.linkedin.com\/company\/enequip\/"]}]}},"_links":{"self":[{"href":"https:\/\/enequip.es\/es\/wp-json\/wp\/v2\/pages\/1841","targetHints":{"allow":["GET"]}}],"collection":[{"href":"https:\/\/enequip.es\/es\/wp-json\/wp\/v2\/pages"}],"about":[{"href":"https:\/\/enequip.es\/es\/wp-json\/wp\/v2\/types\/page"}],"author":[{"embeddable":true,"href":"https:\/\/enequip.es\/es\/wp-json\/wp\/v2\/users\/1"}],"replies":[{"embeddable":true,"href":"https:\/\/enequip.es\/es\/wp-json\/wp\/v2\/comments?post=1841"}],"version-history":[{"count":2,"href":"https:\/\/enequip.es\/es\/wp-json\/wp\/v2\/pages\/1841\/revisions"}],"predecessor-version":[{"id":1865,"href":"https:\/\/enequip.es\/es\/wp-json\/wp\/v2\/pages\/1841\/revisions\/1865"}],"up":[{"embeddable":true,"href":"https:\/\/enequip.es\/es\/wp-json\/wp\/v2\/pages\/1822"}],"wp:attachment":[{"href":"https:\/\/enequip.es\/es\/wp-json\/wp\/v2\/media?parent=1841"}],"curies":[{"name":"wp","href":"https:\/\/api.w.org\/{rel}","templated":true}]}}