{"id":1846,"date":"2019-09-21T09:17:18","date_gmt":"2019-09-21T07:17:18","guid":{"rendered":"https:\/\/enequip.es\/servicios-educativos\/gestio-escoletes\/"},"modified":"2025-09-25T16:27:41","modified_gmt":"2025-09-25T14:27:41","slug":"gestion-escuelas-infantiles","status":"publish","type":"page","link":"https:\/\/enequip.es\/es\/servicios-educativos\/gestion-escuelas-infantiles\/","title":{"rendered":"Gesti\u00f3n de Escuelas Infantiles"},"content":{"rendered":"<div class=\"wpb-content-wrapper\"><p>[vc_row full_width=&#8221;stretch_row&#8221; bg_type=&#8221;image&#8221; bg_override=&#8221;full&#8221; css=&#8221;.vc_custom_1758810448568{padding-top: 50px !important;padding-bottom: 125px !important;background-image: url(https:\/\/enequip.es\/wp-content\/uploads\/2019\/10\/1.jpg?id=1852) !important;background-position: center !important;background-repeat: no-repeat !important;background-size: contain !important;}&#8221;][vc_column]<div class=\"text-block\" ><div class=\"simple-text\"><h4 style=\"text-align: center;\"><span style=\"color: #ffffff;\">Servicios Educativos<\/span><\/h4>\n<\/div><\/div><div class=\"text-block\" ><div class=\"simple-text\"><h1 style=\"text-align: center;\"><span style=\"color: #ffffff;\">Gesti\u00f3n de Escuelas Infantiles<\/span><\/h1>\n<\/div><\/div>[\/vc_column][\/vc_row][vc_row full_height=&#8221;yes&#8221; columns_placement=&#8221;top&#8221; equal_height=&#8221;yes&#8221; content_placement=&#8221;middle&#8221; css=&#8221;.vc_custom_1600093371171{padding-top: 50px !important;background-position: 0 0 !important;background-repeat: no-repeat !important;}&#8221;][vc_column width=&#8221;1\/3&#8243;]<div class=\"text-block\" ><div class=\"simple-text\"><h3 style=\"text-align: left;\"><span style=\"color: #0093c9;\">Promovemos la experimentaci\u00f3n y el descubrimiento del mundo desde la primera infancia <\/span><\/h3>\n<\/div><\/div><div  class=\"empty-space  marg-lg-b30\"><\/div><div class=\"text-block\" ><div class=\"simple-text\"><p>Creemos en la\u00a0<span style=\"color: #0093c9;\"><strong>metodolog\u00eda activa y participativa<\/strong><\/span>, que permite a los ni\u00f1os y ni\u00f1as desarrollar sus habilidades y conocimientos a partir del juego libre, el descubrimiento del entorno y la seguridad en un ambiente afectivo, natural y motivador.<\/p>\n<p>En\u00a0<span style=\"color: #0093c9;\"><strong>enEquip<\/strong><\/span>, lo hacemos integrando a toda la\u00a0<span style=\"color: #0093c9;\"><strong>comunidad educativa<\/strong><\/span>: los ni\u00f1os y ni\u00f1as, las familias y el equipo educativo, en el proyecto socioeducativo de cada escuela, fomentando su participaci\u00f3n para definir la l\u00ednea pedag\u00f3gica a seguir y haciendo camino hacia un proyecto com\u00fan.<\/p>\n<\/div><\/div>[\/vc_column][vc_column width=&#8221;2\/3&#8243; css=&#8221;.vc_custom_1571163977086{padding-top: 15px !important;padding-bottom: 15px !important;}&#8221;]<div  class=\"simple-img\"><img loading=\"lazy\" decoding=\"async\" class=\"img-responwsive\" src=\"https:\/\/enequip.es\/wp-content\/uploads\/2025\/09\/enEquip-gestio-escoles-infantils.jpg\" height=\"440\" width=\"392\" alt=\"\"><div class=\"simple-img-desc\"><\/div><\/div>[\/vc_column][\/vc_row][vc_row][vc_column]<div class=\"text-block\" ><div class=\"simple-text\"><p>Los objetivos pedag\u00f3gicos se trabajan en funci\u00f3n de la edad, teniendo en cuenta que <span style=\"color: #0093c9;\"><strong>cada ni\u00f1o tiene su propio ritmo evolutivo<\/strong><\/span> y que se tiene que respetar en todo momento su crecimiento y su estado afectivo individual, entendiendo que <span style=\"color: #0093c9;\"><strong>el desarrollo del ni\u00f1o es un proceso global<\/strong><\/span> que tiene lugar dentro de un grupo donde se realiza su socializaci\u00f3n.<\/p>\n<p><span style=\"color: #0093c9;\"><strong>C\u00f3mo trabajamos?<\/strong><\/span><\/p>\n<p>Nuestras Escuelas de Ni\u00f1os son un servicio educativo para la primera infancia que tienen como objetivo el desarrollo integral de su personalidad, en un ambiente adecuado a sus necesidades y en contacto con otros ni\u00f1os.<\/p>\n<p>enEquip asume la gesti\u00f3n integral del centro educativo ofreciendo no solo un <span style=\"color: #0093c9;\"><strong>servicio educativo<\/strong><\/span> abierto y flexible, sino tambi\u00e9n los servicios de cocina y limpieza de las escuelas infantiles con el fin de ofrecer un servicio educativo completo de calidad y dar respuesta a todas las necesidades educativas.<\/p>\n<\/div><\/div>[\/vc_column][\/vc_row][vc_row css=&#8221;.vc_custom_1573756142065{padding-top: 50px !important;}&#8221;][vc_column width=&#8221;1\/4&#8243;]<div class=\"text-block\" ><div class=\"simple-text\"><p><span style=\"color: #0093c9;\"><strong>ACOMPA\u00d1AMiENTO<\/strong><\/span><\/p>\n<p>El docente es un adulto que observa, escucha de manera activa y acompa\u00f1a desde el respeto los diferentes procesos de aprendizaje, fomentando su desarrollo a trav\u00e9s de sus propios intereses y respetando su ritmo de aprendizaje.<\/p>\n<\/div><\/div><div  class=\"empty-space  marg-lg-b20\"><\/div>[\/vc_column][vc_column width=&#8221;1\/4&#8243;]<div class=\"text-block\" ><div class=\"simple-text\"><p><span style=\"color: #0093c9;\"><strong>EXPERIENCIAS<\/strong><\/span><\/p>\n<p>La primera infancia es la etapa m\u00e1s importante donde las experiencias vividas marcar\u00e1n su personalidad y a trav\u00e9s de estas se formar\u00e1 el car\u00e1cter del ni\u00f1o. Somos muy conscientes de este hecho y por este motivo trabajamos para garantizar un aprendizaje global de la personalidad.<\/p>\n<\/div><\/div><div  class=\"empty-space  marg-lg-b20\"><\/div>[\/vc_column][vc_column width=&#8221;1\/4&#8243;]<div class=\"text-block\" ><div class=\"simple-text\"><p><span style=\"color: #0093c9;\"><strong>\u00bfCOMO LO HACEMOS?<\/strong><\/span><\/p>\n<p>Ofrecemos espacios de juego donde el objetivo es que el ni\u00f1o aprenda de forma vivencial, fomentando el aprendizaje significativo donde se desarrolla la autonom\u00eda, el sentimiento de seguridad, las relaciones con los otros, expresi\u00f3n de sus sentimientos, descubrimiento de su propio cuerpo y el propio desarrollo en su entorno. Todo esto rodeado de un ambiente respetuoso, c\u00e1lido y tranquilo con un adulto disponible.<\/p>\n<\/div><\/div><div  class=\"empty-space  marg-lg-b20\"><\/div>[\/vc_column][vc_column width=&#8221;1\/4&#8243;]<div class=\"text-block\" ><div class=\"simple-text\"><p><span style=\"color: #0093c9;\"><strong>ALIMENTACI\u00d3N<\/strong><\/span><\/p>\n<p>En nuestras escuelas infantiles tenemos claro que la alimentaci\u00f3n forma parte de la educaci\u00f3n. Trabajamos para ofrecer una alimentaci\u00f3n consciente, donde ofrecemos un men\u00fa supervisado por una nutricionista y el cual garantiza la seguridad alimentaria de nuestros ni\u00f1os en su estancia en la escuela<\/p>\n<\/div><\/div><div  class=\"empty-space  marg-lg-b20\"><\/div>[\/vc_column][\/vc_row][vc_row][vc_column]<div class=\"text-block\" ><div class=\"simple-text\"><p>Nuestros principales <span style=\"color: #0093c9;\"><strong>rasgos de identidad<\/strong><\/span> son:<\/p>\n<p>-El v\u00ednculo como eje esencial de nuestra filosof\u00eda.<br \/>\n-La socializaci\u00f3n a partir de las relaciones para construirse como persona.<br \/>\n-El trabajo de la expresi\u00f3n y emoci\u00f3n donde el ni\u00f1o es el protagonista de su propio aprendizaje.<br \/>\n-Fomentar actividades de vida cotidiana en un ambiente educativo donde se potencie la autonom\u00eda y la experiencia a partir de las propias vivencias.<br \/>\n-Creaci\u00f3n de espacios y materiales que fomentan la creatividad de los m\u00e1s peque\u00f1os.<br \/>\n-Ambientes de experimentaci\u00f3n y descubrimiento en una escuela infantil que pretende dar respuesta a los intereses de nuestros alumnos a partir de los sentidos.<\/p>\n<p><span style=\"color: #0093c9;\"><strong>Certificaciones y sellos de calidad<\/strong><\/span><\/p>\n<ul>\n<li>9001 Calidad<\/li>\n<li>14001 Medio Ambiente<\/li>\n<li>Huella de Carbono Medio Ambiente<\/li>\n<li>OSHAS Prevenci\u00f3n de Riesgos Laborales<\/li>\n<li>EFR Entidad Familiarmente Responsable<\/li>\n<\/ul>\n<\/div><\/div><div  class=\"empty-space  marg-lg-b40\"><\/div>[vc_row_inner][vc_column_inner width=&#8221;1\/4&#8243;][\/vc_column_inner][vc_column_inner width=&#8221;1\/2&#8243;]<div class=\"text-block\" ><div class=\"simple-text\"><p><iframe width=\"1280\" height=\"600\" frameborder=\"0\" allowfullscreen=\"allowfullscreen\" data-cookieblock-src=\"https:\/\/www.youtube.com\/embed\/BiIEzVKHeVE\" data-cookieconsent=\"marketing\"><\/iframe><\/p>\n<\/div><\/div>[\/vc_column_inner][vc_column_inner width=&#8221;1\/4&#8243;][\/vc_column_inner][\/vc_row_inner]<div class=\"ult-spacer spacer-6a05cc4915719\" data-id=\"6a05cc4915719\" data-height=\"20\" data-height-mobile=\"20\" data-height-tab=\"20\" data-height-tab-portrait=\"\" data-height-mobile-landscape=\"\" style=\"clear:both;display:block;\"><\/div>[\/vc_column][\/vc_row][vc_row][vc_column]<div class=\"text-block\" ><div class=\"simple-text\"><p><span style=\"color: #0093c9;\"><strong>Centros<\/strong><\/span><\/p>\n<p>Escola d\u2019infants Municipal Eri\u00e7ons, Cala Rajada<br \/>\nEscola d\u2019infants Municipal Es Ferreret, Capdepera<br \/>\nEscola d\u2019Infants Municipal Les Alzinetes, Puigpunyent<br \/>\nEscola d\u2019Infants Municipal Nins i Nines, Manacor<br \/>\nEscola d\u2019Infants Municipal Son Boga, Manacor<br \/>\nEscola d\u2019Infants Municipal de la Col\u00f2nia de Sant Jordi<br \/>\nEscola d\u2019Infants Municipal Es Llombards, Santany\u00ed<br \/>\nEscola d&#8217;Infants Municipal Ciutat Antiga, Palma<br \/>\nEscola d&#8217;Infants Municipal Can Alonso, Palma<\/p>\n<\/div><\/div>[\/vc_column][\/vc_row][vc_row css=&#8221;.vc_custom_1573756142065{padding-top: 50px !important;}&#8221;][vc_column width=&#8221;1\/5&#8243;][\/vc_column][vc_column width=&#8221;1\/5&#8243;][\/vc_column][vc_column width=&#8221;1\/5&#8243;]<div tabindex=\"0\" class=\"ult-new-ib ult-ib-effect-style2  ult-ib-resp  \" data-min-width=\"768\" data-max-width=\"900\" style=\"background:#0093c9;\" data-opacity=\"1\" data-hover-opacity=\"1\" ><img decoding=\"async\" class=\"ult-new-ib-img\" style=\"opacity:1;\" alt=\"Gesti\u00f3 d&#039;escoles d&#039;adults a les illes Balears\" src=\"https:\/\/enequip.es\/wp-content\/uploads\/2025\/09\/Gestio-descoles-dadults-a-les-illes-Balears.jpg\"   \/><div id=\"interactive-banner-wrap-3064\" class=\"ult-new-ib-desc\" style=\"\"><h2 class=\"ult-new-ib-title ult-responsive\"  data-ultimate-target='#interactive-banner-wrap-3064 .ult-new-ib-title'  data-responsive-json-new='{\"font-size\":\"desktop:12px;\",\"line-height\":\"\"}'  style=\"font-weight:normal;color:#0093c9;\">Gesti\u00f3 d\u2019Escoles d\u2019Adults<\/h2><\/div><a class=\"ult-new-ib-link\" href=\"https:\/\/enequip.es\/serveis-educatius\/gestio-escoles-adults\/\" title=\"Gesti\u00f3 d\u2019Escoletes\"  ><\/a><\/div>[\/vc_column][vc_column width=&#8221;1\/5&#8243;][\/vc_column][vc_column width=&#8221;1\/5&#8243;][\/vc_column][\/vc_row]<\/p>\n<\/div>","protected":false},"excerpt":{"rendered":"<p>[vc_row full_width=&#8221;stretch_row&#8221; bg_type=&#8221;image&#8221; bg_override=&#8221;full&#8221; css=&#8221;.vc_custom_1758810448568{padding-top: 50px !important;padding-bottom: 125px !important;background-image: url(https:\/\/enequip.es\/wp-content\/uploads\/2019\/10\/1.jpg?id=1852) !important;background-position: center !important;background-repeat: no-repeat !important;background-size: contain !important;}&#8221;][vc_column][\/vc_column][\/vc_row][vc_row full_height=&#8221;yes&#8221; columns_placement=&#8221;top&#8221; equal_height=&#8221;yes&#8221; content_placement=&#8221;middle&#8221; css=&#8221;.vc_custom_1600093371171{padding-top: 50px !important;background-position: 0 0 !important;background-repeat: no-repeat !important;}&#8221;][vc_column width=&#8221;1\/3&#8243;][\/vc_column][vc_column width=&#8221;2\/3&#8243; css=&#8221;.vc_custom_1571163977086{padding-top: 15px !important;padding-bottom: 15px !important;}&#8221;][\/vc_column][\/vc_row][vc_row][vc_column][\/vc_column][\/vc_row][vc_row css=&#8221;.vc_custom_1573756142065{padding-top: 50px !important;}&#8221;][vc_column width=&#8221;1\/4&#8243;][\/vc_column][vc_column width=&#8221;1\/4&#8243;][\/vc_column][vc_column width=&#8221;1\/4&#8243;][\/vc_column][vc_column width=&#8221;1\/4&#8243;][\/vc_column][\/vc_row][vc_row][vc_column][vc_row_inner][vc_column_inner width=&#8221;1\/4&#8243;][\/vc_column_inner][vc_column_inner width=&#8221;1\/2&#8243;][\/vc_column_inner][vc_column_inner width=&#8221;1\/4&#8243;][\/vc_column_inner][\/vc_row_inner][\/vc_column][\/vc_row][vc_row][vc_column][\/vc_column][\/vc_row][vc_row css=&#8221;.vc_custom_1573756142065{padding-top: 50px !important;}&#8221;][vc_column width=&#8221;1\/5&#8243;][\/vc_column][vc_column width=&#8221;1\/5&#8243;][\/vc_column][vc_column width=&#8221;1\/5&#8243;][\/vc_column][vc_column width=&#8221;1\/5&#8243;][\/vc_column][vc_column width=&#8221;1\/5&#8243;][\/vc_column][\/vc_row]<\/p>\n","protected":false},"author":1,"featured_media":1974,"parent":1822,"menu_order":0,"comment_status":"closed","ping_status":"closed","template":"","meta":{"footnotes":""},"class_list":["post-1846","page","type-page","status-publish","has-post-thumbnail","hentry"],"yoast_head":"<!-- This site is optimized with the Yoast SEO plugin v27.6 - https:\/\/yoast.com\/product\/yoast-seo-wordpress\/ -->\n<title>Gesti\u00f3n de Escuelas Infantiles - enEquip, serveis integrals a persones i a edificis | Illes Balears<\/title>\n<meta name=\"description\" content=\"Gesti\u00f3n de escuelas infantiles en las Islas Baleares, acompa\u00f1ando el desarrollo de los ni\u00f1os y ni\u00f1as de 0 a 3 a\u00f1os\" \/>\n<meta name=\"robots\" content=\"index, follow, max-snippet:-1, max-image-preview:large, max-video-preview:-1\" \/>\n<link rel=\"canonical\" href=\"https:\/\/enequip.es\/es\/servicios-educativos\/gestion-escuelas-infantiles\/\" \/>\n<meta property=\"og:locale\" content=\"es_ES\" \/>\n<meta property=\"og:type\" content=\"article\" \/>\n<meta property=\"og:title\" content=\"Gesti\u00f3n de Escuelas Infantiles - enEquip, serveis integrals a persones i a edificis | Illes Balears\" \/>\n<meta property=\"og:description\" content=\"Gesti\u00f3n de escuelas infantiles en las Islas Baleares, acompa\u00f1ando el desarrollo de los ni\u00f1os y ni\u00f1as de 0 a 3 a\u00f1os\" \/>\n<meta property=\"og:url\" content=\"https:\/\/enequip.es\/es\/servicios-educativos\/gestion-escuelas-infantiles\/\" \/>\n<meta property=\"og:site_name\" content=\"enEquip, serveis integrals a persones i a edificis | Illes Balears\" \/>\n<meta property=\"article:modified_time\" content=\"2025-09-25T14:27:41+00:00\" \/>\n<meta property=\"og:image\" content=\"https:\/\/enequip.es\/wp-content\/uploads\/2019\/09\/EC15393.jpg\" \/>\n\t<meta property=\"og:image:width\" content=\"1200\" \/>\n\t<meta property=\"og:image:height\" content=\"801\" \/>\n\t<meta property=\"og:image:type\" content=\"image\/jpeg\" \/>\n<meta name=\"twitter:card\" content=\"summary_large_image\" \/>\n<meta name=\"twitter:label1\" content=\"Tiempo de lectura\" \/>\n\t<meta name=\"twitter:data1\" content=\"5 minutos\" \/>\n<script type=\"application\/ld+json\" class=\"yoast-schema-graph\">{\"@context\":\"https:\\\/\\\/schema.org\",\"@graph\":[{\"@type\":\"WebPage\",\"@id\":\"https:\\\/\\\/enequip.es\\\/es\\\/servicios-educativos\\\/gestion-escuelas-infantiles\\\/\",\"url\":\"https:\\\/\\\/enequip.es\\\/es\\\/servicios-educativos\\\/gestion-escuelas-infantiles\\\/\",\"name\":\"Gesti\u00f3n de Escuelas Infantiles - enEquip, serveis integrals a persones i a edificis | Illes Balears\",\"isPartOf\":{\"@id\":\"https:\\\/\\\/enequip.es\\\/es\\\/#website\"},\"primaryImageOfPage\":{\"@id\":\"https:\\\/\\\/enequip.es\\\/es\\\/servicios-educativos\\\/gestion-escuelas-infantiles\\\/#primaryimage\"},\"image\":{\"@id\":\"https:\\\/\\\/enequip.es\\\/es\\\/servicios-educativos\\\/gestion-escuelas-infantiles\\\/#primaryimage\"},\"thumbnailUrl\":\"https:\\\/\\\/enequip.es\\\/wp-content\\\/uploads\\\/2019\\\/09\\\/EC15393.jpg\",\"datePublished\":\"2019-09-21T07:17:18+00:00\",\"dateModified\":\"2025-09-25T14:27:41+00:00\",\"description\":\"Gesti\u00f3n de escuelas infantiles en las Islas Baleares, acompa\u00f1ando el desarrollo de los ni\u00f1os y ni\u00f1as de 0 a 3 a\u00f1os\",\"breadcrumb\":{\"@id\":\"https:\\\/\\\/enequip.es\\\/es\\\/servicios-educativos\\\/gestion-escuelas-infantiles\\\/#breadcrumb\"},\"inLanguage\":\"es\",\"potentialAction\":[{\"@type\":\"ReadAction\",\"target\":[\"https:\\\/\\\/enequip.es\\\/es\\\/servicios-educativos\\\/gestion-escuelas-infantiles\\\/\"]}]},{\"@type\":\"ImageObject\",\"inLanguage\":\"es\",\"@id\":\"https:\\\/\\\/enequip.es\\\/es\\\/servicios-educativos\\\/gestion-escuelas-infantiles\\\/#primaryimage\",\"url\":\"https:\\\/\\\/enequip.es\\\/wp-content\\\/uploads\\\/2019\\\/09\\\/EC15393.jpg\",\"contentUrl\":\"https:\\\/\\\/enequip.es\\\/wp-content\\\/uploads\\\/2019\\\/09\\\/EC15393.jpg\",\"width\":1200,\"height\":801,\"caption\":\"Escoles infantils a les Illes Balears 2\"},{\"@type\":\"BreadcrumbList\",\"@id\":\"https:\\\/\\\/enequip.es\\\/es\\\/servicios-educativos\\\/gestion-escuelas-infantiles\\\/#breadcrumb\",\"itemListElement\":[{\"@type\":\"ListItem\",\"position\":1,\"name\":\"Home\",\"item\":\"https:\\\/\\\/enequip.es\\\/es\\\/\"},{\"@type\":\"ListItem\",\"position\":2,\"name\":\"Servicios Educativos\",\"item\":\"https:\\\/\\\/enequip.es\\\/es\\\/servicios-educativos\\\/\"},{\"@type\":\"ListItem\",\"position\":3,\"name\":\"Gesti\u00f3n de Escuelas Infantiles\"}]},{\"@type\":\"WebSite\",\"@id\":\"https:\\\/\\\/enequip.es\\\/es\\\/#website\",\"url\":\"https:\\\/\\\/enequip.es\\\/es\\\/\",\"name\":\"enEquip, serveis integrals a persones i a edificis | Illes Balears\",\"description\":\"Gestionam projectes per a millorar la vida de les persones i l&#039;entorn dels edifcis. Serveis socials i t\u00e8cnics a les Balears.\",\"publisher\":{\"@id\":\"https:\\\/\\\/enequip.es\\\/es\\\/#organization\"},\"potentialAction\":[{\"@type\":\"SearchAction\",\"target\":{\"@type\":\"EntryPoint\",\"urlTemplate\":\"https:\\\/\\\/enequip.es\\\/es\\\/?s={search_term_string}\"},\"query-input\":{\"@type\":\"PropertyValueSpecification\",\"valueRequired\":true,\"valueName\":\"search_term_string\"}}],\"inLanguage\":\"es\"},{\"@type\":\"Organization\",\"@id\":\"https:\\\/\\\/enequip.es\\\/es\\\/#organization\",\"name\":\"enEquip, serveis integrats a persones i a edificis\",\"url\":\"https:\\\/\\\/enequip.es\\\/es\\\/\",\"logo\":{\"@type\":\"ImageObject\",\"inLanguage\":\"es\",\"@id\":\"https:\\\/\\\/enequip.es\\\/es\\\/#\\\/schema\\\/logo\\\/image\\\/\",\"url\":\"https:\\\/\\\/enequip.es\\\/wp-content\\\/uploads\\\/2019\\\/06\\\/logo_enequip_negre.png\",\"contentUrl\":\"https:\\\/\\\/enequip.es\\\/wp-content\\\/uploads\\\/2019\\\/06\\\/logo_enequip_negre.png\",\"width\":236,\"height\":46,\"caption\":\"enEquip, serveis integrats a persones i a edificis\"},\"image\":{\"@id\":\"https:\\\/\\\/enequip.es\\\/es\\\/#\\\/schema\\\/logo\\\/image\\\/\"},\"sameAs\":[\"https:\\\/\\\/www.linkedin.com\\\/company\\\/enequip\\\/\"]}]}<\/script>\n<!-- \/ Yoast SEO plugin. -->","yoast_head_json":{"title":"Gesti\u00f3n de Escuelas Infantiles - enEquip, serveis integrals a persones i a edificis | Illes Balears","description":"Gesti\u00f3n de escuelas infantiles en las Islas Baleares, acompa\u00f1ando el desarrollo de los ni\u00f1os y ni\u00f1as de 0 a 3 a\u00f1os","robots":{"index":"index","follow":"follow","max-snippet":"max-snippet:-1","max-image-preview":"max-image-preview:large","max-video-preview":"max-video-preview:-1"},"canonical":"https:\/\/enequip.es\/es\/servicios-educativos\/gestion-escuelas-infantiles\/","og_locale":"es_ES","og_type":"article","og_title":"Gesti\u00f3n de Escuelas Infantiles - enEquip, serveis integrals a persones i a edificis | Illes Balears","og_description":"Gesti\u00f3n de escuelas infantiles en las Islas Baleares, acompa\u00f1ando el desarrollo de los ni\u00f1os y ni\u00f1as de 0 a 3 a\u00f1os","og_url":"https:\/\/enequip.es\/es\/servicios-educativos\/gestion-escuelas-infantiles\/","og_site_name":"enEquip, serveis integrals a persones i a edificis | Illes Balears","article_modified_time":"2025-09-25T14:27:41+00:00","og_image":[{"width":1200,"height":801,"url":"https:\/\/enequip.es\/wp-content\/uploads\/2019\/09\/EC15393.jpg","type":"image\/jpeg"}],"twitter_card":"summary_large_image","twitter_misc":{"Tiempo de lectura":"5 minutos"},"schema":{"@context":"https:\/\/schema.org","@graph":[{"@type":"WebPage","@id":"https:\/\/enequip.es\/es\/servicios-educativos\/gestion-escuelas-infantiles\/","url":"https:\/\/enequip.es\/es\/servicios-educativos\/gestion-escuelas-infantiles\/","name":"Gesti\u00f3n de Escuelas Infantiles - enEquip, serveis integrals a persones i a edificis | Illes Balears","isPartOf":{"@id":"https:\/\/enequip.es\/es\/#website"},"primaryImageOfPage":{"@id":"https:\/\/enequip.es\/es\/servicios-educativos\/gestion-escuelas-infantiles\/#primaryimage"},"image":{"@id":"https:\/\/enequip.es\/es\/servicios-educativos\/gestion-escuelas-infantiles\/#primaryimage"},"thumbnailUrl":"https:\/\/enequip.es\/wp-content\/uploads\/2019\/09\/EC15393.jpg","datePublished":"2019-09-21T07:17:18+00:00","dateModified":"2025-09-25T14:27:41+00:00","description":"Gesti\u00f3n de escuelas infantiles en las Islas Baleares, acompa\u00f1ando el desarrollo de los ni\u00f1os y ni\u00f1as de 0 a 3 a\u00f1os","breadcrumb":{"@id":"https:\/\/enequip.es\/es\/servicios-educativos\/gestion-escuelas-infantiles\/#breadcrumb"},"inLanguage":"es","potentialAction":[{"@type":"ReadAction","target":["https:\/\/enequip.es\/es\/servicios-educativos\/gestion-escuelas-infantiles\/"]}]},{"@type":"ImageObject","inLanguage":"es","@id":"https:\/\/enequip.es\/es\/servicios-educativos\/gestion-escuelas-infantiles\/#primaryimage","url":"https:\/\/enequip.es\/wp-content\/uploads\/2019\/09\/EC15393.jpg","contentUrl":"https:\/\/enequip.es\/wp-content\/uploads\/2019\/09\/EC15393.jpg","width":1200,"height":801,"caption":"Escoles infantils a les Illes Balears 2"},{"@type":"BreadcrumbList","@id":"https:\/\/enequip.es\/es\/servicios-educativos\/gestion-escuelas-infantiles\/#breadcrumb","itemListElement":[{"@type":"ListItem","position":1,"name":"Home","item":"https:\/\/enequip.es\/es\/"},{"@type":"ListItem","position":2,"name":"Servicios Educativos","item":"https:\/\/enequip.es\/es\/servicios-educativos\/"},{"@type":"ListItem","position":3,"name":"Gesti\u00f3n de Escuelas Infantiles"}]},{"@type":"WebSite","@id":"https:\/\/enequip.es\/es\/#website","url":"https:\/\/enequip.es\/es\/","name":"enEquip, serveis integrals a persones i a edificis | Illes Balears","description":"Gestionam projectes per a millorar la vida de les persones i l&#039;entorn dels edifcis. Serveis socials i t\u00e8cnics a les Balears.","publisher":{"@id":"https:\/\/enequip.es\/es\/#organization"},"potentialAction":[{"@type":"SearchAction","target":{"@type":"EntryPoint","urlTemplate":"https:\/\/enequip.es\/es\/?s={search_term_string}"},"query-input":{"@type":"PropertyValueSpecification","valueRequired":true,"valueName":"search_term_string"}}],"inLanguage":"es"},{"@type":"Organization","@id":"https:\/\/enequip.es\/es\/#organization","name":"enEquip, serveis integrats a persones i a edificis","url":"https:\/\/enequip.es\/es\/","logo":{"@type":"ImageObject","inLanguage":"es","@id":"https:\/\/enequip.es\/es\/#\/schema\/logo\/image\/","url":"https:\/\/enequip.es\/wp-content\/uploads\/2019\/06\/logo_enequip_negre.png","contentUrl":"https:\/\/enequip.es\/wp-content\/uploads\/2019\/06\/logo_enequip_negre.png","width":236,"height":46,"caption":"enEquip, serveis integrats a persones i a edificis"},"image":{"@id":"https:\/\/enequip.es\/es\/#\/schema\/logo\/image\/"},"sameAs":["https:\/\/www.linkedin.com\/company\/enequip\/"]}]}},"_links":{"self":[{"href":"https:\/\/enequip.es\/es\/wp-json\/wp\/v2\/pages\/1846","targetHints":{"allow":["GET"]}}],"collection":[{"href":"https:\/\/enequip.es\/es\/wp-json\/wp\/v2\/pages"}],"about":[{"href":"https:\/\/enequip.es\/es\/wp-json\/wp\/v2\/types\/page"}],"author":[{"embeddable":true,"href":"https:\/\/enequip.es\/es\/wp-json\/wp\/v2\/users\/1"}],"replies":[{"embeddable":true,"href":"https:\/\/enequip.es\/es\/wp-json\/wp\/v2\/comments?post=1846"}],"version-history":[{"count":66,"href":"https:\/\/enequip.es\/es\/wp-json\/wp\/v2\/pages\/1846\/revisions"}],"predecessor-version":[{"id":1862,"href":"https:\/\/enequip.es\/es\/wp-json\/wp\/v2\/pages\/1846\/revisions\/1862"}],"up":[{"embeddable":true,"href":"https:\/\/enequip.es\/es\/wp-json\/wp\/v2\/pages\/1822"}],"wp:featuredmedia":[{"embeddable":true,"href":"https:\/\/enequip.es\/es\/wp-json\/wp\/v2\/media\/1974"}],"wp:attachment":[{"href":"https:\/\/enequip.es\/es\/wp-json\/wp\/v2\/media?parent=1846"}],"curies":[{"name":"wp","href":"https:\/\/api.w.org\/{rel}","templated":true}]}}