{"id":1903,"date":"2019-09-21T11:58:02","date_gmt":"2019-09-21T09:58:02","guid":{"rendered":"https:\/\/enequip.es\/gestio-centres-dia\/"},"modified":"2025-09-23T16:52:14","modified_gmt":"2025-09-23T14:52:14","slug":"gestion-de-centros-de-dia","status":"publish","type":"page","link":"https:\/\/enequip.es\/es\/servicios-sociales\/gestion-de-centros-de-dia\/","title":{"rendered":"Gesti\u00f3n de Centros de D\u00eda"},"content":{"rendered":"<div class=\"wpb-content-wrapper\"><p>[vc_row full_width=&#8221;stretch_row&#8221; css=&#8221;.vc_custom_1758638886395{padding-top: 50px !important;padding-bottom: 125px !important;background-image: url(https:\/\/enequip.es\/wp-content\/uploads\/2019\/11\/enEquip-fons-serveis-socials.jpg?id=1309) !important;background-position: center !important;background-repeat: no-repeat !important;background-size: cover !important;}&#8221;][vc_column css=&#8221;.vc_custom_1569602182402{padding-top: 0px !important;padding-right: 0px !important;padding-bottom: 0px !important;padding-left: 0px !important;}&#8221;]<div class=\"text-block\" ><div class=\"simple-text\"><h4 style=\"text-align: center;\"><span style=\"color: #ffffff;\">Servicios Sociales<\/span><\/h4>\n<\/div><\/div><div class=\"text-block\" ><div class=\"simple-text\"><h1 style=\"text-align: center;\"><span style=\"color: #ffffff;\">Gesti\u00f3n de Centros de D\u00eda<\/span><\/h1>\n<\/div><\/div>[\/vc_column][\/vc_row][vc_row full_height=&#8221;yes&#8221; equal_height=&#8221;yes&#8221; content_placement=&#8221;middle&#8221; css=&#8221;.vc_custom_1573154014422{padding-top: 30px !important;}&#8221;][vc_column width=&#8221;1\/3&#8243;]<div class=\"text-block\" ><div class=\"simple-text\"><h3 style=\"text-align: left;\"><span style=\"color: #1e988a;\">Contribuimos a un envejecimiento activo y socialmente enriquecedor desde los centros de d\u00eda.<\/span><\/h3>\n<\/div><\/div><div  class=\"empty-space  marg-lg-b30\"><\/div><div class=\"text-block\" ><div class=\"simple-text\"><p>Dise\u00f1amos y desarrollamos actividades destinadas a que las personas mayores disfruten de momentos de ocio compartidos, a la vez que desarrollan habilidades como son la <span style=\"color: #1e988a;\"><strong>motricidad fina, la memoria, la creatividad y la expresi\u00f3n corporal<\/strong><\/span>.<\/p>\n<p>Creemos en los centros de d\u00eda participativos, <span style=\"color: #1e988a;\"><strong>enEquip<\/strong><\/span>. Donde las personas usuarias deciden aspectos de su funcionamiento, seg\u00fan sus preferencias. Promovemos un <span style=\"color: #1e988a;\"><strong>estilo de vida saludable y abierto en cohesi\u00f3n <\/strong><\/span>con otros agentes locales.<\/p>\n<p><span style=\"color: #1e988a;\"><strong>Centros<\/strong><\/span><br \/>\nCentro de d\u00eda de Santanyi<\/p>\n<\/div><\/div><div  class=\"empty-space  marg-lg-b30\"><\/div>[\/vc_column][vc_column width=&#8221;2\/3&#8243;]<div  class=\"simple-img\" align=\"right\"><img loading=\"lazy\" decoding=\"async\" class=\"img-responwsive\" src=\"https:\/\/enequip.es\/wp-content\/uploads\/2025\/09\/enEquip-gestio-centres-dia_.jpg\" height=\"440\" width=\"392\" alt=\"\"><div class=\"simple-img-desc\"><\/div><\/div>[\/vc_column][\/vc_row][vc_row css=&#8221;.vc_custom_1573757010022{padding-top: 50px !important;}&#8221;][vc_column width=&#8221;1\/5&#8243;]<div tabindex=\"0\" class=\"ult-new-ib ult-ib-effect-style2  ult-ib-resp  \" data-min-width=\"768\" data-max-width=\"900\" style=\"background:#1e988a;\" data-opacity=\"1\" data-hover-opacity=\"1\" ><img decoding=\"async\" class=\"ult-new-ib-img\" style=\"opacity:1;\" alt=\"null\" src=\"https:\/\/enequip.es\/wp-content\/uploads\/2025\/09\/enEquip-gestio-centres-residencials_.jpg\"   \/><div id=\"interactive-banner-wrap-7875\" class=\"ult-new-ib-desc\" style=\"\"><h2 class=\"ult-new-ib-title ult-responsive\"  data-ultimate-target='#interactive-banner-wrap-7875 .ult-new-ib-title'  data-responsive-json-new='{\"font-size\":\"desktop:12px;\",\"line-height\":\"\"}'  style=\"font-weight:normal;color:#1e988a;\">Gesti\u00f3n de Centros Residenciales<\/h2><\/div><a class=\"ult-new-ib-link\" href=\"https:\/\/enequip.es\/es\/servicios-sociales\/gestion-de-centros-residenciales\/\" title=\"Gesti\u00f3n de Centros Residenciales\"  ><\/a><\/div>[\/vc_column][vc_column width=&#8221;1\/5&#8243;]<div tabindex=\"0\" class=\"ult-new-ib ult-ib-effect-style2  ult-ib-resp  \" data-min-width=\"768\" data-max-width=\"900\" style=\"background:#1e988a;\" data-opacity=\"1\" data-hover-opacity=\"1\" ><img decoding=\"async\" class=\"ult-new-ib-img\" style=\"opacity:1;\" alt=\"null\" src=\"https:\/\/enequip.es\/wp-content\/uploads\/2025\/09\/enEquip-sad_.jpg\"   \/><div id=\"interactive-banner-wrap-7661\" class=\"ult-new-ib-desc\" style=\"\"><h2 class=\"ult-new-ib-title ult-responsive\"  data-ultimate-target='#interactive-banner-wrap-7661 .ult-new-ib-title'  data-responsive-json-new='{\"font-size\":\"desktop:12px;\",\"line-height\":\"\"}'  style=\"font-weight:normal;color:#1e988a;\">Servicios de Atenci\u00f3n Domiciliaria (SAD)<\/h2><\/div><a class=\"ult-new-ib-link\" href=\"https:\/\/enequip.es\/es\/servicios-sociales\/servicios-de-atencion-domiciliaria-sad\/\" title=\"Servicios de Atenci\u00f3n Domiciliaria (SAD)\"  ><\/a><\/div>[\/vc_column][vc_column width=&#8221;1\/5&#8243;]<div tabindex=\"0\" class=\"ult-new-ib ult-ib-effect-style2  ult-ib-resp  \" data-min-width=\"768\" data-max-width=\"900\" style=\"background:#1e988a;\" data-opacity=\"1\" data-hover-opacity=\"1\" ><img decoding=\"async\" class=\"ult-new-ib-img\" style=\"opacity:1;\" alt=\"null\" src=\"https:\/\/enequip.es\/wp-content\/uploads\/2025\/09\/enEquip-programes-Socioeducatius-Psicosocials_.jpg\"   \/><div id=\"interactive-banner-wrap-9823\" class=\"ult-new-ib-desc\" style=\"\"><h2 class=\"ult-new-ib-title ult-responsive\"  data-ultimate-target='#interactive-banner-wrap-9823 .ult-new-ib-title'  data-responsive-json-new='{\"font-size\":\"desktop:12px;\",\"line-height\":\"\"}'  style=\"font-weight:normal;color:#1e988a;\">Programas Socioeducativos y Psicosociales<\/h2><\/div><a class=\"ult-new-ib-link\" href=\"https:\/\/enequip.es\/es\/servicios-sociales\/programas-socioeducativos-y-psicosociales\/\" title=\"Programas Socioeducativos y Psicosociales\"  ><\/a><\/div>[\/vc_column][vc_column width=&#8221;1\/5&#8243;]<div tabindex=\"0\" class=\"ult-new-ib ult-ib-effect-style2  ult-ib-resp  \" data-min-width=\"768\" data-max-width=\"900\" style=\"background:#1e988a;\" data-opacity=\"1\" data-hover-opacity=\"1\" ><img decoding=\"async\" class=\"ult-new-ib-img\" style=\"opacity:1;\" alt=\"null\" src=\"https:\/\/enequip.es\/wp-content\/uploads\/2025\/09\/enEquip-serveis-atencio-dona_.jpg\"   \/><div id=\"interactive-banner-wrap-5916\" class=\"ult-new-ib-desc\" style=\"\"><h2 class=\"ult-new-ib-title ult-responsive\"  data-ultimate-target='#interactive-banner-wrap-5916 .ult-new-ib-title'  data-responsive-json-new='{\"font-size\":\"desktop:12px;\",\"line-height\":\"\"}'  style=\"font-weight:normal;color:#1e988a;\">Servicios de Atenci\u00f3n a las Mujeres<\/h2><\/div><a class=\"ult-new-ib-link\" href=\"https:\/\/enequip.es\/es\/servicios-sociales\/servicios-de-atencion-a-las-mujeres\/\" title=\"Servicios de Atenci\u00f3n a las Mujeres\"  ><\/a><\/div>[\/vc_column][vc_column width=&#8221;1\/5&#8243;][\/vc_column][\/vc_row]<\/p>\n<\/div>","protected":false},"excerpt":{"rendered":"<p>[vc_row full_width=&#8221;stretch_row&#8221; css=&#8221;.vc_custom_1758638886395{padding-top: 50px !important;padding-bottom: 125px !important;background-image: url(https:\/\/enequip.es\/wp-content\/uploads\/2019\/11\/enEquip-fons-serveis-socials.jpg?id=1309) !important;background-position: center !important;background-repeat: no-repeat !important;background-size: cover !important;}&#8221;][vc_column css=&#8221;.vc_custom_1569602182402{padding-top: 0px !important;padding-right: 0px !important;padding-bottom: 0px !important;padding-left: 0px !important;}&#8221;][\/vc_column][\/vc_row][vc_row full_height=&#8221;yes&#8221; equal_height=&#8221;yes&#8221; content_placement=&#8221;middle&#8221; css=&#8221;.vc_custom_1573154014422{padding-top: 30px !important;}&#8221;][vc_column width=&#8221;1\/3&#8243;][\/vc_column][vc_column width=&#8221;2\/3&#8243;][\/vc_column][\/vc_row][vc_row css=&#8221;.vc_custom_1573757010022{padding-top: 50px !important;}&#8221;][vc_column width=&#8221;1\/5&#8243;][\/vc_column][vc_column width=&#8221;1\/5&#8243;][\/vc_column][vc_column width=&#8221;1\/5&#8243;][\/vc_column][vc_column width=&#8221;1\/5&#8243;][\/vc_column][vc_column width=&#8221;1\/5&#8243;][\/vc_column][\/vc_row]<\/p>\n","protected":false},"author":1,"featured_media":0,"parent":1911,"menu_order":0,"comment_status":"closed","ping_status":"closed","template":"","meta":{"footnotes":""},"class_list":["post-1903","page","type-page","status-publish","hentry"],"yoast_head":"<!-- This site is optimized with the Yoast SEO plugin v27.4 - https:\/\/yoast.com\/product\/yoast-seo-wordpress\/ -->\n<title>Gesti\u00f3n de Centros de D\u00eda - enEquip, serveis integrals a persones i a edificis | Illes Balears<\/title>\n<meta name=\"description\" content=\"Gesti\u00f3n de centros de d\u00eda para el acompa\u00f1amiento emocional y de mantenimiento de la autonom\u00eda para personas mayores en las Baleares\" \/>\n<meta name=\"robots\" content=\"index, follow, max-snippet:-1, max-image-preview:large, max-video-preview:-1\" \/>\n<link rel=\"canonical\" href=\"https:\/\/enequip.es\/es\/servicios-sociales\/gestion-de-centros-de-dia\/\" \/>\n<meta property=\"og:locale\" content=\"es_ES\" \/>\n<meta property=\"og:type\" content=\"article\" \/>\n<meta property=\"og:title\" content=\"Gesti\u00f3n de Centros de D\u00eda - enEquip, serveis integrals a persones i a edificis | Illes Balears\" \/>\n<meta property=\"og:description\" content=\"Gesti\u00f3n de centros de d\u00eda para el acompa\u00f1amiento emocional y de mantenimiento de la autonom\u00eda para personas mayores en las Baleares\" \/>\n<meta property=\"og:url\" content=\"https:\/\/enequip.es\/es\/servicios-sociales\/gestion-de-centros-de-dia\/\" \/>\n<meta property=\"og:site_name\" content=\"enEquip, serveis integrals a persones i a edificis | Illes Balears\" \/>\n<meta property=\"article:modified_time\" content=\"2025-09-23T14:52:14+00:00\" \/>\n<meta name=\"twitter:card\" content=\"summary_large_image\" \/>\n<meta name=\"twitter:label1\" content=\"Tiempo de lectura\" \/>\n\t<meta name=\"twitter:data1\" content=\"2 minutos\" \/>\n<script type=\"application\/ld+json\" class=\"yoast-schema-graph\">{\"@context\":\"https:\\\/\\\/schema.org\",\"@graph\":[{\"@type\":\"WebPage\",\"@id\":\"https:\\\/\\\/enequip.es\\\/es\\\/servicios-sociales\\\/gestion-de-centros-de-dia\\\/\",\"url\":\"https:\\\/\\\/enequip.es\\\/es\\\/servicios-sociales\\\/gestion-de-centros-de-dia\\\/\",\"name\":\"Gesti\u00f3n de Centros de D\u00eda - enEquip, serveis integrals a persones i a edificis | Illes Balears\",\"isPartOf\":{\"@id\":\"https:\\\/\\\/enequip.es\\\/es\\\/#website\"},\"datePublished\":\"2019-09-21T09:58:02+00:00\",\"dateModified\":\"2025-09-23T14:52:14+00:00\",\"description\":\"Gesti\u00f3n de centros de d\u00eda para el acompa\u00f1amiento emocional y de mantenimiento de la autonom\u00eda para personas mayores en las Baleares\",\"breadcrumb\":{\"@id\":\"https:\\\/\\\/enequip.es\\\/es\\\/servicios-sociales\\\/gestion-de-centros-de-dia\\\/#breadcrumb\"},\"inLanguage\":\"es\",\"potentialAction\":[{\"@type\":\"ReadAction\",\"target\":[\"https:\\\/\\\/enequip.es\\\/es\\\/servicios-sociales\\\/gestion-de-centros-de-dia\\\/\"]}]},{\"@type\":\"BreadcrumbList\",\"@id\":\"https:\\\/\\\/enequip.es\\\/es\\\/servicios-sociales\\\/gestion-de-centros-de-dia\\\/#breadcrumb\",\"itemListElement\":[{\"@type\":\"ListItem\",\"position\":1,\"name\":\"Home\",\"item\":\"https:\\\/\\\/enequip.es\\\/es\\\/\"},{\"@type\":\"ListItem\",\"position\":2,\"name\":\"Servicios Sociales\",\"item\":\"https:\\\/\\\/enequip.es\\\/es\\\/servicios-sociales\\\/\"},{\"@type\":\"ListItem\",\"position\":3,\"name\":\"Gesti\u00f3n de Centros de D\u00eda\"}]},{\"@type\":\"WebSite\",\"@id\":\"https:\\\/\\\/enequip.es\\\/es\\\/#website\",\"url\":\"https:\\\/\\\/enequip.es\\\/es\\\/\",\"name\":\"enEquip, serveis integrals a persones i a edificis | Illes Balears\",\"description\":\"Gestionam projectes per a millorar la vida de les persones i l&#039;entorn dels edifcis. Serveis socials i t\u00e8cnics a les Balears.\",\"publisher\":{\"@id\":\"https:\\\/\\\/enequip.es\\\/es\\\/#organization\"},\"potentialAction\":[{\"@type\":\"SearchAction\",\"target\":{\"@type\":\"EntryPoint\",\"urlTemplate\":\"https:\\\/\\\/enequip.es\\\/es\\\/?s={search_term_string}\"},\"query-input\":{\"@type\":\"PropertyValueSpecification\",\"valueRequired\":true,\"valueName\":\"search_term_string\"}}],\"inLanguage\":\"es\"},{\"@type\":\"Organization\",\"@id\":\"https:\\\/\\\/enequip.es\\\/es\\\/#organization\",\"name\":\"enEquip, serveis integrats a persones i a edificis\",\"url\":\"https:\\\/\\\/enequip.es\\\/es\\\/\",\"logo\":{\"@type\":\"ImageObject\",\"inLanguage\":\"es\",\"@id\":\"https:\\\/\\\/enequip.es\\\/es\\\/#\\\/schema\\\/logo\\\/image\\\/\",\"url\":\"https:\\\/\\\/enequip.es\\\/wp-content\\\/uploads\\\/2019\\\/06\\\/logo_enequip_negre.png\",\"contentUrl\":\"https:\\\/\\\/enequip.es\\\/wp-content\\\/uploads\\\/2019\\\/06\\\/logo_enequip_negre.png\",\"width\":236,\"height\":46,\"caption\":\"enEquip, serveis integrats a persones i a edificis\"},\"image\":{\"@id\":\"https:\\\/\\\/enequip.es\\\/es\\\/#\\\/schema\\\/logo\\\/image\\\/\"},\"sameAs\":[\"https:\\\/\\\/www.linkedin.com\\\/company\\\/enequip\\\/\"]}]}<\/script>\n<!-- \/ Yoast SEO plugin. -->","yoast_head_json":{"title":"Gesti\u00f3n de Centros de D\u00eda - enEquip, serveis integrals a persones i a edificis | Illes Balears","description":"Gesti\u00f3n de centros de d\u00eda para el acompa\u00f1amiento emocional y de mantenimiento de la autonom\u00eda para personas mayores en las Baleares","robots":{"index":"index","follow":"follow","max-snippet":"max-snippet:-1","max-image-preview":"max-image-preview:large","max-video-preview":"max-video-preview:-1"},"canonical":"https:\/\/enequip.es\/es\/servicios-sociales\/gestion-de-centros-de-dia\/","og_locale":"es_ES","og_type":"article","og_title":"Gesti\u00f3n de Centros de D\u00eda - enEquip, serveis integrals a persones i a edificis | Illes Balears","og_description":"Gesti\u00f3n de centros de d\u00eda para el acompa\u00f1amiento emocional y de mantenimiento de la autonom\u00eda para personas mayores en las Baleares","og_url":"https:\/\/enequip.es\/es\/servicios-sociales\/gestion-de-centros-de-dia\/","og_site_name":"enEquip, serveis integrals a persones i a edificis | Illes Balears","article_modified_time":"2025-09-23T14:52:14+00:00","twitter_card":"summary_large_image","twitter_misc":{"Tiempo de lectura":"2 minutos"},"schema":{"@context":"https:\/\/schema.org","@graph":[{"@type":"WebPage","@id":"https:\/\/enequip.es\/es\/servicios-sociales\/gestion-de-centros-de-dia\/","url":"https:\/\/enequip.es\/es\/servicios-sociales\/gestion-de-centros-de-dia\/","name":"Gesti\u00f3n de Centros de D\u00eda - enEquip, serveis integrals a persones i a edificis | Illes Balears","isPartOf":{"@id":"https:\/\/enequip.es\/es\/#website"},"datePublished":"2019-09-21T09:58:02+00:00","dateModified":"2025-09-23T14:52:14+00:00","description":"Gesti\u00f3n de centros de d\u00eda para el acompa\u00f1amiento emocional y de mantenimiento de la autonom\u00eda para personas mayores en las Baleares","breadcrumb":{"@id":"https:\/\/enequip.es\/es\/servicios-sociales\/gestion-de-centros-de-dia\/#breadcrumb"},"inLanguage":"es","potentialAction":[{"@type":"ReadAction","target":["https:\/\/enequip.es\/es\/servicios-sociales\/gestion-de-centros-de-dia\/"]}]},{"@type":"BreadcrumbList","@id":"https:\/\/enequip.es\/es\/servicios-sociales\/gestion-de-centros-de-dia\/#breadcrumb","itemListElement":[{"@type":"ListItem","position":1,"name":"Home","item":"https:\/\/enequip.es\/es\/"},{"@type":"ListItem","position":2,"name":"Servicios Sociales","item":"https:\/\/enequip.es\/es\/servicios-sociales\/"},{"@type":"ListItem","position":3,"name":"Gesti\u00f3n de Centros de D\u00eda"}]},{"@type":"WebSite","@id":"https:\/\/enequip.es\/es\/#website","url":"https:\/\/enequip.es\/es\/","name":"enEquip, serveis integrals a persones i a edificis | Illes Balears","description":"Gestionam projectes per a millorar la vida de les persones i l&#039;entorn dels edifcis. Serveis socials i t\u00e8cnics a les Balears.","publisher":{"@id":"https:\/\/enequip.es\/es\/#organization"},"potentialAction":[{"@type":"SearchAction","target":{"@type":"EntryPoint","urlTemplate":"https:\/\/enequip.es\/es\/?s={search_term_string}"},"query-input":{"@type":"PropertyValueSpecification","valueRequired":true,"valueName":"search_term_string"}}],"inLanguage":"es"},{"@type":"Organization","@id":"https:\/\/enequip.es\/es\/#organization","name":"enEquip, serveis integrats a persones i a edificis","url":"https:\/\/enequip.es\/es\/","logo":{"@type":"ImageObject","inLanguage":"es","@id":"https:\/\/enequip.es\/es\/#\/schema\/logo\/image\/","url":"https:\/\/enequip.es\/wp-content\/uploads\/2019\/06\/logo_enequip_negre.png","contentUrl":"https:\/\/enequip.es\/wp-content\/uploads\/2019\/06\/logo_enequip_negre.png","width":236,"height":46,"caption":"enEquip, serveis integrats a persones i a edificis"},"image":{"@id":"https:\/\/enequip.es\/es\/#\/schema\/logo\/image\/"},"sameAs":["https:\/\/www.linkedin.com\/company\/enequip\/"]}]}},"_links":{"self":[{"href":"https:\/\/enequip.es\/es\/wp-json\/wp\/v2\/pages\/1903","targetHints":{"allow":["GET"]}}],"collection":[{"href":"https:\/\/enequip.es\/es\/wp-json\/wp\/v2\/pages"}],"about":[{"href":"https:\/\/enequip.es\/es\/wp-json\/wp\/v2\/types\/page"}],"author":[{"embeddable":true,"href":"https:\/\/enequip.es\/es\/wp-json\/wp\/v2\/users\/1"}],"replies":[{"embeddable":true,"href":"https:\/\/enequip.es\/es\/wp-json\/wp\/v2\/comments?post=1903"}],"version-history":[{"count":14,"href":"https:\/\/enequip.es\/es\/wp-json\/wp\/v2\/pages\/1903\/revisions"}],"predecessor-version":[{"id":4160,"href":"https:\/\/enequip.es\/es\/wp-json\/wp\/v2\/pages\/1903\/revisions\/4160"}],"up":[{"embeddable":true,"href":"https:\/\/enequip.es\/es\/wp-json\/wp\/v2\/pages\/1911"}],"wp:attachment":[{"href":"https:\/\/enequip.es\/es\/wp-json\/wp\/v2\/media?parent=1903"}],"curies":[{"name":"wp","href":"https:\/\/api.w.org\/{rel}","templated":true}]}}