{"id":1950,"date":"2019-11-11T18:22:07","date_gmt":"2019-11-11T17:22:07","guid":{"rendered":"https:\/\/enequip.es\/serveis-tecnics-neteja-especialitzada\/"},"modified":"2025-09-25T17:08:59","modified_gmt":"2025-09-25T15:08:59","slug":"servicios-tecnicos-limpieza-especializada","status":"publish","type":"page","link":"https:\/\/enequip.es\/es\/servicios-tecnicos-limpieza-especializada\/","title":{"rendered":"Servicios T\u00e9cnicos &#8211; Limpieza Especializada"},"content":{"rendered":"<div class=\"wpb-content-wrapper\"><p>[vc_row full_width=&#8221;stretch_row_content&#8221; bg_type=&#8221;image&#8221; css=&#8221;.vc_custom_1758812888953{padding-top: 50px !important;padding-bottom: 125px !important;background-image: url(https:\/\/enequip.es\/wp-content\/uploads\/2019\/11\/enEquip-fons-serveis-tecnics.jpg?id=1342) !important;background-position: 0 0 !important;background-repeat: no-repeat !important;}&#8221;][vc_column]<div class=\"text-block\" ><div class=\"simple-text\"><h4 style=\"text-align: center;\"><span style=\"color: #ffffff;\">enEquip<\/span><\/h4>\n<\/div><\/div><div class=\"text-block\" ><div class=\"simple-text\"><h1 style=\"text-align: center;\"><span style=\"color: #ffffff;\">Servicios T\u00e9cnicos<\/span><\/h1>\n<\/div><\/div>[\/vc_column][\/vc_row][vc_row bg_type=&#8221;image&#8221; css=&#8221;.vc_custom_1599669333301{padding-top: 50px !important;padding-bottom: 50px !important;background-position: 0 0 !important;background-repeat: no-repeat !important;}&#8221;][vc_column]<div class=\"text-block\" ><div class=\"simple-text\"><p style=\"text-align: center;\">Somos l\u00edderes en la innovaci\u00f3n aplicada a servicios prestados a edificios, siendo nuestro objetivo la <strong><span style=\"color: #001f5b;\">mejora de la experiencia de las personas usuarias.<\/span><\/strong><\/p>\n<p style=\"text-align: center;\">Aplicamos tecnolog\u00eda puntera y protocolos estrictos a los servicios de limpieza sociosanitaria y hospitalaria, limpieza de equipamientos deportivos, de patrimonio arquitect\u00f3nico y de grandes espacios.<\/p>\n<\/div><\/div>[\/vc_column][\/vc_row][vc_row full_width=&#8221;stretch_row&#8221; bg_type=&#8221;image&#8221; css=&#8221;.vc_custom_1599669360765{background-position: 0 0 !important;background-repeat: no-repeat !important;}&#8221;][vc_column width=&#8221;1\/2&#8243;]<div tabindex=\"0\" class=\"ult-new-ib ult-ib-effect-style2  ult-ib-resp  \" data-min-width=\"768\" data-max-width=\"900\" style=\"background:#001f5b;\" data-opacity=\"1\" data-hover-opacity=\"1\" ><img decoding=\"async\" class=\"ult-new-ib-img\" style=\"opacity:1;\" alt=\"enEquip-neteja-equipaments-esportius_\" src=\"https:\/\/enequip.es\/wp-content\/uploads\/2025\/07\/enEquip-neteja-equipaments-esportius_.jpg\"   \/><div id=\"interactive-banner-wrap-4221\" class=\"ult-new-ib-desc\" style=\"\"><h2 class=\"ult-new-ib-title ult-responsive\"  data-ultimate-target='#interactive-banner-wrap-4221 .ult-new-ib-title'  data-responsive-json-new='{\"font-size\":\"\",\"line-height\":\"\"}'  style=\"font-weight:normal;color:#001f5b;\">Limpieza de Instalaciones Deportivas<\/h2><\/div><a class=\"ult-new-ib-link\" href=\"https:\/\/enequip.es\/es\/servicios-tecnicos-limpieza-especializada\/limpieza-de-instalaciones-deportivas\/\" title=\"Limpieza de Instalaciones Deportivas\"  data-touch-delay=\"0\"><\/a><\/div>[\/vc_column][vc_column width=&#8221;1\/2&#8243;]<div tabindex=\"0\" class=\"ult-new-ib ult-ib-effect-style2  ult-ib-resp  \" data-min-width=\"768\" data-max-width=\"900\" style=\"background:#001f5b;\" data-opacity=\"1\" data-hover-opacity=\"1\" ><img decoding=\"async\" class=\"ult-new-ib-img\" style=\"opacity:1;\" alt=\"enEquip-neteja-sociosanitaria-hospitalaria_\" src=\"https:\/\/enequip.es\/wp-content\/uploads\/2025\/07\/enEquip-neteja-sociosanitaria-hospitalaria_.jpg\"   \/><div id=\"interactive-banner-wrap-6949\" class=\"ult-new-ib-desc\" style=\"\"><h2 class=\"ult-new-ib-title ult-responsive\"  data-ultimate-target='#interactive-banner-wrap-6949 .ult-new-ib-title'  data-responsive-json-new='{\"font-size\":\"\",\"line-height\":\"\"}'  style=\"font-weight:normal;color:#001f5b;\">Limpieza Sociosanitaria y Hospitalaria<\/h2><\/div><a class=\"ult-new-ib-link\" href=\"https:\/\/enequip.es\/es\/servicios-tecnicos-limpieza-especializada\/limpieza-sociosanitaria-y-hospitalaria\/\" title=\"Limpieza Sociosanitaria y Hospitalaria\"  data-touch-delay=\"0\"><\/a><\/div>[\/vc_column][\/vc_row][vc_row full_width=&#8221;stretch_row&#8221; bg_type=&#8221;image&#8221; css=&#8221;.vc_custom_1573754117334{padding-top: 50px !important;padding-bottom: 100px !important;background-position: 0 0 !important;background-repeat: no-repeat !important;}&#8221;][vc_column width=&#8221;1\/2&#8243;]<div tabindex=\"0\" class=\"ult-new-ib ult-ib-effect-style2  ult-ib-resp  \" data-min-width=\"768\" data-max-width=\"900\" style=\"background:#001f5b;\" data-opacity=\"1\" data-hover-opacity=\"1\" ><img decoding=\"async\" class=\"ult-new-ib-img\" style=\"opacity:1;\" alt=\"null\" src=\"https:\/\/enequip.es\/wp-content\/uploads\/2025\/09\/enEquip-neteja-edificis.jpg\"   \/><div id=\"interactive-banner-wrap-4386\" class=\"ult-new-ib-desc\" style=\"\"><h2 class=\"ult-new-ib-title ult-responsive\"  data-ultimate-target='#interactive-banner-wrap-4386 .ult-new-ib-title'  data-responsive-json-new='{\"font-size\":\"\",\"line-height\":\"\"}'  style=\"font-weight:normal;color:#001f5b;\">Limpieza de Edificios<\/h2><\/div><a class=\"ult-new-ib-link\" href=\"\/es\/servicios-tecnicos-limpieza-especializada\/limpieza-edificios\" title=\"Limpieza de Patrimonio\"  data-touch-delay=\"0\"><\/a><\/div>[\/vc_column][vc_column width=&#8221;1\/2&#8243;]<div tabindex=\"0\" class=\"ult-new-ib ult-ib-effect-style2  ult-ib-resp  \" data-min-width=\"768\" data-max-width=\"900\" style=\"background:#001f5b;\" data-opacity=\"1\" data-hover-opacity=\"1\" ><img decoding=\"async\" class=\"ult-new-ib-img\" style=\"opacity:1;\" alt=\"Serveis de neteja a hotels i espais tur\u00edstics a les Illes Balears - enEquip\" src=\"https:\/\/enequip.es\/wp-content\/uploads\/2025\/09\/Serveis-de-neteja-a-hotels-i-espais-turistics-a-les-Illes-Balears-enEquip.jpg\"   \/><div id=\"interactive-banner-wrap-1993\" class=\"ult-new-ib-desc\" style=\"\"><h2 class=\"ult-new-ib-title ult-responsive\"  data-ultimate-target='#interactive-banner-wrap-1993 .ult-new-ib-title'  data-responsive-json-new='{\"font-size\":\"\",\"line-height\":\"\"}'  style=\"font-weight:normal;color:#001f5b;\">Limpieza Especializada de Hoteles<\/h2><\/div><a class=\"ult-new-ib-link\" href=\"https:\/\/enequip.es\/es\/servicios-tecnicos-limpieza-especializada\/limpieza-especializada-de-hoteles\/\" title=\"Limpieza especializada de Hoteles\"  data-touch-delay=\"0\"><\/a><\/div>[\/vc_column][\/vc_row][vc_row full_width=&#8221;stretch_row&#8221; bg_type=&#8221;image&#8221; css=&#8221;.vc_custom_1573754117334{padding-top: 50px !important;padding-bottom: 100px !important;background-position: 0 0 !important;background-repeat: no-repeat !important;}&#8221;][vc_column width=&#8221;1\/2&#8243;]<div tabindex=\"0\" class=\"ult-new-ib ult-ib-effect-style2  ult-ib-resp  \" data-min-width=\"768\" data-max-width=\"900\" style=\"background:#001f5b;\" data-opacity=\"1\" data-hover-opacity=\"1\" ><img decoding=\"async\" class=\"ult-new-ib-img\" style=\"opacity:1;\" alt=\"Serveis de neteja d&#039;escoletes a les Illes Balears - enEquip\" src=\"https:\/\/enequip.es\/wp-content\/uploads\/2025\/09\/Serveis-de-neteja-descoletes-a-les-Illes-Balears-enEquip.jpg\"   \/><div id=\"interactive-banner-wrap-1984\" class=\"ult-new-ib-desc\" style=\"\"><h2 class=\"ult-new-ib-title ult-responsive\"  data-ultimate-target='#interactive-banner-wrap-1984 .ult-new-ib-title'  data-responsive-json-new='{\"font-size\":\"\",\"line-height\":\"\"}'  style=\"font-weight:normal;color:#001f5b;\">Limpieza de Centros Educativos<\/h2><\/div><a class=\"ult-new-ib-link\" href=\"https:\/\/enequip.es\/es\/servicios-tecnicos-limpieza-especializada\/limpieza-de-centros-educativos\/\" title=\"Neteja de Centres Educatius\"  ><\/a><\/div>[\/vc_column][vc_column width=&#8221;1\/2&#8243;][\/vc_column][\/vc_row]<\/p>\n<\/div>","protected":false},"excerpt":{"rendered":"<p>[vc_row full_width=&#8221;stretch_row_content&#8221; bg_type=&#8221;image&#8221; css=&#8221;.vc_custom_1758812888953{padding-top: 50px !important;padding-bottom: 125px !important;background-image: url(https:\/\/enequip.es\/wp-content\/uploads\/2019\/11\/enEquip-fons-serveis-tecnics.jpg?id=1342) !important;background-position: 0 0 !important;background-repeat: no-repeat !important;}&#8221;][vc_column][\/vc_column][\/vc_row][vc_row bg_type=&#8221;image&#8221; css=&#8221;.vc_custom_1599669333301{padding-top: 50px !important;padding-bottom: 50px !important;background-position: 0 0 !important;background-repeat: no-repeat !important;}&#8221;][vc_column][\/vc_column][\/vc_row][vc_row full_width=&#8221;stretch_row&#8221; bg_type=&#8221;image&#8221; css=&#8221;.vc_custom_1599669360765{background-position: 0 0 !important;background-repeat: no-repeat !important;}&#8221;][vc_column width=&#8221;1\/2&#8243;][\/vc_column][vc_column width=&#8221;1\/2&#8243;][\/vc_column][\/vc_row][vc_row full_width=&#8221;stretch_row&#8221; bg_type=&#8221;image&#8221; css=&#8221;.vc_custom_1573754117334{padding-top: 50px !important;padding-bottom: 100px !important;background-position: 0 0 !important;background-repeat: no-repeat !important;}&#8221;][vc_column width=&#8221;1\/2&#8243;][\/vc_column][vc_column width=&#8221;1\/2&#8243;][\/vc_column][\/vc_row][vc_row full_width=&#8221;stretch_row&#8221; bg_type=&#8221;image&#8221; css=&#8221;.vc_custom_1573754117334{padding-top: 50px !important;padding-bottom: [&hellip;]<\/p>\n","protected":false},"author":1,"featured_media":0,"parent":0,"menu_order":0,"comment_status":"closed","ping_status":"closed","template":"","meta":{"footnotes":""},"class_list":["post-1950","page","type-page","status-publish","hentry"],"yoast_head":"<!-- This site is optimized with the Yoast SEO plugin v27.4 - https:\/\/yoast.com\/product\/yoast-seo-wordpress\/ -->\n<title>Servicios T\u00e9cnicos | Limpieza Especializada | enEquip | Baleares<\/title>\n<meta name=\"description\" content=\"L\u00edderes en innovaci\u00f3n y tecnolog\u00eda en servicios t\u00e9cnicos de limpieza a edificios administrativos, hospitales y equipamientos deportivos\" \/>\n<meta name=\"robots\" content=\"index, follow, max-snippet:-1, max-image-preview:large, max-video-preview:-1\" \/>\n<link rel=\"canonical\" href=\"https:\/\/enequip.es\/es\/servicios-tecnicos-limpieza-especializada\/\" \/>\n<meta property=\"og:locale\" content=\"es_ES\" \/>\n<meta property=\"og:type\" content=\"article\" \/>\n<meta property=\"og:title\" content=\"Servicios T\u00e9cnicos | Limpieza Especializada | enEquip | Baleares\" \/>\n<meta property=\"og:description\" content=\"L\u00edderes en innovaci\u00f3n y tecnolog\u00eda en servicios t\u00e9cnicos de limpieza a edificios administrativos, hospitales y equipamientos deportivos\" \/>\n<meta property=\"og:url\" content=\"https:\/\/enequip.es\/es\/servicios-tecnicos-limpieza-especializada\/\" \/>\n<meta property=\"og:site_name\" content=\"enEquip, serveis integrals a persones i a edificis | Illes Balears\" \/>\n<meta property=\"article:modified_time\" content=\"2025-09-25T15:08:59+00:00\" \/>\n<meta name=\"twitter:card\" content=\"summary_large_image\" \/>\n<meta name=\"twitter:label1\" content=\"Tiempo de lectura\" \/>\n\t<meta name=\"twitter:data1\" content=\"2 minutos\" \/>\n<script type=\"application\/ld+json\" class=\"yoast-schema-graph\">{\"@context\":\"https:\\\/\\\/schema.org\",\"@graph\":[{\"@type\":\"WebPage\",\"@id\":\"https:\\\/\\\/enequip.es\\\/es\\\/servicios-tecnicos-limpieza-especializada\\\/\",\"url\":\"https:\\\/\\\/enequip.es\\\/es\\\/servicios-tecnicos-limpieza-especializada\\\/\",\"name\":\"Servicios T\u00e9cnicos | Limpieza Especializada | enEquip | Baleares\",\"isPartOf\":{\"@id\":\"https:\\\/\\\/enequip.es\\\/es\\\/#website\"},\"datePublished\":\"2019-11-11T17:22:07+00:00\",\"dateModified\":\"2025-09-25T15:08:59+00:00\",\"description\":\"L\u00edderes en innovaci\u00f3n y tecnolog\u00eda en servicios t\u00e9cnicos de limpieza a edificios administrativos, hospitales y equipamientos deportivos\",\"breadcrumb\":{\"@id\":\"https:\\\/\\\/enequip.es\\\/es\\\/servicios-tecnicos-limpieza-especializada\\\/#breadcrumb\"},\"inLanguage\":\"es\",\"potentialAction\":[{\"@type\":\"ReadAction\",\"target\":[\"https:\\\/\\\/enequip.es\\\/es\\\/servicios-tecnicos-limpieza-especializada\\\/\"]}]},{\"@type\":\"BreadcrumbList\",\"@id\":\"https:\\\/\\\/enequip.es\\\/es\\\/servicios-tecnicos-limpieza-especializada\\\/#breadcrumb\",\"itemListElement\":[{\"@type\":\"ListItem\",\"position\":1,\"name\":\"Home\",\"item\":\"https:\\\/\\\/enequip.es\\\/es\\\/\"},{\"@type\":\"ListItem\",\"position\":2,\"name\":\"Servicios T\u00e9cnicos &#8211; Limpieza Especializada\"}]},{\"@type\":\"WebSite\",\"@id\":\"https:\\\/\\\/enequip.es\\\/es\\\/#website\",\"url\":\"https:\\\/\\\/enequip.es\\\/es\\\/\",\"name\":\"enEquip, serveis integrals a persones i a edificis | Illes Balears\",\"description\":\"Gestionam projectes per a millorar la vida de les persones i l&#039;entorn dels edifcis. Serveis socials i t\u00e8cnics a les Balears.\",\"publisher\":{\"@id\":\"https:\\\/\\\/enequip.es\\\/es\\\/#organization\"},\"potentialAction\":[{\"@type\":\"SearchAction\",\"target\":{\"@type\":\"EntryPoint\",\"urlTemplate\":\"https:\\\/\\\/enequip.es\\\/es\\\/?s={search_term_string}\"},\"query-input\":{\"@type\":\"PropertyValueSpecification\",\"valueRequired\":true,\"valueName\":\"search_term_string\"}}],\"inLanguage\":\"es\"},{\"@type\":\"Organization\",\"@id\":\"https:\\\/\\\/enequip.es\\\/es\\\/#organization\",\"name\":\"enEquip, serveis integrats a persones i a edificis\",\"url\":\"https:\\\/\\\/enequip.es\\\/es\\\/\",\"logo\":{\"@type\":\"ImageObject\",\"inLanguage\":\"es\",\"@id\":\"https:\\\/\\\/enequip.es\\\/es\\\/#\\\/schema\\\/logo\\\/image\\\/\",\"url\":\"https:\\\/\\\/enequip.es\\\/wp-content\\\/uploads\\\/2019\\\/06\\\/logo_enequip_negre.png\",\"contentUrl\":\"https:\\\/\\\/enequip.es\\\/wp-content\\\/uploads\\\/2019\\\/06\\\/logo_enequip_negre.png\",\"width\":236,\"height\":46,\"caption\":\"enEquip, serveis integrats a persones i a edificis\"},\"image\":{\"@id\":\"https:\\\/\\\/enequip.es\\\/es\\\/#\\\/schema\\\/logo\\\/image\\\/\"},\"sameAs\":[\"https:\\\/\\\/www.linkedin.com\\\/company\\\/enequip\\\/\"]}]}<\/script>\n<!-- \/ Yoast SEO plugin. -->","yoast_head_json":{"title":"Servicios T\u00e9cnicos | Limpieza Especializada | enEquip | Baleares","description":"L\u00edderes en innovaci\u00f3n y tecnolog\u00eda en servicios t\u00e9cnicos de limpieza a edificios administrativos, hospitales y equipamientos deportivos","robots":{"index":"index","follow":"follow","max-snippet":"max-snippet:-1","max-image-preview":"max-image-preview:large","max-video-preview":"max-video-preview:-1"},"canonical":"https:\/\/enequip.es\/es\/servicios-tecnicos-limpieza-especializada\/","og_locale":"es_ES","og_type":"article","og_title":"Servicios T\u00e9cnicos | Limpieza Especializada | enEquip | Baleares","og_description":"L\u00edderes en innovaci\u00f3n y tecnolog\u00eda en servicios t\u00e9cnicos de limpieza a edificios administrativos, hospitales y equipamientos deportivos","og_url":"https:\/\/enequip.es\/es\/servicios-tecnicos-limpieza-especializada\/","og_site_name":"enEquip, serveis integrals a persones i a edificis | Illes Balears","article_modified_time":"2025-09-25T15:08:59+00:00","twitter_card":"summary_large_image","twitter_misc":{"Tiempo de lectura":"2 minutos"},"schema":{"@context":"https:\/\/schema.org","@graph":[{"@type":"WebPage","@id":"https:\/\/enequip.es\/es\/servicios-tecnicos-limpieza-especializada\/","url":"https:\/\/enequip.es\/es\/servicios-tecnicos-limpieza-especializada\/","name":"Servicios T\u00e9cnicos | Limpieza Especializada | enEquip | Baleares","isPartOf":{"@id":"https:\/\/enequip.es\/es\/#website"},"datePublished":"2019-11-11T17:22:07+00:00","dateModified":"2025-09-25T15:08:59+00:00","description":"L\u00edderes en innovaci\u00f3n y tecnolog\u00eda en servicios t\u00e9cnicos de limpieza a edificios administrativos, hospitales y equipamientos deportivos","breadcrumb":{"@id":"https:\/\/enequip.es\/es\/servicios-tecnicos-limpieza-especializada\/#breadcrumb"},"inLanguage":"es","potentialAction":[{"@type":"ReadAction","target":["https:\/\/enequip.es\/es\/servicios-tecnicos-limpieza-especializada\/"]}]},{"@type":"BreadcrumbList","@id":"https:\/\/enequip.es\/es\/servicios-tecnicos-limpieza-especializada\/#breadcrumb","itemListElement":[{"@type":"ListItem","position":1,"name":"Home","item":"https:\/\/enequip.es\/es\/"},{"@type":"ListItem","position":2,"name":"Servicios T\u00e9cnicos &#8211; Limpieza Especializada"}]},{"@type":"WebSite","@id":"https:\/\/enequip.es\/es\/#website","url":"https:\/\/enequip.es\/es\/","name":"enEquip, serveis integrals a persones i a edificis | Illes Balears","description":"Gestionam projectes per a millorar la vida de les persones i l&#039;entorn dels edifcis. Serveis socials i t\u00e8cnics a les Balears.","publisher":{"@id":"https:\/\/enequip.es\/es\/#organization"},"potentialAction":[{"@type":"SearchAction","target":{"@type":"EntryPoint","urlTemplate":"https:\/\/enequip.es\/es\/?s={search_term_string}"},"query-input":{"@type":"PropertyValueSpecification","valueRequired":true,"valueName":"search_term_string"}}],"inLanguage":"es"},{"@type":"Organization","@id":"https:\/\/enequip.es\/es\/#organization","name":"enEquip, serveis integrats a persones i a edificis","url":"https:\/\/enequip.es\/es\/","logo":{"@type":"ImageObject","inLanguage":"es","@id":"https:\/\/enequip.es\/es\/#\/schema\/logo\/image\/","url":"https:\/\/enequip.es\/wp-content\/uploads\/2019\/06\/logo_enequip_negre.png","contentUrl":"https:\/\/enequip.es\/wp-content\/uploads\/2019\/06\/logo_enequip_negre.png","width":236,"height":46,"caption":"enEquip, serveis integrats a persones i a edificis"},"image":{"@id":"https:\/\/enequip.es\/es\/#\/schema\/logo\/image\/"},"sameAs":["https:\/\/www.linkedin.com\/company\/enequip\/"]}]}},"_links":{"self":[{"href":"https:\/\/enequip.es\/es\/wp-json\/wp\/v2\/pages\/1950","targetHints":{"allow":["GET"]}}],"collection":[{"href":"https:\/\/enequip.es\/es\/wp-json\/wp\/v2\/pages"}],"about":[{"href":"https:\/\/enequip.es\/es\/wp-json\/wp\/v2\/types\/page"}],"author":[{"embeddable":true,"href":"https:\/\/enequip.es\/es\/wp-json\/wp\/v2\/users\/1"}],"replies":[{"embeddable":true,"href":"https:\/\/enequip.es\/es\/wp-json\/wp\/v2\/comments?post=1950"}],"version-history":[{"count":19,"href":"https:\/\/enequip.es\/es\/wp-json\/wp\/v2\/pages\/1950\/revisions"}],"predecessor-version":[{"id":1965,"href":"https:\/\/enequip.es\/es\/wp-json\/wp\/v2\/pages\/1950\/revisions\/1965"}],"wp:attachment":[{"href":"https:\/\/enequip.es\/es\/wp-json\/wp\/v2\/media?parent=1950"}],"curies":[{"name":"wp","href":"https:\/\/api.w.org\/{rel}","templated":true}]}}