{"id":2000,"date":"2019-09-22T18:32:05","date_gmt":"2019-09-22T16:32:05","guid":{"rendered":"https:\/\/enequip.es\/aviso-legal\/politica-cookies\/"},"modified":"2023-09-13T14:48:13","modified_gmt":"2023-09-13T12:48:13","slug":"politica-cookies","status":"publish","type":"page","link":"https:\/\/enequip.es\/es\/aviso-legal\/politica-cookies\/","title":{"rendered":"Pol\u00edtica de cookies"},"content":{"rendered":"<div class=\"wpb-content-wrapper\"><p>[vc_row full_width=&#8221;stretch_row&#8221; css=&#8221;.vc_custom_1573758418750{padding-top: 50px !important;padding-bottom: 100px !important;background-image: url(https:\/\/enequip.es\/wp-content\/uploads\/2019\/11\/enEquip-fons-qui-som.png?id=1264) !important;background-position: center !important;background-repeat: no-repeat !important;background-size: cover !important;}&#8221;][vc_column]<div class=\"text-block\" ><div class=\"simple-text\"><h4 style=\"text-align: center;\"><span style=\"color: #ffffff;\">enEquip<\/span><\/h4>\n<\/div><\/div><div class=\"text-block\" ><div class=\"simple-text\"><h1 style=\"text-align: center;\"><span style=\"color: #ffffff;\">Pol\u00edtica de cookies<\/span><\/h1>\n<\/div><\/div>[\/vc_column][\/vc_row][vc_row][vc_column]<div class=\"text-block\" ><div class=\"simple-text\"><p><b>Introducci\u00f3n<\/b><\/p>\n<p>El editor de la p\u00e1gina <a href=\"http:\/\/enequip.es\"><strong>http:\/\/enequip.es<\/strong><\/a> es ENEQUIP SERVEIS INTEGRALS, S.L., en cumplimiento del art\u00edculo 22 de la Ley 34\/2002, de 11 de julio, de servicios de la sociedad de la informaci\u00f3n y de comercio electr\u00f3nico, facilita a los Usuarios informaci\u00f3n relativa a las cookies , qu\u00e9 son las cookies, qu\u00e9 tipos de cookies instalan en el ordenador (en adelante, equipo) del Usuario cuando \u00e9ste visita nuestro sitio, y cu\u00e1l es la finalidad del uso de las cookies.<\/p>\n<p><b>\u00bfQu\u00e9 son las cookies?<\/b><\/p>\n<p>Una &#8220;cookie&#8221; es un elemento de datos que un sitio web puede enviar a su navegador y que quiz\u00e1s se almacene en su sistema.<\/p>\n<p>Una cookie es un peque\u00f1o archivo de texto que un proveedor de servicios en l\u00ednea (como www._________.com) instala en el equipo de las personas que visitan su sitio web. Las cookies pueden pedir informaci\u00f3n sobre los h\u00e1bitos de los visitantes con respecto al uso de este sitio web registrando las actividades de su equipo en relaci\u00f3n con este sitio, por ejemplo, cuando realiza compras.<\/p>\n<p>Las cookies que se utilizan son fundamentalmente para optimizar el funcionamiento del sitio web. Las cookies generadas cuando un usuario simplemente visita nuestro sitio no nos permiten identificarle personalmente.<\/p>\n<p><b>Tipos de cookies<\/b><\/p>\n<p><b>Seg\u00fan el plazo de tiempo que permanecen activadas:<\/b><\/p>\n<p><strong>Cookies de sesi\u00f3n: <\/strong>Son cookies temporales que permanecen en el archivo de cookies de su navegador hasta que abandone la p\u00e1gina web, de modo que ninguna queda registrada en el equipo del usuario. La informaci\u00f3n obtenida por medio de estas cookies, sirve para analizar pautas de tr\u00e1fico en la web. Por ejemplo, permiten llevar a cabo un seguimiento del uso que se realiza de nuestros sitios durante una sesi\u00f3n de navegaci\u00f3n \u00fanica y ayudan a utilizar nuestro sitio de forma m\u00e1s eficaz.<\/p>\n<p><strong>Cookies persistentes: <\/strong>Quedan almacenadas en el equipo del usuario durante una sesi\u00f3n de navegaci\u00f3n y permanecen en el equipo al finalizar la sesi\u00f3n de navegaci\u00f3n. Las cookies persistentes se mantienen activas durante per\u00edodos definidos que pueden ir entre varios minutos a a\u00f1os.<\/p>\n<p><strong>Seg\u00fan la entidad que las gestione<\/strong><\/p>\n<p><strong>Cookies propias<\/strong><\/p>\n<p>Son aquellas que se env\u00edan al equipo del usuario desde un equipo o dominio gestionado por el propio editor y desde el que se presta el servicio solicitado por el usuario.<\/p>\n<p>Pueden incluir cookies como cookies de sesi\u00f3n y cookies persistentes. Utilizamos las cookies de origen para seguir los movimientos efectuados desde el ordenador u otro dispositivo del usuario al consultar nuestra p\u00e1gina, por ejemplo, con fines de comercializaci\u00f3n y an\u00e1lisis.<\/p>\n<p><b>Cookies de terceros<\/b><\/p>\n<p>Son aquellas que se env\u00edan al equipo del usuario desde un equipo o dominio que no es gestionado por el editor, sino por otra entidad que trata los datos obtenidos mediante las cookies, como por ejemplo, las usadas en redes sociales, o por complementos externos de contenido como Google Maps.<\/p>\n<p><b>Relaci\u00f3n y descripci\u00f3n de cookies:<\/b><\/p>\n<p>A continuaci\u00f3n, se proporciona informaci\u00f3n m\u00e1s detallada sobre las cookies que se instalan en el equipo del Usuario al visitar nuestro sitio:<\/p>\n<p><script id=\"CookieDeclaration\" data-culture=\"es\" src=\"https:\/\/consent.cookiebot.com\/0d46f788-9bdc-40fa-876e-131e95dd60fd\/cd.js\" type=\"text\/javascript\" async><\/script><\/p>\n<p><b>\u00bfC\u00f3mo se pueden desactivar las cookies?<\/b><\/p>\n<p>El usuario puede bloquear \/ desactivar la instalaci\u00f3n de cookies en su equipo modificando la configuraci\u00f3n del navegador. Para ello debe seguir las instrucciones proporcionadas por el proveedor del navegador de Internet o de cualquier otro dispositivo. Sin embargo, el Usuario debe tener en cuenta que este bloqueo puede limitar en gran medida el grado de satisfacci\u00f3n de las visitas a http:\/\/enequip.es e, incluso, puede impedir utilizar nuestros sitios. Normalmente es posible dejar de aceptar las cookies del navegador, o dejar de aceptar las cookies de un servicio en particular.<\/p>\n<p>Los usuarios pueden decidir libremente gestionar el uso de las cookies (activar \/ desactivar). Pueden controlar y modificar la configuraci\u00f3n de las cookies en su navegador web. Las informaciones sobre los ajustes de las cookies (para diferentes exploradores web) est\u00e1n disponibles a trav\u00e9s de los siguientes enlaces:<\/p>\n<ul class=\"cuadrado\">\n<li><a href=\"http:\/\/windows.microsoft.com\/es-es\/windows-vista\/block-or-allow-cookies\" target=\"_blank\" rel=\"noopener noreferrer\">Internet Explorer 7 i 8<\/a><\/li>\n<li><a href=\"http:\/\/windows.microsoft.com\/es-es\/windows7\/how-to-manage-cookies-in-internet-explorer-9\" target=\"_blank\" rel=\"noopener noreferrer\">Internet Explorer 9<\/a><\/li>\n<li><a href=\"https:\/\/support.google.com\/accounts\/answer\/61416?hl=es\" target=\"_blank\" rel=\"noopener noreferrer\">Google Chrome<\/a><\/li>\n<li><a href=\"http:\/\/support.mozilla.org\/es\/kb\/habilitar-y-deshabilitar-cookies-que-los-sitios-we\" target=\"_blank\" rel=\"noopener noreferrer\">Firefox<\/a><\/li>\n<li><a href=\"http:\/\/www.opera.com\/help\/tutorials\/security\/cookies\/\" target=\"_blank\" rel=\"noopener noreferrer\">Opera (p\u00e1gina en ingl\u00e9s)<\/a><\/li>\n<li><a href=\"http:\/\/support.apple.com\/kb\/HT1677?viewlocale=es_ES\" target=\"_blank\" rel=\"noopener noreferrer\">Safari<\/a><\/li>\n<\/ul>\n<p>&nbsp;<\/p>\n<p>Si bloquea las cookies, algunas posibilidades de la p\u00e1gina web quedar\u00e1n desactivadas.<\/p>\n<p>Para obtener m\u00e1s informaci\u00f3n sobre las cookies, incluyendo c\u00f3mo ver lo que se han establecido las cookies y c\u00f3mo gestionar y borrarlas, puede visitar <a href=\"http:\/\/support.microsoft.com\/gp\/cookies o www.aboutcookies.org .\">http:\/\/support.microsoft.com\/gp\/cookies o www.aboutcookies.org .<\/a><\/p>\n<p><b>\u00bfAlguna pregunta?<\/b><\/p>\n<p>Si el usuario tiene alguna pregunta, no debe dudar en ponerse en contacto con nosotros en la direcci\u00f3n indicada en nuestra <strong><a href=\"\/es\/aviso-legal\/politica-proteccion-datos\/\">Pol\u00edtica de Privacidad.<\/a><\/strong><\/p>\n<\/div><\/div>[\/vc_column][\/vc_row]<\/p>\n<\/div>","protected":false},"excerpt":{"rendered":"<p>[vc_row full_width=&#8221;stretch_row&#8221; css=&#8221;.vc_custom_1573758418750{padding-top: 50px !important;padding-bottom: 100px !important;background-image: url(https:\/\/enequip.es\/wp-content\/uploads\/2019\/11\/enEquip-fons-qui-som.png?id=1264) !important;background-position: center !important;background-repeat: no-repeat !important;background-size: cover !important;}&#8221;][vc_column][\/vc_column][\/vc_row][vc_row][vc_column][\/vc_column][\/vc_row]<\/p>\n","protected":false},"author":1,"featured_media":0,"parent":1985,"menu_order":0,"comment_status":"closed","ping_status":"open","template":"","meta":{"footnotes":""},"class_list":["post-2000","page","type-page","status-publish","hentry"],"yoast_head":"<!-- This site is optimized with the Yoast SEO plugin v27.4 - https:\/\/yoast.com\/product\/yoast-seo-wordpress\/ -->\n<title>Pol\u00edtica de cookies - enEquip, serveis integrals a persones i a edificis | Illes Balears<\/title>\n<meta name=\"robots\" content=\"index, follow, max-snippet:-1, max-image-preview:large, max-video-preview:-1\" \/>\n<link rel=\"canonical\" href=\"https:\/\/enequip.es\/es\/aviso-legal\/politica-cookies\/\" \/>\n<meta property=\"og:locale\" content=\"es_ES\" \/>\n<meta property=\"og:type\" content=\"article\" \/>\n<meta property=\"og:title\" content=\"Pol\u00edtica de cookies - enEquip, serveis integrals a persones i a edificis | Illes Balears\" \/>\n<meta property=\"og:description\" content=\"[vc_row full_width=&#8221;stretch_row&#8221; css=&#8221;.vc_custom_1573758418750{padding-top: 50px !important;padding-bottom: 100px !important;background-image: url(https:\/\/enequip.es\/wp-content\/uploads\/2019\/11\/enEquip-fons-qui-som.png?id=1264) !important;background-position: center !important;background-repeat: no-repeat !important;background-size: cover !important;}&#8221;][vc_column][\/vc_column][\/vc_row][vc_row][vc_column][\/vc_column][\/vc_row]\" \/>\n<meta property=\"og:url\" content=\"https:\/\/enequip.es\/es\/aviso-legal\/politica-cookies\/\" \/>\n<meta property=\"og:site_name\" content=\"enEquip, serveis integrals a persones i a edificis | Illes Balears\" \/>\n<meta property=\"article:modified_time\" content=\"2023-09-13T12:48:13+00:00\" \/>\n<meta name=\"twitter:card\" content=\"summary_large_image\" \/>\n<meta name=\"twitter:label1\" content=\"Tiempo de lectura\" \/>\n\t<meta name=\"twitter:data1\" content=\"5 minutos\" \/>\n<script type=\"application\/ld+json\" class=\"yoast-schema-graph\">{\"@context\":\"https:\\\/\\\/schema.org\",\"@graph\":[{\"@type\":\"WebPage\",\"@id\":\"https:\\\/\\\/enequip.es\\\/es\\\/aviso-legal\\\/politica-cookies\\\/\",\"url\":\"https:\\\/\\\/enequip.es\\\/es\\\/aviso-legal\\\/politica-cookies\\\/\",\"name\":\"Pol\u00edtica de cookies - enEquip, serveis integrals a persones i a edificis | Illes Balears\",\"isPartOf\":{\"@id\":\"https:\\\/\\\/enequip.es\\\/es\\\/#website\"},\"datePublished\":\"2019-09-22T16:32:05+00:00\",\"dateModified\":\"2023-09-13T12:48:13+00:00\",\"breadcrumb\":{\"@id\":\"https:\\\/\\\/enequip.es\\\/es\\\/aviso-legal\\\/politica-cookies\\\/#breadcrumb\"},\"inLanguage\":\"es\",\"potentialAction\":[{\"@type\":\"ReadAction\",\"target\":[\"https:\\\/\\\/enequip.es\\\/es\\\/aviso-legal\\\/politica-cookies\\\/\"]}]},{\"@type\":\"BreadcrumbList\",\"@id\":\"https:\\\/\\\/enequip.es\\\/es\\\/aviso-legal\\\/politica-cookies\\\/#breadcrumb\",\"itemListElement\":[{\"@type\":\"ListItem\",\"position\":1,\"name\":\"Home\",\"item\":\"https:\\\/\\\/enequip.es\\\/es\\\/\"},{\"@type\":\"ListItem\",\"position\":2,\"name\":\"Aviso legal\",\"item\":\"https:\\\/\\\/enequip.es\\\/es\\\/aviso-legal\\\/\"},{\"@type\":\"ListItem\",\"position\":3,\"name\":\"Pol\u00edtica de cookies\"}]},{\"@type\":\"WebSite\",\"@id\":\"https:\\\/\\\/enequip.es\\\/es\\\/#website\",\"url\":\"https:\\\/\\\/enequip.es\\\/es\\\/\",\"name\":\"enEquip, serveis integrals a persones i a edificis | Illes Balears\",\"description\":\"Gestionam projectes per a millorar la vida de les persones i l&#039;entorn dels edifcis. Serveis socials i t\u00e8cnics a les Balears.\",\"publisher\":{\"@id\":\"https:\\\/\\\/enequip.es\\\/es\\\/#organization\"},\"potentialAction\":[{\"@type\":\"SearchAction\",\"target\":{\"@type\":\"EntryPoint\",\"urlTemplate\":\"https:\\\/\\\/enequip.es\\\/es\\\/?s={search_term_string}\"},\"query-input\":{\"@type\":\"PropertyValueSpecification\",\"valueRequired\":true,\"valueName\":\"search_term_string\"}}],\"inLanguage\":\"es\"},{\"@type\":\"Organization\",\"@id\":\"https:\\\/\\\/enequip.es\\\/es\\\/#organization\",\"name\":\"enEquip, serveis integrats a persones i a edificis\",\"url\":\"https:\\\/\\\/enequip.es\\\/es\\\/\",\"logo\":{\"@type\":\"ImageObject\",\"inLanguage\":\"es\",\"@id\":\"https:\\\/\\\/enequip.es\\\/es\\\/#\\\/schema\\\/logo\\\/image\\\/\",\"url\":\"https:\\\/\\\/enequip.es\\\/wp-content\\\/uploads\\\/2019\\\/06\\\/logo_enequip_negre.png\",\"contentUrl\":\"https:\\\/\\\/enequip.es\\\/wp-content\\\/uploads\\\/2019\\\/06\\\/logo_enequip_negre.png\",\"width\":236,\"height\":46,\"caption\":\"enEquip, serveis integrats a persones i a edificis\"},\"image\":{\"@id\":\"https:\\\/\\\/enequip.es\\\/es\\\/#\\\/schema\\\/logo\\\/image\\\/\"},\"sameAs\":[\"https:\\\/\\\/www.linkedin.com\\\/company\\\/enequip\\\/\"]}]}<\/script>\n<!-- \/ Yoast SEO plugin. -->","yoast_head_json":{"title":"Pol\u00edtica de cookies - enEquip, serveis integrals a persones i a edificis | Illes Balears","robots":{"index":"index","follow":"follow","max-snippet":"max-snippet:-1","max-image-preview":"max-image-preview:large","max-video-preview":"max-video-preview:-1"},"canonical":"https:\/\/enequip.es\/es\/aviso-legal\/politica-cookies\/","og_locale":"es_ES","og_type":"article","og_title":"Pol\u00edtica de cookies - enEquip, serveis integrals a persones i a edificis | Illes Balears","og_description":"[vc_row full_width=&#8221;stretch_row&#8221; css=&#8221;.vc_custom_1573758418750{padding-top: 50px !important;padding-bottom: 100px !important;background-image: url(https:\/\/enequip.es\/wp-content\/uploads\/2019\/11\/enEquip-fons-qui-som.png?id=1264) !important;background-position: center !important;background-repeat: no-repeat !important;background-size: cover !important;}&#8221;][vc_column][\/vc_column][\/vc_row][vc_row][vc_column][\/vc_column][\/vc_row]","og_url":"https:\/\/enequip.es\/es\/aviso-legal\/politica-cookies\/","og_site_name":"enEquip, serveis integrals a persones i a edificis | Illes Balears","article_modified_time":"2023-09-13T12:48:13+00:00","twitter_card":"summary_large_image","twitter_misc":{"Tiempo de lectura":"5 minutos"},"schema":{"@context":"https:\/\/schema.org","@graph":[{"@type":"WebPage","@id":"https:\/\/enequip.es\/es\/aviso-legal\/politica-cookies\/","url":"https:\/\/enequip.es\/es\/aviso-legal\/politica-cookies\/","name":"Pol\u00edtica de cookies - enEquip, serveis integrals a persones i a edificis | Illes Balears","isPartOf":{"@id":"https:\/\/enequip.es\/es\/#website"},"datePublished":"2019-09-22T16:32:05+00:00","dateModified":"2023-09-13T12:48:13+00:00","breadcrumb":{"@id":"https:\/\/enequip.es\/es\/aviso-legal\/politica-cookies\/#breadcrumb"},"inLanguage":"es","potentialAction":[{"@type":"ReadAction","target":["https:\/\/enequip.es\/es\/aviso-legal\/politica-cookies\/"]}]},{"@type":"BreadcrumbList","@id":"https:\/\/enequip.es\/es\/aviso-legal\/politica-cookies\/#breadcrumb","itemListElement":[{"@type":"ListItem","position":1,"name":"Home","item":"https:\/\/enequip.es\/es\/"},{"@type":"ListItem","position":2,"name":"Aviso legal","item":"https:\/\/enequip.es\/es\/aviso-legal\/"},{"@type":"ListItem","position":3,"name":"Pol\u00edtica de cookies"}]},{"@type":"WebSite","@id":"https:\/\/enequip.es\/es\/#website","url":"https:\/\/enequip.es\/es\/","name":"enEquip, serveis integrals a persones i a edificis | Illes Balears","description":"Gestionam projectes per a millorar la vida de les persones i l&#039;entorn dels edifcis. Serveis socials i t\u00e8cnics a les Balears.","publisher":{"@id":"https:\/\/enequip.es\/es\/#organization"},"potentialAction":[{"@type":"SearchAction","target":{"@type":"EntryPoint","urlTemplate":"https:\/\/enequip.es\/es\/?s={search_term_string}"},"query-input":{"@type":"PropertyValueSpecification","valueRequired":true,"valueName":"search_term_string"}}],"inLanguage":"es"},{"@type":"Organization","@id":"https:\/\/enequip.es\/es\/#organization","name":"enEquip, serveis integrats a persones i a edificis","url":"https:\/\/enequip.es\/es\/","logo":{"@type":"ImageObject","inLanguage":"es","@id":"https:\/\/enequip.es\/es\/#\/schema\/logo\/image\/","url":"https:\/\/enequip.es\/wp-content\/uploads\/2019\/06\/logo_enequip_negre.png","contentUrl":"https:\/\/enequip.es\/wp-content\/uploads\/2019\/06\/logo_enequip_negre.png","width":236,"height":46,"caption":"enEquip, serveis integrats a persones i a edificis"},"image":{"@id":"https:\/\/enequip.es\/es\/#\/schema\/logo\/image\/"},"sameAs":["https:\/\/www.linkedin.com\/company\/enequip\/"]}]}},"_links":{"self":[{"href":"https:\/\/enequip.es\/es\/wp-json\/wp\/v2\/pages\/2000","targetHints":{"allow":["GET"]}}],"collection":[{"href":"https:\/\/enequip.es\/es\/wp-json\/wp\/v2\/pages"}],"about":[{"href":"https:\/\/enequip.es\/es\/wp-json\/wp\/v2\/types\/page"}],"author":[{"embeddable":true,"href":"https:\/\/enequip.es\/es\/wp-json\/wp\/v2\/users\/1"}],"replies":[{"embeddable":true,"href":"https:\/\/enequip.es\/es\/wp-json\/wp\/v2\/comments?post=2000"}],"version-history":[{"count":5,"href":"https:\/\/enequip.es\/es\/wp-json\/wp\/v2\/pages\/2000\/revisions"}],"predecessor-version":[{"id":3652,"href":"https:\/\/enequip.es\/es\/wp-json\/wp\/v2\/pages\/2000\/revisions\/3652"}],"up":[{"embeddable":true,"href":"https:\/\/enequip.es\/es\/wp-json\/wp\/v2\/pages\/1985"}],"wp:attachment":[{"href":"https:\/\/enequip.es\/es\/wp-json\/wp\/v2\/media?parent=2000"}],"curies":[{"name":"wp","href":"https:\/\/api.w.org\/{rel}","templated":true}]}}