{"id":2116,"date":"2020-09-03T20:35:42","date_gmt":"2020-09-03T18:35:42","guid":{"rendered":"https:\/\/enequip.es\/quienes-somos\/qualitat\/"},"modified":"2026-01-28T12:23:37","modified_gmt":"2026-01-28T11:23:37","slug":"calidad","status":"publish","type":"page","link":"https:\/\/enequip.es\/es\/quienes-somos\/calidad\/","title":{"rendered":"Calidad"},"content":{"rendered":"<div class=\"wpb-content-wrapper\"><p>[vc_row full_width=&#8221;stretch_row&#8221; css=&#8221;.vc_custom_1573151474415{padding-top: 50px !important;padding-bottom: 100px !important;background-image: url(https:\/\/enequip.es\/wp-content\/uploads\/2019\/11\/enEquip-fons-qui-som.png?id=1264) !important;background-position: center !important;background-repeat: no-repeat !important;background-size: cover !important;}&#8221;][vc_column]<div class=\"text-block\" ><div class=\"simple-text\"><h4 style=\"text-align: center;\"><span style=\"color: #ffffff;\">Qui\u00e9nes somos<br \/>\n<\/span><\/h4>\n<\/div><\/div><div class=\"text-block\" ><div class=\"simple-text\"><h1 style=\"text-align: center;\"><span style=\"color: #ffffff;\">Calidad<\/span><\/h1>\n<\/div><\/div>[\/vc_column][\/vc_row][vc_row full_height=&#8221;yes&#8221; equal_height=&#8221;yes&#8221; content_placement=&#8221;middle&#8221;][vc_column width=&#8221;1\/3&#8243;]<div class=\"text-block\" ><div class=\"simple-text\"><h3><span style=\"color: #8b8c8c;\">Estamos comprometidos en garantizar la calidad de nuestros servicios.<\/span><\/h3>\n<\/div><\/div><div  class=\"empty-space  marg-lg-b30\"><\/div><div class=\"text-block\" ><div class=\"simple-text\"><p>Por eso nuestra empresa dispone de un departamento de calidad donde profesionales cualificados velan por mantener los m\u00e1s elevados est\u00e1ndares de calidad y as\u00ed poder ofrecer el mejor servicio.<\/p>\n<p>&nbsp;<\/p>\n<p><a href=\"https:\/\/enequip.es\/wp-content\/uploads\/2026\/01\/DE-CERTIFICADO-ISO-9001-ENEQUIP-F25-ESP.pdf\" target=\"_blank\" rel=\"noopener noreferrer\"><img loading=\"lazy\" decoding=\"async\" class=\"alignnone size-full wp-image-2109\" src=\"https:\/\/enequip.es\/wp-content\/uploads\/2020\/09\/pdficon.png\" alt=\"\" width=\"38\" height=\"50\" \/> Certificaci\u00f3n ISO 9001:2015<\/a><br \/>\n<a href=\"https:\/\/enequip.es\/wp-content\/uploads\/2023\/06\/SPRL-039-15-2006-Enequip-Ren.-2022.pdf\" target=\"_blank\" rel=\"noopener noreferrer\"><img loading=\"lazy\" decoding=\"async\" class=\"alignnone size-full wp-image-1693\" src=\"https:\/\/enequip.es\/wp-content\/uploads\/2020\/09\/pdficon.png\" alt=\"\" width=\"38\" height=\"50\" \/> Certificaci\u00f3n ISO 45001<\/a><br \/>\n<a href=\"https:\/\/enequip.es\/wp-content\/uploads\/2025\/06\/ISO-50001-con-Anexo-Empresas-ENEQUIP.pdf\" target=\"_blank\" rel=\"noopener noreferrer\"><img loading=\"lazy\" decoding=\"async\" class=\"alignnone size-full wp-image-1693\" src=\"https:\/\/enequip.es\/wp-content\/uploads\/2020\/09\/pdficon.png\" alt=\"\" width=\"38\" height=\"50\" \/> Certificaci\u00f3n UNE-ISO 50001:2018<\/a><br \/>\n<a href=\"https:\/\/enequip.es\/wp-content\/uploads\/2026\/01\/DE-CERTIFICADO-ISO-14001-ENEQUIP-F25-ESP.pdf\" target=\"_blank\" rel=\"noopener noreferrer\"><img loading=\"lazy\" decoding=\"async\" class=\"alignnone size-full wp-image-1693\" src=\"https:\/\/enequip.es\/wp-content\/uploads\/2020\/09\/pdficon.png\" alt=\"\" width=\"38\" height=\"50\" \/> Certificaci\u00f3n ISO 14001:2015<\/a><br \/>\n<a href=\"https:\/\/enequip.es\/wp-content\/uploads\/2026\/01\/AR-2484-Enequip-Serv-Integrals-renovacion.pdf\" target=\"_blank\" rel=\"noopener noreferrer\"><img loading=\"lazy\" decoding=\"async\" class=\"alignnone size-full wp-image-1693\" src=\"https:\/\/enequip.es\/wp-content\/uploads\/2020\/09\/pdficon.png\" alt=\"\" width=\"38\" height=\"50\" \/> Certificaci\u00f3n AR-2484\/2021<\/a><br \/>\n<a href=\"https:\/\/enequip.es\/wp-content\/uploads\/2026\/01\/AERCE-Certificado-ISO20400-ENEQUIP.pdf\" target=\"_blank\" rel=\"noopener noreferrer\"><img loading=\"lazy\" decoding=\"async\" class=\"alignnone size-full wp-image-1693\" src=\"https:\/\/enequip.es\/wp-content\/uploads\/2020\/09\/pdficon.png\" alt=\"\" width=\"38\" height=\"50\" \/> Certificaci\u00f3n ISO 20400:2017<\/a><\/p>\n<\/div><\/div><div  class=\"empty-space  marg-lg-b30\"><\/div>[\/vc_column][vc_column width=&#8221;2\/3&#8243;]<div  class=\"simple-img\" align=\"right\"><img loading=\"lazy\" decoding=\"async\" class=\"img-responwsive\" src=\"https:\/\/enequip.es\/wp-content\/uploads\/2020\/09\/Qualitat.jpg\" height=\"440\" width=\"392\" alt=\"\"><div class=\"simple-img-desc\"><\/div><\/div>[\/vc_column][\/vc_row]<\/p>\n<\/div>","protected":false},"excerpt":{"rendered":"<p>[vc_row full_width=&#8221;stretch_row&#8221; css=&#8221;.vc_custom_1573151474415{padding-top: 50px !important;padding-bottom: 100px !important;background-image: url(https:\/\/enequip.es\/wp-content\/uploads\/2019\/11\/enEquip-fons-qui-som.png?id=1264) !important;background-position: center !important;background-repeat: no-repeat !important;background-size: cover !important;}&#8221;][vc_column][\/vc_column][\/vc_row][vc_row full_height=&#8221;yes&#8221; equal_height=&#8221;yes&#8221; content_placement=&#8221;middle&#8221;][vc_column width=&#8221;1\/3&#8243;][\/vc_column][vc_column width=&#8221;2\/3&#8243;][\/vc_column][\/vc_row]<\/p>\n","protected":false},"author":1,"featured_media":0,"parent":1763,"menu_order":0,"comment_status":"closed","ping_status":"closed","template":"","meta":{"footnotes":""},"class_list":["post-2116","page","type-page","status-publish","hentry"],"yoast_head":"<!-- This site is optimized with the Yoast SEO plugin v27.5 - https:\/\/yoast.com\/product\/yoast-seo-wordpress\/ -->\n<title>Calidad - enEquip, serveis integrals a persones i a edificis | Illes Balears<\/title>\n<meta name=\"description\" content=\"Calidad. Certificados que avalan el compromiso de enEquip con la excelencia en aspectos clave del entorno social y ambiental.\" \/>\n<meta name=\"robots\" content=\"index, follow, max-snippet:-1, max-image-preview:large, max-video-preview:-1\" \/>\n<link rel=\"canonical\" href=\"https:\/\/enequip.es\/es\/quienes-somos\/calidad\/\" \/>\n<meta property=\"og:locale\" content=\"es_ES\" \/>\n<meta property=\"og:type\" content=\"article\" \/>\n<meta property=\"og:title\" content=\"Calidad - enEquip, serveis integrals a persones i a edificis | Illes Balears\" \/>\n<meta property=\"og:description\" content=\"Calidad. Certificados que avalan el compromiso de enEquip con la excelencia en aspectos clave del entorno social y ambiental.\" \/>\n<meta property=\"og:url\" content=\"https:\/\/enequip.es\/es\/quienes-somos\/calidad\/\" \/>\n<meta property=\"og:site_name\" content=\"enEquip, serveis integrals a persones i a edificis | Illes Balears\" \/>\n<meta property=\"article:modified_time\" content=\"2026-01-28T11:23:37+00:00\" \/>\n<meta property=\"og:image\" content=\"https:\/\/enequip.es\/wp-content\/uploads\/2020\/09\/pdficon.png\" \/>\n\t<meta property=\"og:image:width\" content=\"38\" \/>\n\t<meta property=\"og:image:height\" content=\"50\" \/>\n\t<meta property=\"og:image:type\" content=\"image\/png\" \/>\n<meta name=\"twitter:card\" content=\"summary_large_image\" \/>\n<meta name=\"twitter:label1\" content=\"Tiempo de lectura\" \/>\n\t<meta name=\"twitter:data1\" content=\"2 minutos\" \/>\n<script type=\"application\/ld+json\" class=\"yoast-schema-graph\">{\"@context\":\"https:\\\/\\\/schema.org\",\"@graph\":[{\"@type\":\"WebPage\",\"@id\":\"https:\\\/\\\/enequip.es\\\/es\\\/quienes-somos\\\/calidad\\\/\",\"url\":\"https:\\\/\\\/enequip.es\\\/es\\\/quienes-somos\\\/calidad\\\/\",\"name\":\"Calidad - enEquip, serveis integrals a persones i a edificis | Illes Balears\",\"isPartOf\":{\"@id\":\"https:\\\/\\\/enequip.es\\\/es\\\/#website\"},\"primaryImageOfPage\":{\"@id\":\"https:\\\/\\\/enequip.es\\\/es\\\/quienes-somos\\\/calidad\\\/#primaryimage\"},\"image\":{\"@id\":\"https:\\\/\\\/enequip.es\\\/es\\\/quienes-somos\\\/calidad\\\/#primaryimage\"},\"thumbnailUrl\":\"https:\\\/\\\/enequip.es\\\/wp-content\\\/uploads\\\/2020\\\/09\\\/pdficon.png\",\"datePublished\":\"2020-09-03T18:35:42+00:00\",\"dateModified\":\"2026-01-28T11:23:37+00:00\",\"description\":\"Calidad. Certificados que avalan el compromiso de enEquip con la excelencia en aspectos clave del entorno social y ambiental.\",\"breadcrumb\":{\"@id\":\"https:\\\/\\\/enequip.es\\\/es\\\/quienes-somos\\\/calidad\\\/#breadcrumb\"},\"inLanguage\":\"es\",\"potentialAction\":[{\"@type\":\"ReadAction\",\"target\":[\"https:\\\/\\\/enequip.es\\\/es\\\/quienes-somos\\\/calidad\\\/\"]}]},{\"@type\":\"ImageObject\",\"inLanguage\":\"es\",\"@id\":\"https:\\\/\\\/enequip.es\\\/es\\\/quienes-somos\\\/calidad\\\/#primaryimage\",\"url\":\"https:\\\/\\\/enequip.es\\\/wp-content\\\/uploads\\\/2020\\\/09\\\/pdficon.png\",\"contentUrl\":\"https:\\\/\\\/enequip.es\\\/wp-content\\\/uploads\\\/2020\\\/09\\\/pdficon.png\"},{\"@type\":\"BreadcrumbList\",\"@id\":\"https:\\\/\\\/enequip.es\\\/es\\\/quienes-somos\\\/calidad\\\/#breadcrumb\",\"itemListElement\":[{\"@type\":\"ListItem\",\"position\":1,\"name\":\"Home\",\"item\":\"https:\\\/\\\/enequip.es\\\/es\\\/\"},{\"@type\":\"ListItem\",\"position\":2,\"name\":\"Qui\u00e9nes somos\",\"item\":\"https:\\\/\\\/enequip.es\\\/es\\\/quienes-somos\\\/\"},{\"@type\":\"ListItem\",\"position\":3,\"name\":\"Calidad\"}]},{\"@type\":\"WebSite\",\"@id\":\"https:\\\/\\\/enequip.es\\\/es\\\/#website\",\"url\":\"https:\\\/\\\/enequip.es\\\/es\\\/\",\"name\":\"enEquip, serveis integrals a persones i a edificis | Illes Balears\",\"description\":\"Gestionam projectes per a millorar la vida de les persones i l&#039;entorn dels edifcis. Serveis socials i t\u00e8cnics a les Balears.\",\"publisher\":{\"@id\":\"https:\\\/\\\/enequip.es\\\/es\\\/#organization\"},\"potentialAction\":[{\"@type\":\"SearchAction\",\"target\":{\"@type\":\"EntryPoint\",\"urlTemplate\":\"https:\\\/\\\/enequip.es\\\/es\\\/?s={search_term_string}\"},\"query-input\":{\"@type\":\"PropertyValueSpecification\",\"valueRequired\":true,\"valueName\":\"search_term_string\"}}],\"inLanguage\":\"es\"},{\"@type\":\"Organization\",\"@id\":\"https:\\\/\\\/enequip.es\\\/es\\\/#organization\",\"name\":\"enEquip, serveis integrats a persones i a edificis\",\"url\":\"https:\\\/\\\/enequip.es\\\/es\\\/\",\"logo\":{\"@type\":\"ImageObject\",\"inLanguage\":\"es\",\"@id\":\"https:\\\/\\\/enequip.es\\\/es\\\/#\\\/schema\\\/logo\\\/image\\\/\",\"url\":\"https:\\\/\\\/enequip.es\\\/wp-content\\\/uploads\\\/2019\\\/06\\\/logo_enequip_negre.png\",\"contentUrl\":\"https:\\\/\\\/enequip.es\\\/wp-content\\\/uploads\\\/2019\\\/06\\\/logo_enequip_negre.png\",\"width\":236,\"height\":46,\"caption\":\"enEquip, serveis integrats a persones i a edificis\"},\"image\":{\"@id\":\"https:\\\/\\\/enequip.es\\\/es\\\/#\\\/schema\\\/logo\\\/image\\\/\"},\"sameAs\":[\"https:\\\/\\\/www.linkedin.com\\\/company\\\/enequip\\\/\"]}]}<\/script>\n<!-- \/ Yoast SEO plugin. -->","yoast_head_json":{"title":"Calidad - enEquip, serveis integrals a persones i a edificis | Illes Balears","description":"Calidad. Certificados que avalan el compromiso de enEquip con la excelencia en aspectos clave del entorno social y ambiental.","robots":{"index":"index","follow":"follow","max-snippet":"max-snippet:-1","max-image-preview":"max-image-preview:large","max-video-preview":"max-video-preview:-1"},"canonical":"https:\/\/enequip.es\/es\/quienes-somos\/calidad\/","og_locale":"es_ES","og_type":"article","og_title":"Calidad - enEquip, serveis integrals a persones i a edificis | Illes Balears","og_description":"Calidad. Certificados que avalan el compromiso de enEquip con la excelencia en aspectos clave del entorno social y ambiental.","og_url":"https:\/\/enequip.es\/es\/quienes-somos\/calidad\/","og_site_name":"enEquip, serveis integrals a persones i a edificis | Illes Balears","article_modified_time":"2026-01-28T11:23:37+00:00","og_image":[{"width":38,"height":50,"url":"https:\/\/enequip.es\/wp-content\/uploads\/2020\/09\/pdficon.png","type":"image\/png"}],"twitter_card":"summary_large_image","twitter_misc":{"Tiempo de lectura":"2 minutos"},"schema":{"@context":"https:\/\/schema.org","@graph":[{"@type":"WebPage","@id":"https:\/\/enequip.es\/es\/quienes-somos\/calidad\/","url":"https:\/\/enequip.es\/es\/quienes-somos\/calidad\/","name":"Calidad - enEquip, serveis integrals a persones i a edificis | Illes Balears","isPartOf":{"@id":"https:\/\/enequip.es\/es\/#website"},"primaryImageOfPage":{"@id":"https:\/\/enequip.es\/es\/quienes-somos\/calidad\/#primaryimage"},"image":{"@id":"https:\/\/enequip.es\/es\/quienes-somos\/calidad\/#primaryimage"},"thumbnailUrl":"https:\/\/enequip.es\/wp-content\/uploads\/2020\/09\/pdficon.png","datePublished":"2020-09-03T18:35:42+00:00","dateModified":"2026-01-28T11:23:37+00:00","description":"Calidad. Certificados que avalan el compromiso de enEquip con la excelencia en aspectos clave del entorno social y ambiental.","breadcrumb":{"@id":"https:\/\/enequip.es\/es\/quienes-somos\/calidad\/#breadcrumb"},"inLanguage":"es","potentialAction":[{"@type":"ReadAction","target":["https:\/\/enequip.es\/es\/quienes-somos\/calidad\/"]}]},{"@type":"ImageObject","inLanguage":"es","@id":"https:\/\/enequip.es\/es\/quienes-somos\/calidad\/#primaryimage","url":"https:\/\/enequip.es\/wp-content\/uploads\/2020\/09\/pdficon.png","contentUrl":"https:\/\/enequip.es\/wp-content\/uploads\/2020\/09\/pdficon.png"},{"@type":"BreadcrumbList","@id":"https:\/\/enequip.es\/es\/quienes-somos\/calidad\/#breadcrumb","itemListElement":[{"@type":"ListItem","position":1,"name":"Home","item":"https:\/\/enequip.es\/es\/"},{"@type":"ListItem","position":2,"name":"Qui\u00e9nes somos","item":"https:\/\/enequip.es\/es\/quienes-somos\/"},{"@type":"ListItem","position":3,"name":"Calidad"}]},{"@type":"WebSite","@id":"https:\/\/enequip.es\/es\/#website","url":"https:\/\/enequip.es\/es\/","name":"enEquip, serveis integrals a persones i a edificis | Illes Balears","description":"Gestionam projectes per a millorar la vida de les persones i l&#039;entorn dels edifcis. Serveis socials i t\u00e8cnics a les Balears.","publisher":{"@id":"https:\/\/enequip.es\/es\/#organization"},"potentialAction":[{"@type":"SearchAction","target":{"@type":"EntryPoint","urlTemplate":"https:\/\/enequip.es\/es\/?s={search_term_string}"},"query-input":{"@type":"PropertyValueSpecification","valueRequired":true,"valueName":"search_term_string"}}],"inLanguage":"es"},{"@type":"Organization","@id":"https:\/\/enequip.es\/es\/#organization","name":"enEquip, serveis integrats a persones i a edificis","url":"https:\/\/enequip.es\/es\/","logo":{"@type":"ImageObject","inLanguage":"es","@id":"https:\/\/enequip.es\/es\/#\/schema\/logo\/image\/","url":"https:\/\/enequip.es\/wp-content\/uploads\/2019\/06\/logo_enequip_negre.png","contentUrl":"https:\/\/enequip.es\/wp-content\/uploads\/2019\/06\/logo_enequip_negre.png","width":236,"height":46,"caption":"enEquip, serveis integrats a persones i a edificis"},"image":{"@id":"https:\/\/enequip.es\/es\/#\/schema\/logo\/image\/"},"sameAs":["https:\/\/www.linkedin.com\/company\/enequip\/"]}]}},"_links":{"self":[{"href":"https:\/\/enequip.es\/es\/wp-json\/wp\/v2\/pages\/2116","targetHints":{"allow":["GET"]}}],"collection":[{"href":"https:\/\/enequip.es\/es\/wp-json\/wp\/v2\/pages"}],"about":[{"href":"https:\/\/enequip.es\/es\/wp-json\/wp\/v2\/types\/page"}],"author":[{"embeddable":true,"href":"https:\/\/enequip.es\/es\/wp-json\/wp\/v2\/users\/1"}],"replies":[{"embeddable":true,"href":"https:\/\/enequip.es\/es\/wp-json\/wp\/v2\/comments?post=2116"}],"version-history":[{"count":13,"href":"https:\/\/enequip.es\/es\/wp-json\/wp\/v2\/pages\/2116\/revisions"}],"predecessor-version":[{"id":4209,"href":"https:\/\/enequip.es\/es\/wp-json\/wp\/v2\/pages\/2116\/revisions\/4209"}],"up":[{"embeddable":true,"href":"https:\/\/enequip.es\/es\/wp-json\/wp\/v2\/pages\/1763"}],"wp:attachment":[{"href":"https:\/\/enequip.es\/es\/wp-json\/wp\/v2\/media?parent=2116"}],"curies":[{"name":"wp","href":"https:\/\/api.w.org\/{rel}","templated":true}]}}