{"id":2741,"date":"2020-10-21T14:56:09","date_gmt":"2020-10-21T12:56:09","guid":{"rendered":"https:\/\/enequip.es\/servicios-tecnicos-limpieza-especializada\/limpieza-de-centros-educativos\/"},"modified":"2025-09-25T17:11:37","modified_gmt":"2025-09-25T15:11:37","slug":"limpieza-de-centros-educativos","status":"publish","type":"page","link":"https:\/\/enequip.es\/es\/servicios-tecnicos-limpieza-especializada\/limpieza-de-centros-educativos\/","title":{"rendered":"Limpieza de centros educativos"},"content":{"rendered":"<div class=\"wpb-content-wrapper\"><p>[vc_row full_width=&#8221;stretch_row&#8221; css=&#8221;.vc_custom_1758812995567{padding-top: 50px !important;padding-bottom: 125px !important;background-image: url(https:\/\/enequip.es\/wp-content\/uploads\/2019\/11\/enEquip-fons-serveis-tecnics.jpg?id=1342) !important;background-position: center !important;background-repeat: no-repeat !important;background-size: cover !important;}&#8221;][vc_column]<div class=\"text-block\" ><div class=\"simple-text\"><h4 style=\"text-align: center;\"><span style=\"color: #ffffff;\">Servicios T\u00e9cnicos<\/span><\/h4>\n<\/div><\/div><div class=\"text-block\" ><div class=\"simple-text\"><h1 style=\"text-align: center;\"><span style=\"color: #ffffff;\">Limpieza de Centros Educativos<\/span><\/h1>\n<\/div><\/div>[\/vc_column][\/vc_row][vc_row full_height=&#8221;yes&#8221; equal_height=&#8221;yes&#8221; content_placement=&#8221;middle&#8221;][vc_column width=&#8221;2\/3&#8243;]<div  class=\"simple-img\" align=\"right\"><img loading=\"lazy\" decoding=\"async\" class=\"img-responwsive\" src=\"https:\/\/enequip.es\/wp-content\/uploads\/2025\/09\/Serveis-de-neteja-descoletes-a-les-Illes-Balears-enEquip.jpg\" height=\"440\" width=\"392\" alt=\"\"><div class=\"simple-img-desc\"><\/div><\/div>[\/vc_column][vc_column width=&#8221;1\/3&#8243;]<div class=\"text-block\" ><div class=\"simple-text\"><h3 style=\"text-align: left;\"><span style=\"color: #001f5b;\">Contribuimos a la calidad de los centros educativos<\/span><\/h3>\n<\/div><\/div><div  class=\"empty-space  marg-lg-b30\"><\/div><div class=\"text-block\" ><div class=\"simple-text\"><p>La limpieza de centros educativos forma parte de nuestra cartera de servicios. Gestionamos este servicio adapt\u00e1ndolo a la agenda de actividades y a las caracter\u00edsticas de cada centro. Se trata de un servicio crucial por el bienestar de nuestros j\u00f3venes y favorecer un ambiente saludable y productivo en las escuelas.<\/p>\n<p><strong><span style=\"color: #001f5b;\">Centros<\/span><\/strong><\/p>\n<div class=\"text-block\">\n<div class=\"simple-text\">\n<p>\u2013 IES Sa Colomina<br \/>\n\u2013 IES Sant Agust\u00ed<br \/>\n\u2013 IES Manacor<br \/>\n\u2013 IES Porto Cristo<br \/>\n\u2013 CIFP Jun\u00edper Serra<br \/>\n\u2013 Conservatori Professional Palma<br \/>\n\u2013 IES Sant Mar\u00e7al<br \/>\n\u2013 IES Pasqual Calb\u00f3 i Cald\u00e9s<\/p>\n<\/div>\n<\/div>\n<\/div><\/div><div  class=\"empty-space  marg-lg-b30\"><\/div>[\/vc_column][\/vc_row][vc_row css=&#8221;.vc_custom_1573757656758{padding-top: 50px !important;}&#8221;][vc_column width=&#8221;1\/5&#8243;]<div tabindex=\"0\" class=\"ult-new-ib ult-ib-effect-style2  ult-ib-resp  \" data-min-width=\"768\" data-max-width=\"900\" style=\"background:#001f5b;\" data-opacity=\"1\" data-hover-opacity=\"1\" ><img decoding=\"async\" class=\"ult-new-ib-img\" style=\"opacity:1;\" alt=\"enEquip-neteja-equipaments-esportius_\" src=\"https:\/\/enequip.es\/wp-content\/uploads\/2025\/07\/enEquip-neteja-equipaments-esportius_.jpg\"   \/><div id=\"interactive-banner-wrap-9513\" class=\"ult-new-ib-desc\" style=\"\"><h2 class=\"ult-new-ib-title ult-responsive\"  data-ultimate-target='#interactive-banner-wrap-9513 .ult-new-ib-title'  data-responsive-json-new='{\"font-size\":\"desktop:12px;\",\"line-height\":\"\"}'  style=\"font-weight:normal;color:#001f5b;\">Limpieza de Instalaciones Deportivas<\/h2><\/div><a class=\"ult-new-ib-link\" href=\"https:\/\/enequip.es\/es\/servicios-tecnicos-limpieza-especializada\/limpieza-de-instalaciones-deportivas\/\"  ><\/a><\/div>[\/vc_column][vc_column width=&#8221;1\/5&#8243;]<div tabindex=\"0\" class=\"ult-new-ib ult-ib-effect-style2  ult-ib-resp  \" data-min-width=\"768\" data-max-width=\"900\" style=\"background:#001f5b;\" data-opacity=\"1\" data-hover-opacity=\"1\" ><img decoding=\"async\" class=\"ult-new-ib-img\" style=\"opacity:1;\" alt=\"enEquip-neteja-sociosanitaria-hospitalaria_\" src=\"https:\/\/enequip.es\/wp-content\/uploads\/2025\/07\/enEquip-neteja-sociosanitaria-hospitalaria_.jpg\"   \/><div id=\"interactive-banner-wrap-7746\" class=\"ult-new-ib-desc\" style=\"\"><h2 class=\"ult-new-ib-title ult-responsive\"  data-ultimate-target='#interactive-banner-wrap-7746 .ult-new-ib-title'  data-responsive-json-new='{\"font-size\":\"desktop:12px;\",\"line-height\":\"\"}'  style=\"font-weight:normal;color:#001f5b;\">Limpieza Sociosanitaria y Hospitalaria<\/h2><\/div><a class=\"ult-new-ib-link\" href=\"https:\/\/enequip.es\/serveis-tecnics-neteja-especialitzada\/neteja-sociosanitaria-hospitalaria-balears\/\" title=\"Gesti\u00f3 d\u2019Escoletes\"  ><\/a><\/div>[\/vc_column][vc_column width=&#8221;1\/5&#8243;]<div tabindex=\"0\" class=\"ult-new-ib ult-ib-effect-style2  ult-ib-resp  \" data-min-width=\"768\" data-max-width=\"900\" style=\"background:#001f5b;\" data-opacity=\"1\" data-hover-opacity=\"1\" ><img decoding=\"async\" class=\"ult-new-ib-img\" style=\"opacity:1;\" alt=\"null\" src=\"https:\/\/enequip.es\/wp-content\/uploads\/2025\/09\/enEquip-neteja-edificis.jpg\"   \/><div id=\"interactive-banner-wrap-2038\" class=\"ult-new-ib-desc\" style=\"\"><h2 class=\"ult-new-ib-title ult-responsive\"  data-ultimate-target='#interactive-banner-wrap-2038 .ult-new-ib-title'  data-responsive-json-new='{\"font-size\":\"desktop:12px;\",\"line-height\":\"\"}'  style=\"font-weight:normal;color:#001f5b;\">Limpieza de Edificios<\/h2><\/div><a class=\"ult-new-ib-link\" href=\"\/serveis-tecnics-neteja-especialitzada\/neteja-edificis-illes-balears\/\" title=\"Neteja d&#039;edificis a les Balears\"  ><\/a><\/div>[\/vc_column][vc_column width=&#8221;1\/5&#8243;]<div tabindex=\"0\" class=\"ult-new-ib ult-ib-effect-style2  ult-ib-resp  \" data-min-width=\"768\" data-max-width=\"900\" style=\"background:#001f5b;\" data-opacity=\"1\" data-hover-opacity=\"1\" ><img decoding=\"async\" class=\"ult-new-ib-img\" style=\"opacity:1;\" alt=\"Serveis de neteja a hotels i espais tur\u00edstics a les Illes Balears - enEquip\" src=\"https:\/\/enequip.es\/wp-content\/uploads\/2025\/09\/Serveis-de-neteja-a-hotels-i-espais-turistics-a-les-Illes-Balears-enEquip.jpg\"   \/><div id=\"interactive-banner-wrap-4993\" class=\"ult-new-ib-desc\" style=\"\"><h2 class=\"ult-new-ib-title ult-responsive\"  data-ultimate-target='#interactive-banner-wrap-4993 .ult-new-ib-title'  data-responsive-json-new='{\"font-size\":\"desktop:12px;\",\"line-height\":\"\"}'  style=\"font-weight:normal;color:#001f5b;\">Limpieza especialitzada de Hoteles<\/h2><\/div><a class=\"ult-new-ib-link\" href=\"https:\/\/enequip.es\/serveis-tecnics-neteja-especialitzada\/serveis-neteja-especialitzada-hotels-balears\/\" title=\"Gesti\u00f3 d\u2019Escoletes\"  ><\/a><\/div>[\/vc_column][vc_column width=&#8221;1\/5&#8243;][\/vc_column][\/vc_row]<\/p>\n<\/div>","protected":false},"excerpt":{"rendered":"<p>[vc_row full_width=&#8221;stretch_row&#8221; css=&#8221;.vc_custom_1758812995567{padding-top: 50px !important;padding-bottom: 125px !important;background-image: url(https:\/\/enequip.es\/wp-content\/uploads\/2019\/11\/enEquip-fons-serveis-tecnics.jpg?id=1342) !important;background-position: center !important;background-repeat: no-repeat !important;background-size: cover !important;}&#8221;][vc_column][\/vc_column][\/vc_row][vc_row full_height=&#8221;yes&#8221; equal_height=&#8221;yes&#8221; content_placement=&#8221;middle&#8221;][vc_column width=&#8221;2\/3&#8243;][\/vc_column][vc_column width=&#8221;1\/3&#8243;][\/vc_column][\/vc_row][vc_row css=&#8221;.vc_custom_1573757656758{padding-top: 50px !important;}&#8221;][vc_column width=&#8221;1\/5&#8243;][\/vc_column][vc_column width=&#8221;1\/5&#8243;][\/vc_column][vc_column width=&#8221;1\/5&#8243;][\/vc_column][vc_column width=&#8221;1\/5&#8243;][\/vc_column][vc_column width=&#8221;1\/5&#8243;][\/vc_column][\/vc_row]<\/p>\n","protected":false},"author":1,"featured_media":4089,"parent":1950,"menu_order":0,"comment_status":"closed","ping_status":"closed","template":"","meta":{"footnotes":""},"class_list":["post-2741","page","type-page","status-publish","has-post-thumbnail","hentry"],"yoast_head":"<!-- This site is optimized with the Yoast SEO plugin v27.4 - https:\/\/yoast.com\/product\/yoast-seo-wordpress\/ -->\n<title>Servicios de limpieza a centros educativos | enEquip | Islas Baleares<\/title>\n<meta name=\"description\" content=\"Gestionamos servicios de limpieza en centros educativos de las Baleares, adapt\u00e1ndola a las caracter\u00edsticas y agenda de cada centro.\" \/>\n<meta name=\"robots\" content=\"index, follow, max-snippet:-1, max-image-preview:large, max-video-preview:-1\" \/>\n<link rel=\"canonical\" href=\"https:\/\/enequip.es\/es\/servicios-tecnicos-limpieza-especializada\/limpieza-de-centros-educativos\/\" \/>\n<meta property=\"og:locale\" content=\"es_ES\" \/>\n<meta property=\"og:type\" content=\"article\" \/>\n<meta property=\"og:title\" content=\"Servicios de limpieza a centros educativos | enEquip | Islas Baleares\" \/>\n<meta property=\"og:description\" content=\"Gestionamos servicios de limpieza en centros educativos de las Baleares, adapt\u00e1ndola a las caracter\u00edsticas y agenda de cada centro.\" \/>\n<meta property=\"og:url\" content=\"https:\/\/enequip.es\/es\/servicios-tecnicos-limpieza-especializada\/limpieza-de-centros-educativos\/\" \/>\n<meta property=\"og:site_name\" content=\"enEquip, serveis integrals a persones i a edificis | Illes Balears\" \/>\n<meta property=\"article:modified_time\" content=\"2025-09-25T15:11:37+00:00\" \/>\n<meta property=\"og:image\" content=\"https:\/\/enequip.es\/wp-content\/uploads\/2025\/09\/Serveis-de-neteja-descoletes-a-les-Illes-Balears-enEquip.jpg\" \/>\n\t<meta property=\"og:image:width\" content=\"1250\" \/>\n\t<meta property=\"og:image:height\" content=\"830\" \/>\n\t<meta property=\"og:image:type\" content=\"image\/jpeg\" \/>\n<meta name=\"twitter:card\" content=\"summary_large_image\" \/>\n<meta name=\"twitter:label1\" content=\"Tiempo de lectura\" \/>\n\t<meta name=\"twitter:data1\" content=\"2 minutos\" \/>\n<script type=\"application\/ld+json\" class=\"yoast-schema-graph\">{\"@context\":\"https:\\\/\\\/schema.org\",\"@graph\":[{\"@type\":\"WebPage\",\"@id\":\"https:\\\/\\\/enequip.es\\\/es\\\/servicios-tecnicos-limpieza-especializada\\\/limpieza-de-centros-educativos\\\/\",\"url\":\"https:\\\/\\\/enequip.es\\\/es\\\/servicios-tecnicos-limpieza-especializada\\\/limpieza-de-centros-educativos\\\/\",\"name\":\"Servicios de limpieza a centros educativos | enEquip | Islas Baleares\",\"isPartOf\":{\"@id\":\"https:\\\/\\\/enequip.es\\\/es\\\/#website\"},\"primaryImageOfPage\":{\"@id\":\"https:\\\/\\\/enequip.es\\\/es\\\/servicios-tecnicos-limpieza-especializada\\\/limpieza-de-centros-educativos\\\/#primaryimage\"},\"image\":{\"@id\":\"https:\\\/\\\/enequip.es\\\/es\\\/servicios-tecnicos-limpieza-especializada\\\/limpieza-de-centros-educativos\\\/#primaryimage\"},\"thumbnailUrl\":\"https:\\\/\\\/enequip.es\\\/wp-content\\\/uploads\\\/2025\\\/09\\\/Serveis-de-neteja-descoletes-a-les-Illes-Balears-enEquip.jpg\",\"datePublished\":\"2020-10-21T12:56:09+00:00\",\"dateModified\":\"2025-09-25T15:11:37+00:00\",\"description\":\"Gestionamos servicios de limpieza en centros educativos de las Baleares, adapt\u00e1ndola a las caracter\u00edsticas y agenda de cada centro.\",\"breadcrumb\":{\"@id\":\"https:\\\/\\\/enequip.es\\\/es\\\/servicios-tecnicos-limpieza-especializada\\\/limpieza-de-centros-educativos\\\/#breadcrumb\"},\"inLanguage\":\"es\",\"potentialAction\":[{\"@type\":\"ReadAction\",\"target\":[\"https:\\\/\\\/enequip.es\\\/es\\\/servicios-tecnicos-limpieza-especializada\\\/limpieza-de-centros-educativos\\\/\"]}]},{\"@type\":\"ImageObject\",\"inLanguage\":\"es\",\"@id\":\"https:\\\/\\\/enequip.es\\\/es\\\/servicios-tecnicos-limpieza-especializada\\\/limpieza-de-centros-educativos\\\/#primaryimage\",\"url\":\"https:\\\/\\\/enequip.es\\\/wp-content\\\/uploads\\\/2025\\\/09\\\/Serveis-de-neteja-descoletes-a-les-Illes-Balears-enEquip.jpg\",\"contentUrl\":\"https:\\\/\\\/enequip.es\\\/wp-content\\\/uploads\\\/2025\\\/09\\\/Serveis-de-neteja-descoletes-a-les-Illes-Balears-enEquip.jpg\",\"width\":1250,\"height\":830,\"caption\":\"Serveis de neteja d'escoletes a les Illes Balears - enEquip\"},{\"@type\":\"BreadcrumbList\",\"@id\":\"https:\\\/\\\/enequip.es\\\/es\\\/servicios-tecnicos-limpieza-especializada\\\/limpieza-de-centros-educativos\\\/#breadcrumb\",\"itemListElement\":[{\"@type\":\"ListItem\",\"position\":1,\"name\":\"Home\",\"item\":\"https:\\\/\\\/enequip.es\\\/es\\\/\"},{\"@type\":\"ListItem\",\"position\":2,\"name\":\"Servicios T\u00e9cnicos &#8211; Limpieza Especializada\",\"item\":\"https:\\\/\\\/enequip.es\\\/es\\\/servicios-tecnicos-limpieza-especializada\\\/\"},{\"@type\":\"ListItem\",\"position\":3,\"name\":\"Limpieza de centros educativos\"}]},{\"@type\":\"WebSite\",\"@id\":\"https:\\\/\\\/enequip.es\\\/es\\\/#website\",\"url\":\"https:\\\/\\\/enequip.es\\\/es\\\/\",\"name\":\"enEquip, serveis integrals a persones i a edificis | Illes Balears\",\"description\":\"Gestionam projectes per a millorar la vida de les persones i l&#039;entorn dels edifcis. Serveis socials i t\u00e8cnics a les Balears.\",\"publisher\":{\"@id\":\"https:\\\/\\\/enequip.es\\\/es\\\/#organization\"},\"potentialAction\":[{\"@type\":\"SearchAction\",\"target\":{\"@type\":\"EntryPoint\",\"urlTemplate\":\"https:\\\/\\\/enequip.es\\\/es\\\/?s={search_term_string}\"},\"query-input\":{\"@type\":\"PropertyValueSpecification\",\"valueRequired\":true,\"valueName\":\"search_term_string\"}}],\"inLanguage\":\"es\"},{\"@type\":\"Organization\",\"@id\":\"https:\\\/\\\/enequip.es\\\/es\\\/#organization\",\"name\":\"enEquip, serveis integrats a persones i a edificis\",\"url\":\"https:\\\/\\\/enequip.es\\\/es\\\/\",\"logo\":{\"@type\":\"ImageObject\",\"inLanguage\":\"es\",\"@id\":\"https:\\\/\\\/enequip.es\\\/es\\\/#\\\/schema\\\/logo\\\/image\\\/\",\"url\":\"https:\\\/\\\/enequip.es\\\/wp-content\\\/uploads\\\/2019\\\/06\\\/logo_enequip_negre.png\",\"contentUrl\":\"https:\\\/\\\/enequip.es\\\/wp-content\\\/uploads\\\/2019\\\/06\\\/logo_enequip_negre.png\",\"width\":236,\"height\":46,\"caption\":\"enEquip, serveis integrats a persones i a edificis\"},\"image\":{\"@id\":\"https:\\\/\\\/enequip.es\\\/es\\\/#\\\/schema\\\/logo\\\/image\\\/\"},\"sameAs\":[\"https:\\\/\\\/www.linkedin.com\\\/company\\\/enequip\\\/\"]}]}<\/script>\n<!-- \/ Yoast SEO plugin. -->","yoast_head_json":{"title":"Servicios de limpieza a centros educativos | enEquip | Islas Baleares","description":"Gestionamos servicios de limpieza en centros educativos de las Baleares, adapt\u00e1ndola a las caracter\u00edsticas y agenda de cada centro.","robots":{"index":"index","follow":"follow","max-snippet":"max-snippet:-1","max-image-preview":"max-image-preview:large","max-video-preview":"max-video-preview:-1"},"canonical":"https:\/\/enequip.es\/es\/servicios-tecnicos-limpieza-especializada\/limpieza-de-centros-educativos\/","og_locale":"es_ES","og_type":"article","og_title":"Servicios de limpieza a centros educativos | enEquip | Islas Baleares","og_description":"Gestionamos servicios de limpieza en centros educativos de las Baleares, adapt\u00e1ndola a las caracter\u00edsticas y agenda de cada centro.","og_url":"https:\/\/enequip.es\/es\/servicios-tecnicos-limpieza-especializada\/limpieza-de-centros-educativos\/","og_site_name":"enEquip, serveis integrals a persones i a edificis | Illes Balears","article_modified_time":"2025-09-25T15:11:37+00:00","og_image":[{"width":1250,"height":830,"url":"https:\/\/enequip.es\/wp-content\/uploads\/2025\/09\/Serveis-de-neteja-descoletes-a-les-Illes-Balears-enEquip.jpg","type":"image\/jpeg"}],"twitter_card":"summary_large_image","twitter_misc":{"Tiempo de lectura":"2 minutos"},"schema":{"@context":"https:\/\/schema.org","@graph":[{"@type":"WebPage","@id":"https:\/\/enequip.es\/es\/servicios-tecnicos-limpieza-especializada\/limpieza-de-centros-educativos\/","url":"https:\/\/enequip.es\/es\/servicios-tecnicos-limpieza-especializada\/limpieza-de-centros-educativos\/","name":"Servicios de limpieza a centros educativos | enEquip | Islas Baleares","isPartOf":{"@id":"https:\/\/enequip.es\/es\/#website"},"primaryImageOfPage":{"@id":"https:\/\/enequip.es\/es\/servicios-tecnicos-limpieza-especializada\/limpieza-de-centros-educativos\/#primaryimage"},"image":{"@id":"https:\/\/enequip.es\/es\/servicios-tecnicos-limpieza-especializada\/limpieza-de-centros-educativos\/#primaryimage"},"thumbnailUrl":"https:\/\/enequip.es\/wp-content\/uploads\/2025\/09\/Serveis-de-neteja-descoletes-a-les-Illes-Balears-enEquip.jpg","datePublished":"2020-10-21T12:56:09+00:00","dateModified":"2025-09-25T15:11:37+00:00","description":"Gestionamos servicios de limpieza en centros educativos de las Baleares, adapt\u00e1ndola a las caracter\u00edsticas y agenda de cada centro.","breadcrumb":{"@id":"https:\/\/enequip.es\/es\/servicios-tecnicos-limpieza-especializada\/limpieza-de-centros-educativos\/#breadcrumb"},"inLanguage":"es","potentialAction":[{"@type":"ReadAction","target":["https:\/\/enequip.es\/es\/servicios-tecnicos-limpieza-especializada\/limpieza-de-centros-educativos\/"]}]},{"@type":"ImageObject","inLanguage":"es","@id":"https:\/\/enequip.es\/es\/servicios-tecnicos-limpieza-especializada\/limpieza-de-centros-educativos\/#primaryimage","url":"https:\/\/enequip.es\/wp-content\/uploads\/2025\/09\/Serveis-de-neteja-descoletes-a-les-Illes-Balears-enEquip.jpg","contentUrl":"https:\/\/enequip.es\/wp-content\/uploads\/2025\/09\/Serveis-de-neteja-descoletes-a-les-Illes-Balears-enEquip.jpg","width":1250,"height":830,"caption":"Serveis de neteja d'escoletes a les Illes Balears - enEquip"},{"@type":"BreadcrumbList","@id":"https:\/\/enequip.es\/es\/servicios-tecnicos-limpieza-especializada\/limpieza-de-centros-educativos\/#breadcrumb","itemListElement":[{"@type":"ListItem","position":1,"name":"Home","item":"https:\/\/enequip.es\/es\/"},{"@type":"ListItem","position":2,"name":"Servicios T\u00e9cnicos &#8211; Limpieza Especializada","item":"https:\/\/enequip.es\/es\/servicios-tecnicos-limpieza-especializada\/"},{"@type":"ListItem","position":3,"name":"Limpieza de centros educativos"}]},{"@type":"WebSite","@id":"https:\/\/enequip.es\/es\/#website","url":"https:\/\/enequip.es\/es\/","name":"enEquip, serveis integrals a persones i a edificis | Illes Balears","description":"Gestionam projectes per a millorar la vida de les persones i l&#039;entorn dels edifcis. Serveis socials i t\u00e8cnics a les Balears.","publisher":{"@id":"https:\/\/enequip.es\/es\/#organization"},"potentialAction":[{"@type":"SearchAction","target":{"@type":"EntryPoint","urlTemplate":"https:\/\/enequip.es\/es\/?s={search_term_string}"},"query-input":{"@type":"PropertyValueSpecification","valueRequired":true,"valueName":"search_term_string"}}],"inLanguage":"es"},{"@type":"Organization","@id":"https:\/\/enequip.es\/es\/#organization","name":"enEquip, serveis integrats a persones i a edificis","url":"https:\/\/enequip.es\/es\/","logo":{"@type":"ImageObject","inLanguage":"es","@id":"https:\/\/enequip.es\/es\/#\/schema\/logo\/image\/","url":"https:\/\/enequip.es\/wp-content\/uploads\/2019\/06\/logo_enequip_negre.png","contentUrl":"https:\/\/enequip.es\/wp-content\/uploads\/2019\/06\/logo_enequip_negre.png","width":236,"height":46,"caption":"enEquip, serveis integrats a persones i a edificis"},"image":{"@id":"https:\/\/enequip.es\/es\/#\/schema\/logo\/image\/"},"sameAs":["https:\/\/www.linkedin.com\/company\/enequip\/"]}]}},"_links":{"self":[{"href":"https:\/\/enequip.es\/es\/wp-json\/wp\/v2\/pages\/2741","targetHints":{"allow":["GET"]}}],"collection":[{"href":"https:\/\/enequip.es\/es\/wp-json\/wp\/v2\/pages"}],"about":[{"href":"https:\/\/enequip.es\/es\/wp-json\/wp\/v2\/types\/page"}],"author":[{"embeddable":true,"href":"https:\/\/enequip.es\/es\/wp-json\/wp\/v2\/users\/1"}],"replies":[{"embeddable":true,"href":"https:\/\/enequip.es\/es\/wp-json\/wp\/v2\/comments?post=2741"}],"version-history":[{"count":17,"href":"https:\/\/enequip.es\/es\/wp-json\/wp\/v2\/pages\/2741\/revisions"}],"predecessor-version":[{"id":4183,"href":"https:\/\/enequip.es\/es\/wp-json\/wp\/v2\/pages\/2741\/revisions\/4183"}],"up":[{"embeddable":true,"href":"https:\/\/enequip.es\/es\/wp-json\/wp\/v2\/pages\/1950"}],"wp:featuredmedia":[{"embeddable":true,"href":"https:\/\/enequip.es\/es\/wp-json\/wp\/v2\/media\/4089"}],"wp:attachment":[{"href":"https:\/\/enequip.es\/es\/wp-json\/wp\/v2\/media?parent=2741"}],"curies":[{"name":"wp","href":"https:\/\/api.w.org\/{rel}","templated":true}]}}