{"id":3589,"date":"2022-11-28T16:26:02","date_gmt":"2022-11-28T15:26:02","guid":{"rendered":"https:\/\/enequip.es\/?page_id=3589"},"modified":"2025-02-04T12:54:49","modified_gmt":"2025-02-04T11:54:49","slug":"declaracion-igualdad-responsabilidad-social","status":"publish","type":"page","link":"https:\/\/enequip.es\/es\/aviso-legal\/declaracion-igualdad-responsabilidad-social\/","title":{"rendered":"Declaraci\u00f3n de igualdad y responsabilidad social"},"content":{"rendered":"<div class=\"wpb-content-wrapper\"><p>[vc_row css=&#8221;.vc_custom_1669655834178{padding-top: 50px !important;padding-bottom: 100px !important;background-image: url(https:\/\/enequip.es\/wp-content\/uploads\/2019\/11\/enEquip-fons-qui-som.png?id=1771) !important;background-position: center !important;background-repeat: no-repeat !important;background-size: cover !important;}&#8221;][vc_column]<div class=\"text-block\" ><div class=\"simple-text\"><h4 style=\"text-align: center;\"><span style=\"color: #ffffff;\">enEquip<\/span><\/h4>\n<\/div><\/div><div class=\"text-block\" ><div class=\"simple-text\"><h1 style=\"text-align: center;\"><span style=\"color: #ffffff;\">Declaraci\u00f3n de Igualdad y Responsabilidad Social<\/span><\/h1>\n<\/div><\/div>[\/vc_column][\/vc_row][vc_row][vc_column]<div class=\"text-block\" ><div class=\"simple-text\"><p>Consciente de que la gesti\u00f3n empresarial tiene que estar en consonancia con las necesidades y demandas de la sociedad, <b>enEquip<\/b> declara su compromiso con la <b>igualdad efectiva entre mujeres y hombres<\/b> en el seno de la empresa y la aplicaci\u00f3n efectiva de pol\u00edticas para la consecuci\u00f3n de este principio, dentro de los t\u00e9rminos previstos en la <b>Ley Org\u00e1nica 3\/2007<\/b>.<\/p>\n<p>En todos y cada uno de los \u00e1mbitos de la empresa -desde las condiciones de trabajo, los servicios prestados o la comunicaci\u00f3n \u2013 <b>enEquip<\/b> asume la igualdad de trato y oportunidades sin discriminar directa o indirectamente por raz\u00f3n de sexo.<\/p>\n<p>Los principios enunciados se llevan a la pr\u00e1ctica a trav\u00e9s de la elaboraci\u00f3n y aplicaci\u00f3n de un <b>Plan de Igualdad en la Empresa<\/b> y de otras medidas como el establecimiento de protocolos de prevenci\u00f3n y actuaci\u00f3n para casos de acoso laboral y sexual.<\/p>\n<p>Dentro de su proyecto social, <b>enEquip<\/b> tambi\u00e9n trabaja por la integraci\u00f3n laboral en su plantilla de mujeres v\u00edctimas de violencia de g\u00e9nero.<\/p>\n<p>Somos rigurosos con la legislaci\u00f3n vigente y extendemos ese compromiso por medio de una exigencia de certificaci\u00f3n en RSE, la <b>Norma IQ NET SR 10<\/b>. Esta certificaci\u00f3n implica el cumplimiento y compromiso con los requerimientos de la norma en materia de Rendici\u00f3n de cuentas, transparencia, comportamiento \u00e9tico, respeto a los grupos de inter\u00e9s, respeto al principio de legalidad, respeto a la normativa internacional de cumplimiento y respeto a los derechos humanos. Si desea ampliar informaci\u00f3n, puede consultar nuestra <b><a href=\"https:\/\/enequip.es\/wp-content\/uploads\/2022\/06\/Declaracion-RSC-SR-10-enEquip.pdf\" target=\"_blank\" rel=\"noopener\">Pol\u00edtica de Responsabilidad Social<\/a><\/b> y el <b><a href=\"https:\/\/enequip.es\/wp-content\/uploads\/2025\/02\/P-02-MATERIALIDAD-ENE25-V07.pdf\" target=\"_blank\" rel=\"noopener\">an\u00e1lisis de materialidad<\/a><\/b>.<\/p>\n<p>Igualmente, <b>enEquip<\/b> se compromete con las personas que forman parte de la organizaci\u00f3n, por medio de la Norma EFR, a ofrecer <b>medidas de conciliaci\u00f3n<\/b> adecuadas a su cultura y marco de negocio, entendiendo como tal la suficiente flexibilidad atendida por la empresa para cubrir las necesidades personales y familiares de sus colaboradores, en consonancia y equilibrio con los objetivos de la compa\u00f1\u00eda.<\/p>\n<p>La direcci\u00f3n y todos los empleados asumen el compromiso contenido en esta declaraci\u00f3n.<\/p>\n<\/div><\/div>[\/vc_column][\/vc_row]<\/p>\n<\/div>","protected":false},"excerpt":{"rendered":"<p>[vc_row css=&#8221;.vc_custom_1669655834178{padding-top: 50px !important;padding-bottom: 100px !important;background-image: url(https:\/\/enequip.es\/wp-content\/uploads\/2019\/11\/enEquip-fons-qui-som.png?id=1771) !important;background-position: center !important;background-repeat: no-repeat !important;background-size: cover !important;}&#8221;][vc_column][\/vc_column][\/vc_row][vc_row][vc_column][\/vc_column][\/vc_row]<\/p>\n","protected":false},"author":1,"featured_media":0,"parent":1985,"menu_order":0,"comment_status":"closed","ping_status":"open","template":"","meta":{"footnotes":""},"class_list":["post-3589","page","type-page","status-publish","hentry"],"yoast_head":"<!-- This site is optimized with the Yoast SEO plugin v27.4 - https:\/\/yoast.com\/product\/yoast-seo-wordpress\/ -->\n<title>Declaraci\u00f3n de igualdad y responsabilidad social<\/title>\n<meta name=\"description\" content=\"Declaraci\u00f3n de igualdad y responsabilidad social de enEquip, relativa a igualdad de trato entre hombres y mujeres\" \/>\n<meta name=\"robots\" content=\"index, follow, max-snippet:-1, max-image-preview:large, max-video-preview:-1\" \/>\n<link rel=\"canonical\" href=\"https:\/\/enequip.es\/es\/aviso-legal\/declaracion-igualdad-responsabilidad-social\/\" \/>\n<meta property=\"og:locale\" content=\"es_ES\" \/>\n<meta property=\"og:type\" content=\"article\" \/>\n<meta property=\"og:title\" content=\"Declaraci\u00f3n de igualdad y responsabilidad social\" \/>\n<meta property=\"og:description\" content=\"Declaraci\u00f3n de igualdad y responsabilidad social de enEquip, relativa a igualdad de trato entre hombres y mujeres\" \/>\n<meta property=\"og:url\" content=\"https:\/\/enequip.es\/es\/aviso-legal\/declaracion-igualdad-responsabilidad-social\/\" \/>\n<meta property=\"og:site_name\" content=\"enEquip, serveis integrals a persones i a edificis | Illes Balears\" \/>\n<meta property=\"article:modified_time\" content=\"2025-02-04T11:54:49+00:00\" \/>\n<meta name=\"twitter:card\" content=\"summary_large_image\" \/>\n<meta name=\"twitter:label1\" content=\"Tiempo de lectura\" \/>\n\t<meta name=\"twitter:data1\" content=\"2 minutos\" \/>\n<script type=\"application\/ld+json\" class=\"yoast-schema-graph\">{\"@context\":\"https:\\\/\\\/schema.org\",\"@graph\":[{\"@type\":\"WebPage\",\"@id\":\"https:\\\/\\\/enequip.es\\\/es\\\/aviso-legal\\\/declaracion-igualdad-responsabilidad-social\\\/\",\"url\":\"https:\\\/\\\/enequip.es\\\/es\\\/aviso-legal\\\/declaracion-igualdad-responsabilidad-social\\\/\",\"name\":\"Declaraci\u00f3n de igualdad y responsabilidad social\",\"isPartOf\":{\"@id\":\"https:\\\/\\\/enequip.es\\\/es\\\/#website\"},\"datePublished\":\"2022-11-28T15:26:02+00:00\",\"dateModified\":\"2025-02-04T11:54:49+00:00\",\"description\":\"Declaraci\u00f3n de igualdad y responsabilidad social de enEquip, relativa a igualdad de trato entre hombres y mujeres\",\"breadcrumb\":{\"@id\":\"https:\\\/\\\/enequip.es\\\/es\\\/aviso-legal\\\/declaracion-igualdad-responsabilidad-social\\\/#breadcrumb\"},\"inLanguage\":\"es\",\"potentialAction\":[{\"@type\":\"ReadAction\",\"target\":[\"https:\\\/\\\/enequip.es\\\/es\\\/aviso-legal\\\/declaracion-igualdad-responsabilidad-social\\\/\"]}]},{\"@type\":\"BreadcrumbList\",\"@id\":\"https:\\\/\\\/enequip.es\\\/es\\\/aviso-legal\\\/declaracion-igualdad-responsabilidad-social\\\/#breadcrumb\",\"itemListElement\":[{\"@type\":\"ListItem\",\"position\":1,\"name\":\"Home\",\"item\":\"https:\\\/\\\/enequip.es\\\/es\\\/\"},{\"@type\":\"ListItem\",\"position\":2,\"name\":\"Aviso legal\",\"item\":\"https:\\\/\\\/enequip.es\\\/es\\\/aviso-legal\\\/\"},{\"@type\":\"ListItem\",\"position\":3,\"name\":\"Declaraci\u00f3n de igualdad y responsabilidad social\"}]},{\"@type\":\"WebSite\",\"@id\":\"https:\\\/\\\/enequip.es\\\/es\\\/#website\",\"url\":\"https:\\\/\\\/enequip.es\\\/es\\\/\",\"name\":\"enEquip, serveis integrals a persones i a edificis | Illes Balears\",\"description\":\"Gestionam projectes per a millorar la vida de les persones i l&#039;entorn dels edifcis. Serveis socials i t\u00e8cnics a les Balears.\",\"publisher\":{\"@id\":\"https:\\\/\\\/enequip.es\\\/es\\\/#organization\"},\"potentialAction\":[{\"@type\":\"SearchAction\",\"target\":{\"@type\":\"EntryPoint\",\"urlTemplate\":\"https:\\\/\\\/enequip.es\\\/es\\\/?s={search_term_string}\"},\"query-input\":{\"@type\":\"PropertyValueSpecification\",\"valueRequired\":true,\"valueName\":\"search_term_string\"}}],\"inLanguage\":\"es\"},{\"@type\":\"Organization\",\"@id\":\"https:\\\/\\\/enequip.es\\\/es\\\/#organization\",\"name\":\"enEquip, serveis integrats a persones i a edificis\",\"url\":\"https:\\\/\\\/enequip.es\\\/es\\\/\",\"logo\":{\"@type\":\"ImageObject\",\"inLanguage\":\"es\",\"@id\":\"https:\\\/\\\/enequip.es\\\/es\\\/#\\\/schema\\\/logo\\\/image\\\/\",\"url\":\"https:\\\/\\\/enequip.es\\\/wp-content\\\/uploads\\\/2019\\\/06\\\/logo_enequip_negre.png\",\"contentUrl\":\"https:\\\/\\\/enequip.es\\\/wp-content\\\/uploads\\\/2019\\\/06\\\/logo_enequip_negre.png\",\"width\":236,\"height\":46,\"caption\":\"enEquip, serveis integrats a persones i a edificis\"},\"image\":{\"@id\":\"https:\\\/\\\/enequip.es\\\/es\\\/#\\\/schema\\\/logo\\\/image\\\/\"},\"sameAs\":[\"https:\\\/\\\/www.linkedin.com\\\/company\\\/enequip\\\/\"]}]}<\/script>\n<!-- \/ Yoast SEO plugin. -->","yoast_head_json":{"title":"Declaraci\u00f3n de igualdad y responsabilidad social","description":"Declaraci\u00f3n de igualdad y responsabilidad social de enEquip, relativa a igualdad de trato entre hombres y mujeres","robots":{"index":"index","follow":"follow","max-snippet":"max-snippet:-1","max-image-preview":"max-image-preview:large","max-video-preview":"max-video-preview:-1"},"canonical":"https:\/\/enequip.es\/es\/aviso-legal\/declaracion-igualdad-responsabilidad-social\/","og_locale":"es_ES","og_type":"article","og_title":"Declaraci\u00f3n de igualdad y responsabilidad social","og_description":"Declaraci\u00f3n de igualdad y responsabilidad social de enEquip, relativa a igualdad de trato entre hombres y mujeres","og_url":"https:\/\/enequip.es\/es\/aviso-legal\/declaracion-igualdad-responsabilidad-social\/","og_site_name":"enEquip, serveis integrals a persones i a edificis | Illes Balears","article_modified_time":"2025-02-04T11:54:49+00:00","twitter_card":"summary_large_image","twitter_misc":{"Tiempo de lectura":"2 minutos"},"schema":{"@context":"https:\/\/schema.org","@graph":[{"@type":"WebPage","@id":"https:\/\/enequip.es\/es\/aviso-legal\/declaracion-igualdad-responsabilidad-social\/","url":"https:\/\/enequip.es\/es\/aviso-legal\/declaracion-igualdad-responsabilidad-social\/","name":"Declaraci\u00f3n de igualdad y responsabilidad social","isPartOf":{"@id":"https:\/\/enequip.es\/es\/#website"},"datePublished":"2022-11-28T15:26:02+00:00","dateModified":"2025-02-04T11:54:49+00:00","description":"Declaraci\u00f3n de igualdad y responsabilidad social de enEquip, relativa a igualdad de trato entre hombres y mujeres","breadcrumb":{"@id":"https:\/\/enequip.es\/es\/aviso-legal\/declaracion-igualdad-responsabilidad-social\/#breadcrumb"},"inLanguage":"es","potentialAction":[{"@type":"ReadAction","target":["https:\/\/enequip.es\/es\/aviso-legal\/declaracion-igualdad-responsabilidad-social\/"]}]},{"@type":"BreadcrumbList","@id":"https:\/\/enequip.es\/es\/aviso-legal\/declaracion-igualdad-responsabilidad-social\/#breadcrumb","itemListElement":[{"@type":"ListItem","position":1,"name":"Home","item":"https:\/\/enequip.es\/es\/"},{"@type":"ListItem","position":2,"name":"Aviso legal","item":"https:\/\/enequip.es\/es\/aviso-legal\/"},{"@type":"ListItem","position":3,"name":"Declaraci\u00f3n de igualdad y responsabilidad social"}]},{"@type":"WebSite","@id":"https:\/\/enequip.es\/es\/#website","url":"https:\/\/enequip.es\/es\/","name":"enEquip, serveis integrals a persones i a edificis | Illes Balears","description":"Gestionam projectes per a millorar la vida de les persones i l&#039;entorn dels edifcis. Serveis socials i t\u00e8cnics a les Balears.","publisher":{"@id":"https:\/\/enequip.es\/es\/#organization"},"potentialAction":[{"@type":"SearchAction","target":{"@type":"EntryPoint","urlTemplate":"https:\/\/enequip.es\/es\/?s={search_term_string}"},"query-input":{"@type":"PropertyValueSpecification","valueRequired":true,"valueName":"search_term_string"}}],"inLanguage":"es"},{"@type":"Organization","@id":"https:\/\/enequip.es\/es\/#organization","name":"enEquip, serveis integrats a persones i a edificis","url":"https:\/\/enequip.es\/es\/","logo":{"@type":"ImageObject","inLanguage":"es","@id":"https:\/\/enequip.es\/es\/#\/schema\/logo\/image\/","url":"https:\/\/enequip.es\/wp-content\/uploads\/2019\/06\/logo_enequip_negre.png","contentUrl":"https:\/\/enequip.es\/wp-content\/uploads\/2019\/06\/logo_enequip_negre.png","width":236,"height":46,"caption":"enEquip, serveis integrats a persones i a edificis"},"image":{"@id":"https:\/\/enequip.es\/es\/#\/schema\/logo\/image\/"},"sameAs":["https:\/\/www.linkedin.com\/company\/enequip\/"]}]}},"_links":{"self":[{"href":"https:\/\/enequip.es\/es\/wp-json\/wp\/v2\/pages\/3589","targetHints":{"allow":["GET"]}}],"collection":[{"href":"https:\/\/enequip.es\/es\/wp-json\/wp\/v2\/pages"}],"about":[{"href":"https:\/\/enequip.es\/es\/wp-json\/wp\/v2\/types\/page"}],"author":[{"embeddable":true,"href":"https:\/\/enequip.es\/es\/wp-json\/wp\/v2\/users\/1"}],"replies":[{"embeddable":true,"href":"https:\/\/enequip.es\/es\/wp-json\/wp\/v2\/comments?post=3589"}],"version-history":[{"count":9,"href":"https:\/\/enequip.es\/es\/wp-json\/wp\/v2\/pages\/3589\/revisions"}],"predecessor-version":[{"id":3958,"href":"https:\/\/enequip.es\/es\/wp-json\/wp\/v2\/pages\/3589\/revisions\/3958"}],"up":[{"embeddable":true,"href":"https:\/\/enequip.es\/es\/wp-json\/wp\/v2\/pages\/1985"}],"wp:attachment":[{"href":"https:\/\/enequip.es\/es\/wp-json\/wp\/v2\/media?parent=3589"}],"curies":[{"name":"wp","href":"https:\/\/api.w.org\/{rel}","templated":true}]}}